{"id":3071,"date":"2025-12-18T08:10:34","date_gmt":"2025-12-18T07:10:34","guid":{"rendered":"https:\/\/brandschutz-service.berlin\/?post_type=product&#038;p=3071"},"modified":"2025-12-18T08:24:38","modified_gmt":"2025-12-18T07:24:38","slug":"bavaria-magnum-purenature-sk-6","status":"publish","type":"product","link":"https:\/\/brandschutz-service.berlin\/de\/produkt\/bavaria-magnum-purenature-sk-6\/","title":{"rendered":"Bavaria Magnum PureNature SK 6"},"content":{"rendered":"","protected":false},"excerpt":{"rendered":"<p>BAVARIA Magnum PureNature SK 6 ist ein fluorfreier Universal Hochleistungs Schauml\u00f6scher, ohne Zusatz von Fluortensiden.<\/p>\n<ul>\n<li>Alle Varianten der Magnum-Serie sind baugleich, dadurch verringern sich die vorzuhaltenden Ersatzteile in erheblichem Ma\u00df.<\/li>\n<li>Durch das einheitliche Bedienkonzept hat der Anwender im Brandfall einen gro\u00dfen Zeitvorteil.<\/li>\n<li>Spezielle BAVARIA-Klippkartusche (fluorfrei) garantiert sehr hohe L\u00f6schleistung. Die Kartusche hat beim 6 ltr. Feuerl\u00f6scher 90 ml F\u00fcllung.<\/li>\n<li>Unterbrechung des L\u00f6schstrahls und sto\u00dfweiser Einsatz m\u00f6glich.<\/li>\n<li>Hochwertiger Wandhalter zur Befestigung. Serienm\u00e4\u00dfiger Fu\u00dfring.<\/li>\n<li>Schlagarmatur als sichere und einfache Ausl\u00f6seeinrichtung.<\/li>\n<li>Ventil aus hochwertigem, glasfaserverst\u00e4rkten Kunststoff mit Alu-\u00dcberwurfmutter, schwarz beschichtet.<\/li>\n<li>Hochwertiger EPDM-Schlauch mit Gewebeeinlage und drehbarer, leicht bedienbarer L\u00f6schpistole und Schaumd\u00fcse.<\/li>\n<li>Durch Polyesterbeschichtung des Beh\u00e4lters hervorragender und langlebiger Korrosionsschutz.<\/li>\n<li>Innenbeschichtung aus hochwertigem Kunststoff gew\u00e4hrt ausgezeichneten Langzeitschutz gegen Rost.<\/li>\n<li>Geeignet f\u00fcr elektrische Anlagen bis 1000 V, Mindestabstand 1 m.<\/li>\n<li>Zertifizierung nach DIN EN 3, inkl. MED-Zulassung<\/li>\n<\/ul>\n","protected":false},"featured_media":3073,"comment_status":"open","ping_status":"closed","template":"","meta":{"_acf_changed":false},"product_brand":[],"product_cat":[22],"product_tag":[],"class_list":{"0":"post-3071","1":"product","2":"type-product","3":"status-publish","4":"has-post-thumbnail","6":"product_cat-unkategorisiert","7":"entry","9":"first","10":"instock","11":"shipping-taxable","12":"purchasable","13":"product-type-simple"},"acf":[],"yoast_head":"<!-- This site is optimized with the Yoast SEO plugin v27.3 - https:\/\/yoast.com\/product\/yoast-seo-wordpress\/ -->\n<title>Bavaria Magnum PureNature SK 6 - Brandschutz Service Berlin<\/title>\n<meta name=\"robots\" content=\"index, follow, max-snippet:-1, max-image-preview:large, max-video-preview:-1\" \/>\n<link rel=\"canonical\" href=\"https:\/\/brandschutz-service.berlin\/de\/produkt\/bavaria-magnum-purenature-sk-6\/\" \/>\n<meta property=\"og:locale\" content=\"de_DE\" \/>\n<meta property=\"og:type\" content=\"article\" \/>\n<meta property=\"og:title\" content=\"Bavaria Magnum PureNature SK 6 - Brandschutz Service Berlin\" \/>\n<meta property=\"og:description\" content=\"BAVARIA Magnum PureNature SK 6 ist ein fluorfreier Universal Hochleistungs Schauml\u00f6scher, ohne Zusatz von Fluortensiden.   Alle Varianten der Magnum-Serie sind baugleich, dadurch verringern sich die vorzuhaltenden Ersatzteile in erheblichem Ma\u00df.  Durch das einheitliche Bedienkonzept hat der Anwender im Brandfall einen gro\u00dfen Zeitvorteil.  Spezielle BAVARIA-Klippkartusche (fluorfrei) garantiert sehr hohe L\u00f6schleistung. Die Kartusche hat beim 6 ltr. Feuerl\u00f6scher 90 ml F\u00fcllung.  Unterbrechung des L\u00f6schstrahls und sto\u00dfweiser Einsatz m\u00f6glich.  Hochwertiger Wandhalter zur Befestigung. Serienm\u00e4\u00dfiger Fu\u00dfring.  Schlagarmatur als sichere und einfache Ausl\u00f6seeinrichtung.  Ventil aus hochwertigem, glasfaserverst\u00e4rkten Kunststoff mit Alu-\u00dcberwurfmutter, schwarz beschichtet.  Hochwertiger EPDM-Schlauch mit Gewebeeinlage und drehbarer, leicht bedienbarer L\u00f6schpistole und Schaumd\u00fcse.  Durch Polyesterbeschichtung des Beh\u00e4lters hervorragender und langlebiger Korrosionsschutz.  Innenbeschichtung aus hochwertigem Kunststoff gew\u00e4hrt ausgezeichneten Langzeitschutz gegen Rost.  Geeignet f\u00fcr elektrische Anlagen bis 1000 V, Mindestabstand 1 m.  Zertifizierung nach DIN EN 3, inkl. MED-Zulassung\" \/>\n<meta property=\"og:url\" content=\"https:\/\/brandschutz-service.berlin\/de\/produkt\/bavaria-magnum-purenature-sk-6\/\" \/>\n<meta property=\"og:site_name\" content=\"Brandschutz Service Berlin\" \/>\n<meta property=\"article:modified_time\" content=\"2025-12-18T07:24:38+00:00\" \/>\n<meta property=\"og:image\" content=\"https:\/\/brandschutz-service.berlin\/wp-content\/uploads\/2025\/12\/BAVARIA-Magnum-PureNature-SK-6-img1.jpg\" \/>\n\t<meta property=\"og:image:width\" content=\"1000\" \/>\n\t<meta property=\"og:image:height\" content=\"1000\" \/>\n\t<meta property=\"og:image:type\" content=\"image\/jpeg\" \/>\n<meta name=\"twitter:card\" content=\"summary_large_image\" \/>\n<meta name=\"twitter:label1\" content=\"Gesch\u00e4tzte Lesezeit\" \/>\n\t<meta name=\"twitter:data1\" content=\"1\u00a0Minute\" \/>\n<script type=\"application\/ld+json\" class=\"yoast-schema-graph\">{\"@context\":\"https:\\\/\\\/schema.org\",\"@graph\":[{\"@type\":\"WebPage\",\"@id\":\"https:\\\/\\\/brandschutz-service.berlin\\\/de\\\/produkt\\\/bavaria-magnum-purenature-sk-6\\\/\",\"url\":\"https:\\\/\\\/brandschutz-service.berlin\\\/de\\\/produkt\\\/bavaria-magnum-purenature-sk-6\\\/\",\"name\":\"Bavaria Magnum PureNature SK 6 - Brandschutz Service Berlin\",\"isPartOf\":{\"@id\":\"https:\\\/\\\/brandschutz-service.berlin\\\/de\\\/#website\"},\"primaryImageOfPage\":{\"@id\":\"https:\\\/\\\/brandschutz-service.berlin\\\/de\\\/produkt\\\/bavaria-magnum-purenature-sk-6\\\/#primaryimage\"},\"image\":{\"@id\":\"https:\\\/\\\/brandschutz-service.berlin\\\/de\\\/produkt\\\/bavaria-magnum-purenature-sk-6\\\/#primaryimage\"},\"thumbnailUrl\":\"https:\\\/\\\/brandschutz-service.berlin\\\/wp-content\\\/uploads\\\/2025\\\/12\\\/BAVARIA-Magnum-PureNature-SK-6-img1.jpg\",\"datePublished\":\"2025-12-18T07:10:34+00:00\",\"dateModified\":\"2025-12-18T07:24:38+00:00\",\"breadcrumb\":{\"@id\":\"https:\\\/\\\/brandschutz-service.berlin\\\/de\\\/produkt\\\/bavaria-magnum-purenature-sk-6\\\/#breadcrumb\"},\"inLanguage\":\"de\",\"potentialAction\":[{\"@type\":\"ReadAction\",\"target\":[\"https:\\\/\\\/brandschutz-service.berlin\\\/de\\\/produkt\\\/bavaria-magnum-purenature-sk-6\\\/\"]}]},{\"@type\":\"ImageObject\",\"inLanguage\":\"de\",\"@id\":\"https:\\\/\\\/brandschutz-service.berlin\\\/de\\\/produkt\\\/bavaria-magnum-purenature-sk-6\\\/#primaryimage\",\"url\":\"https:\\\/\\\/brandschutz-service.berlin\\\/wp-content\\\/uploads\\\/2025\\\/12\\\/BAVARIA-Magnum-PureNature-SK-6-img1.jpg\",\"contentUrl\":\"https:\\\/\\\/brandschutz-service.berlin\\\/wp-content\\\/uploads\\\/2025\\\/12\\\/BAVARIA-Magnum-PureNature-SK-6-img1.jpg\",\"width\":1000,\"height\":1000,\"caption\":\"BAVARIA-Magnum-PureNature-SK-6-img1\"},{\"@type\":\"BreadcrumbList\",\"@id\":\"https:\\\/\\\/brandschutz-service.berlin\\\/de\\\/produkt\\\/bavaria-magnum-purenature-sk-6\\\/#breadcrumb\",\"itemListElement\":[{\"@type\":\"ListItem\",\"position\":1,\"name\":\"Startseite\",\"item\":\"https:\\\/\\\/brandschutz-service.berlin\\\/de\\\/\"},{\"@type\":\"ListItem\",\"position\":2,\"name\":\"Shop\",\"item\":\"https:\\\/\\\/brandschutz-service.berlin\\\/de\\\/shop\\\/\"},{\"@type\":\"ListItem\",\"position\":3,\"name\":\"Bavaria Magnum PureNature SK 6\"}]},{\"@type\":\"WebSite\",\"@id\":\"https:\\\/\\\/brandschutz-service.berlin\\\/de\\\/#website\",\"url\":\"https:\\\/\\\/brandschutz-service.berlin\\\/de\\\/\",\"name\":\"Brandschutz Service Berlin\",\"description\":\"\",\"potentialAction\":[{\"@type\":\"SearchAction\",\"target\":{\"@type\":\"EntryPoint\",\"urlTemplate\":\"https:\\\/\\\/brandschutz-service.berlin\\\/de\\\/?s={search_term_string}\"},\"query-input\":{\"@type\":\"PropertyValueSpecification\",\"valueRequired\":true,\"valueName\":\"search_term_string\"}}],\"inLanguage\":\"de\"}]}<\/script>\n<!-- \/ Yoast SEO plugin. -->","yoast_head_json":{"title":"Bavaria Magnum PureNature SK 6 - Brandschutz Service Berlin","robots":{"index":"index","follow":"follow","max-snippet":"max-snippet:-1","max-image-preview":"max-image-preview:large","max-video-preview":"max-video-preview:-1"},"canonical":"https:\/\/brandschutz-service.berlin\/de\/produkt\/bavaria-magnum-purenature-sk-6\/","og_locale":"de_DE","og_type":"article","og_title":"Bavaria Magnum PureNature SK 6 - Brandschutz Service Berlin","og_description":"BAVARIA Magnum PureNature SK 6 ist ein fluorfreier Universal Hochleistungs Schauml\u00f6scher, ohne Zusatz von Fluortensiden.   Alle Varianten der Magnum-Serie sind baugleich, dadurch verringern sich die vorzuhaltenden Ersatzteile in erheblichem Ma\u00df.  Durch das einheitliche Bedienkonzept hat der Anwender im Brandfall einen gro\u00dfen Zeitvorteil.  Spezielle BAVARIA-Klippkartusche (fluorfrei) garantiert sehr hohe L\u00f6schleistung. Die Kartusche hat beim 6 ltr. Feuerl\u00f6scher 90 ml F\u00fcllung.  Unterbrechung des L\u00f6schstrahls und sto\u00dfweiser Einsatz m\u00f6glich.  Hochwertiger Wandhalter zur Befestigung. Serienm\u00e4\u00dfiger Fu\u00dfring.  Schlagarmatur als sichere und einfache Ausl\u00f6seeinrichtung.  Ventil aus hochwertigem, glasfaserverst\u00e4rkten Kunststoff mit Alu-\u00dcberwurfmutter, schwarz beschichtet.  Hochwertiger EPDM-Schlauch mit Gewebeeinlage und drehbarer, leicht bedienbarer L\u00f6schpistole und Schaumd\u00fcse.  Durch Polyesterbeschichtung des Beh\u00e4lters hervorragender und langlebiger Korrosionsschutz.  Innenbeschichtung aus hochwertigem Kunststoff gew\u00e4hrt ausgezeichneten Langzeitschutz gegen Rost.  Geeignet f\u00fcr elektrische Anlagen bis 1000 V, Mindestabstand 1 m.  Zertifizierung nach DIN EN 3, inkl. MED-Zulassung","og_url":"https:\/\/brandschutz-service.berlin\/de\/produkt\/bavaria-magnum-purenature-sk-6\/","og_site_name":"Brandschutz Service Berlin","article_modified_time":"2025-12-18T07:24:38+00:00","og_image":[{"width":1000,"height":1000,"url":"https:\/\/brandschutz-service.berlin\/wp-content\/uploads\/2025\/12\/BAVARIA-Magnum-PureNature-SK-6-img1.jpg","type":"image\/jpeg"}],"twitter_card":"summary_large_image","twitter_misc":{"Gesch\u00e4tzte Lesezeit":"1\u00a0Minute"},"schema":{"@context":"https:\/\/schema.org","@graph":[{"@type":"WebPage","@id":"https:\/\/brandschutz-service.berlin\/de\/produkt\/bavaria-magnum-purenature-sk-6\/","url":"https:\/\/brandschutz-service.berlin\/de\/produkt\/bavaria-magnum-purenature-sk-6\/","name":"Bavaria Magnum PureNature SK 6 - Brandschutz Service Berlin","isPartOf":{"@id":"https:\/\/brandschutz-service.berlin\/de\/#website"},"primaryImageOfPage":{"@id":"https:\/\/brandschutz-service.berlin\/de\/produkt\/bavaria-magnum-purenature-sk-6\/#primaryimage"},"image":{"@id":"https:\/\/brandschutz-service.berlin\/de\/produkt\/bavaria-magnum-purenature-sk-6\/#primaryimage"},"thumbnailUrl":"https:\/\/brandschutz-service.berlin\/wp-content\/uploads\/2025\/12\/BAVARIA-Magnum-PureNature-SK-6-img1.jpg","datePublished":"2025-12-18T07:10:34+00:00","dateModified":"2025-12-18T07:24:38+00:00","breadcrumb":{"@id":"https:\/\/brandschutz-service.berlin\/de\/produkt\/bavaria-magnum-purenature-sk-6\/#breadcrumb"},"inLanguage":"de","potentialAction":[{"@type":"ReadAction","target":["https:\/\/brandschutz-service.berlin\/de\/produkt\/bavaria-magnum-purenature-sk-6\/"]}]},{"@type":"ImageObject","inLanguage":"de","@id":"https:\/\/brandschutz-service.berlin\/de\/produkt\/bavaria-magnum-purenature-sk-6\/#primaryimage","url":"https:\/\/brandschutz-service.berlin\/wp-content\/uploads\/2025\/12\/BAVARIA-Magnum-PureNature-SK-6-img1.jpg","contentUrl":"https:\/\/brandschutz-service.berlin\/wp-content\/uploads\/2025\/12\/BAVARIA-Magnum-PureNature-SK-6-img1.jpg","width":1000,"height":1000,"caption":"BAVARIA-Magnum-PureNature-SK-6-img1"},{"@type":"BreadcrumbList","@id":"https:\/\/brandschutz-service.berlin\/de\/produkt\/bavaria-magnum-purenature-sk-6\/#breadcrumb","itemListElement":[{"@type":"ListItem","position":1,"name":"Startseite","item":"https:\/\/brandschutz-service.berlin\/de\/"},{"@type":"ListItem","position":2,"name":"Shop","item":"https:\/\/brandschutz-service.berlin\/de\/shop\/"},{"@type":"ListItem","position":3,"name":"Bavaria Magnum PureNature SK 6"}]},{"@type":"WebSite","@id":"https:\/\/brandschutz-service.berlin\/de\/#website","url":"https:\/\/brandschutz-service.berlin\/de\/","name":"Brandschutz Service Berlin","description":"","potentialAction":[{"@type":"SearchAction","target":{"@type":"EntryPoint","urlTemplate":"https:\/\/brandschutz-service.berlin\/de\/?s={search_term_string}"},"query-input":{"@type":"PropertyValueSpecification","valueRequired":true,"valueName":"search_term_string"}}],"inLanguage":"de"}]}},"_links":{"self":[{"href":"https:\/\/brandschutz-service.berlin\/de\/wp-json\/wp\/v2\/product\/3071","targetHints":{"allow":["GET"]}}],"collection":[{"href":"https:\/\/brandschutz-service.berlin\/de\/wp-json\/wp\/v2\/product"}],"about":[{"href":"https:\/\/brandschutz-service.berlin\/de\/wp-json\/wp\/v2\/types\/product"}],"replies":[{"embeddable":true,"href":"https:\/\/brandschutz-service.berlin\/de\/wp-json\/wp\/v2\/comments?post=3071"}],"wp:featuredmedia":[{"embeddable":true,"href":"https:\/\/brandschutz-service.berlin\/de\/wp-json\/wp\/v2\/media\/3073"}],"wp:attachment":[{"href":"https:\/\/brandschutz-service.berlin\/de\/wp-json\/wp\/v2\/media?parent=3071"}],"wp:term":[{"taxonomy":"product_brand","embeddable":true,"href":"https:\/\/brandschutz-service.berlin\/de\/wp-json\/wp\/v2\/product_brand?post=3071"},{"taxonomy":"product_cat","embeddable":true,"href":"https:\/\/brandschutz-service.berlin\/de\/wp-json\/wp\/v2\/product_cat?post=3071"},{"taxonomy":"product_tag","embeddable":true,"href":"https:\/\/brandschutz-service.berlin\/de\/wp-json\/wp\/v2\/product_tag?post=3071"}],"curies":[{"name":"wp","href":"https:\/\/api.w.org\/{rel}","templated":true}]}}