{"id":823,"date":"2025-09-17T12:00:03","date_gmt":"2025-09-17T10:00:03","guid":{"rendered":"https:\/\/brandschutz-service.berlin\/?page_id=823"},"modified":"2025-12-24T09:21:07","modified_gmt":"2025-12-24T08:21:07","slug":"impressum","status":"publish","type":"page","link":"https:\/\/brandschutz-service.berlin\/de\/impressum\/","title":{"rendered":"Impressum"},"content":{"rendered":"<p><strong>brandschutz service berlin<\/strong><br \/>Romain-Rolland-Str. 150<br \/>13089 Berlin<\/p>\n<p>B\u00fcro: K\u00fchnemannstra\u00dfe 22-24, 13409 Berlin<\/p>\n<p>Telefon: 030 33 89 57 33<\/p>\n<p>E-Mail: <a href=\"mailto:info@brandschutz-service.berlin\">info@brandschutz-service.berlin<\/a><br \/>Website: <a href=\"https:\/\/brandschutz-service.berlin\/de\/\">brandschutz-service.berlin<\/a><\/p>\n<p><strong>Verantwortlich f\u00fcr die Website<br \/><\/strong>Rachelle Eschner<\/p>\n<p><strong>Kammer:<\/strong><br \/><a href=\"https:\/\/www.hwk-berlin.de\/\" target=\"_blank\">Handwerkskammer Berlin<\/a>, Bl\u00fccherstra\u00dfe 68, 10961 Berlin<\/p>\n<p><strong>Berufshaftpflichtversicherung:<br \/><\/strong>LVM Versicherung<\/p>\n<p><strong>Steuer-Nr.:<\/strong> <br \/>35\/280\/00432<\/p>\n<p><strong>Umsatzsteuer-ID:<\/strong> <br \/>DE292410088<\/p>\n<p><strong>Gerichtsstand:<\/strong> <br \/>Amtsgericht Berlin<\/p>\n<p><strong>Betriebsnummer:<\/strong> <br \/>121251<\/p>\n<p><strong>Haftungsausschluss<\/strong><\/p>\n<p>Der Inhalt dieser Website wurde sorgf\u00e4ltig bearbeitet und \u00fcberpr\u00fcft. brandschutz service berlin \/ Rachelle Eschner \u00fcbernimmt jedoch keine Gew\u00e4hr f\u00fcr die Aktualit\u00e4t, Richtigkeit oder Vollst\u00e4ndigkeit der Informationen.<\/p>\n<p>Diese Website dient ausschlie\u00dflich Informationszwecken. Trotz sorgf\u00e4ltiger inhaltlicher Kontrolle \u00fcbernehmen wir keine Haftung f\u00fcr die Inhalte externer Links. F\u00fcr den Inhalt der verlinkten Seiten sind ausschlie\u00dflich deren Betreiber verantwortlich.<\/p>\n<p>Die Inhalte und die Struktur der Website sind urheberrechtlich gesch\u00fctzt. Kopieren und Verwenden der Inhalte und Abbildungen der Website bedarf einer schriftlichen Zustimmung.<\/p>\n\n\n<p><strong>Bildrechte &amp; Quellen<\/strong><\/p>\n\n\n\n<p>Rauch- und Hitzemelder \/ Feuerl\u00f6scher \/ Flucht- und Rettungswegschilder<strong><br><u><a href=\"https:\/\/www.gloria.de\/de\/\" target=\"_blank\" rel=\"noreferrer noopener\">GLORIA GmbH<\/a><\/u><br><\/strong>Diestedder Str. 39<strong><br><\/strong>59329 Wadersloh<\/p>\n\n\n\n<p>Feuerl\u00f6scher-Produktbilder <strong><u><a href=\"https:\/\/bavaria-brandschutz.de\/\" target=\"_blank\" rel=\"noreferrer noopener\">BAVARIA Brandschutz Industrie GmbH &amp; Co. KG<\/a><\/u><\/strong><br>Regensburger Str. 16<br>93449 Waldm\u00fcnchen<\/p>\n\n\n\n<p>Wir haben auf der Website Fotos von&nbsp;<a href=\"https:\/\/unsplash.com\/de\" target=\"_blank\" rel=\"noreferrer noopener\">unsplash<\/a>&nbsp;verwendet.<br>@Ricardo Gomez Angel @bady qb @Austin Distel<br>@Martha Dominguez de Gouveia<\/p>\n\n\n\n<p>Wir haben auf der Website Fotos von\u00a0<a href=\"https:\/\/stock.adobe.com\/de\/\" target=\"_blank\" rel=\"noreferrer noopener\">Adobe Stock<\/a>\u00a0verwendet.<br>Rauch und W\u00e4rmemelder @\u00a0<a href=\"https:\/\/stock.adobe.com\/de\/images\/brandschutzordnung\/31259171\">fovito<\/a><br>Trockenbau @\u00a0<a href=\"https:\/\/stock.adobe.com\/de\/images\/refined-carcass-structure-of-a-loft\/78925408\" target=\"_blank\" rel=\"noreferrer noopener\">viennapro<\/a>\u00a0\/\u00a0<a href=\"https:\/\/stock.adobe.com\/de\/images\/finished-sheetrock-in-new-home\/163003522\" target=\"_blank\" rel=\"noreferrer noopener\">viennapro<\/a><br>Einblasd\u00e4mmung @\u00a0<a href=\"https:\/\/stock.adobe.com\/de\/images\/fire-flames\/66150083\" target=\"_blank\" rel=\"noreferrer noopener\">Sergey Nivens<\/a><br>Flucht- und Rettungswegschilder @\u00a0<a href=\"https:\/\/stock.adobe.com\/de\/images\/hot-flame-fire-and-green-fire-escape-sign-hang-on-the-ceiling-in-the-office-at-night-the-concept-of-fire-escape-training-and-preparation-for-evacuation\/306704336\" target=\"_blank\" rel=\"noreferrer noopener\">Prot<\/a><br>Neubau @\u00a0<a href=\"https:\/\/stock.adobe.com\/de\/images\/baustelle-mit-rohbau-und-bauplanen\/199953115\" target=\"_blank\" rel=\"noreferrer noopener\">Eisenhans<\/a><br>Verglasung @ <a href=\"https:\/\/stock.adobe.com\/de\/images\/interior-glass-door-in-building\/232496242\" target=\"_blank\" rel=\"noreferrer noopener\">ETAJOE<\/a><br>Brandschutz\u00fcberwachungsbericht @\u00a0<a href=\"https:\/\/stock.adobe.com\/de\/images\/accounting\/211393940\" target=\"_blank\" rel=\"noreferrer noopener\">Philip Steury<\/a><br>Gutachten und Konzepte @\u00a0<a href=\"https:\/\/stock.adobe.com\/de\/images\/silver-pen-lie-on-important-paper-at-table-with-group-of-colleagues-in-background-closeup-paperwork-job-trade-balance-bank-credit-loan-money-invest-payment-irs-commerce-partnership-concept\/322791543\" target=\"_blank\" rel=\"noreferrer noopener\">H_Ko<\/a><br>Umnutzung @\u00a0<a href=\"https:\/\/stock.adobe.com\/de\/images\/banner-ansicht-von-bauplan-mit-stift-als-hausbau-konzept\/270034318\" target=\"_blank\" rel=\"noreferrer noopener\">Robert Kneschke<\/a><br>Baubegleitung @\u00a0<a href=\"https:\/\/stock.adobe.com\/de\/images\/cooperation-corporate-designers-in-the-office-are-working-on-a-new-project-planning-blueprint-design-at-construction-site-at-desk-in-office\/335584862\" target=\"_blank\" rel=\"noreferrer noopener\">snowing12<\/a><br>Brandschutzt\u00fcr @\u00a0<a href=\"https:\/\/stock.adobe.com\/de\/images\/feuerschutztur-brandschutztur-weiss\/181968660\" target=\"_blank\" rel=\"noreferrer noopener\">Bertold Werkmann<\/a><br>Verglasung @\u00a0<a href=\"https:\/\/stock.adobe.com\/de\/images\/modern-empty-office-buildings-with-glass-wall-and-empty-pavement\/177489980\" target=\"_blank\" rel=\"noreferrer noopener\">jamesteohart<\/a><br>Gutachten und Konzepte @\u00a0<a href=\"https:\/\/stock.adobe.com\/de\/images\/excel-spreadsheet-stats-graph-analytics-data-accountant-hands-point-financial-document-trading-information-with-excel-file-finance-statistic-report-analyze-business-graph-chart-database-report\/229865638\" target=\"_blank\" rel=\"noreferrer noopener\">howtogoto<\/a><br>Technische Isolierungen @\u00a0<a href=\"https:\/\/stock.adobe.com\/de\/images\/industrial-glycol-pipeline-insulated-with-metallic-foil\/235439488\" target=\"_blank\" rel=\"noreferrer noopener\">Kuznietsov Dmitriy<\/a> \/ <a href=\"#\" >fdneb<\/a><br>Trockenbau @ <a href=\"https:\/\/stock.adobe.com\/de\/contributor\/203796808\/viennapro?load_type=author&amp;prev_url=detail\" target=\"_blank\" rel=\"noreferrer noopener\">viennapro<\/a> <br>Neubau @ <a href=\"https:\/\/stock.adobe.com\/de\/contributor\/201218508\/anselm-baumgart?load_type=author&amp;prev_url=detail\" target=\"_blank\" rel=\"noreferrer noopener\">Anselm Baumgart<\/a>\u00a0<br>Feuermelder und Brandschutzordnung @ <a href=\"https:\/\/stock.adobe.com\/de\/contributor\/202119311\/maho?load_type=author&amp;prev_url=detail\" target=\"_blank\" rel=\"noreferrer noopener\">maho<\/a>\u00a0\u00a0\u00a0\u00a0\u00a0\u00a0\u00a0\u00a0\u00a0\u00a0\u00a0\u00a0\u00a0\u00a0\u00a0\u00a0\u00a0\u00a0\u00a0\u00a0\u00a0\u00a0\u00a0\u00a0\u00a0\u00a0\u00a0\u00a0\u00a0\u00a0\u00a0\u00a0\u00a0\u00a0\u00a0\u00a0\u00a0\u00a0\u00a0\u00a0\u00a0\u00a0\u00a0\u00a0<br>Notausgangst\u00fcr @ <a href=\"https:\/\/stock.adobe.com\/de\/contributor\/201182778\/matthias--buehner?load_type=author&amp;prev_url=detail\" target=\"_blank\" rel=\"noreferrer noopener\">MATTHIAS BUEHNER<\/a>\u00a0\u00a0\u00a0\u00a0\u00a0\u00a0\u00a0\u00a0\u00a0\u00a0\u00a0\u00a0\u00a0\u00a0\u00a0\u00a0\u00a0\u00a0\u00a0\u00a0\u00a0\u00a0\u00a0\u00a0\u00a0\u00a0\u00a0\u00a0\u00a0\u00a0\u00a0\u00a0\u00a0\u00a0\u00a0\u00a0\u00a0\u00a0\u00a0\u00a0\u00a0\u00a0\u00a0\u00a0\u00a0\u00a0\u00a0\u00a0\u00a0\u00a0\u00a0\u00a0\u00a0\u00a0\u00a0 <br>Nahaufnahme Fenster @ <a href=\"https:\/\/stock.adobe.com\/de\/contributor\/203421180\/wellnhofer-designs?load_type=author&amp;prev_url=detail\" target=\"_blank\" rel=\"noreferrer noopener\">Wellnhofer Designs<\/a> \u00a0\u00a0\u00a0\u00a0\u00a0\u00a0\u00a0\u00a0\u00a0\u00a0\u00a0\u00a0\u00a0\u00a0\u00a0\u00a0<br>Rauchabzug @ <a href=\"https:\/\/stock.adobe.com\/de\/contributor\/204862909\/studio-v-zwoelf?load_type=author&amp;prev_url=detail\" target=\"_blank\" rel=\"noreferrer noopener\">studio v-zwoelf<\/a> <br>Bauarbeiter am Laptop @ <a href=\"https:\/\/stock.adobe.com\/de\/contributor\/207333189\/morakot?load_type=author&amp;prev_url=detail\" target=\"_blank\" rel=\"noreferrer noopener\">Morakot<\/a> <br>Bauarbeiter im Gespr\u00e4ch @ <a href=\"https:\/\/stock.adobe.com\/de\/contributor\/206456694\/panumas?load_type=author&amp;prev_url=detail\" target=\"_blank\" rel=\"noreferrer noopener\">Panumas<\/a> \u00a0\u00a0\u00a0\u00a0\u00a0\u00a0\u00a0\u00a0\u00a0\u00a0\u00a0\u00a0\u00a0\u00a0\u00a0\u00a0\u00a0\u00a0\u00a0\u00a0\u00a0\u00a0\u00a0\u00a0\u00a0\u00a0\u00a0\u00a0\u00a0\u00a0\u00a0\u00a0\u00a0\u00a0\u00a0\u00a0\u00a0\u00a0<br>Flucht- und Rettungsplan @ <a href=\"https:\/\/stock.adobe.com\/de\/contributor\/209805446\/bettina?load_type=author&amp;prev_url=detail\" target=\"_blank\" rel=\"noreferrer noopener\">Bettina<\/a> <br>Bauarbeiter am Laptop @<a href=\"https:\/\/stock.adobe.com\/de\/contributor\/206634029\/freedomz?load_type=author&amp;prev_url=detail\" target=\"_blank\" rel=\"noreferrer noopener\">Freedomz<\/a> <br>L\u00f6schanlage <a href=\"https:\/\/stock.adobe.com\/de\/contributor\/207822088\/jan-dzacovsky?load_type=author&amp;prev_url=detail\" target=\"_blank\" rel=\"noreferrer noopener\">Jan Dzacovsky<\/a> \u00a0\u00a0\u00a0\u00a0\u00a0\u00a0\u00a0\u00a0\u00a0\u00a0\u00a0\u00a0\u00a0\u00a0\u00a0\u00a0\u00a0\u00a0\u00a0\u00a0\u00a0\u00a0\u00a0\u00a0\u00a0\u00a0\u00a0\u00a0\u00a0\u00a0\u00a0\u00a0\u00a0\u00a0\u00a0\u00a0\u00a0\u00a0\u00a0\u00a0\u00a0\u00a0\u00a0\u00a0\u00a0\u00a0\u00a0\u00a0\u00a0\u00a0\u00a0\u00a0\u00a0\u00a0\u00a0\u00a0\u00a0\u00a0\u00a0\u00a0\u00a0<br>Brandschutzklappe @ <a href=\"https:\/\/stock.adobe.com\/de\/contributor\/201049646\/anmuht.ch-fotografie?load_type=author&amp;prev_url=detail\" target=\"_blank\" rel=\"noreferrer noopener\">anmuht.ch fotografie<\/a>\u00a0\u00a0\u00a0\u00a0\u00a0\u00a0\u00a0\u00a0\u00a0\u00a0\u00a0\u00a0\u00a0\u00a0\u00a0\u00a0\u00a0\u00a0\u00a0\u00a0\u00a0\u00a0\u00a0\u00a0\u00a0\u00a0\u00a0\u00a0\u00a0\u00a0\u00a0\u00a0\u00a0\u00a0\u00a0\u00a0\u00a0\u00a0\u00a0\u00a0\u00a0\u00a0\u00a0\u00a0\u00a0\u00a0\u00a0\u00a0\u00a0\u00a0<br>Bauarbeiter am Bohren @ <a href=\"https:\/\/stock.adobe.com\/de\/contributor\/206045499\/martingaal?load_type=author&amp;prev_url=detail\" target=\"_blank\" rel=\"noreferrer noopener\">martingaal<\/a>\u00a0\u00a0\u00a0\u00a0\u00a0\u00a0\u00a0\u00a0\u00a0\u00a0\u00a0\u00a0\u00a0\u00a0\u00a0\u00a0\u00a0\u00a0\u00a0\u00a0\u00a0\u00a0\u00a0\u00a0\u00a0\u00a0\u00a0\u00a0\u00a0\u00a0\u00a0\u00a0\u00a0\u00a0\u00a0\u00a0\u00a0\u00a0\u00a0\u00a0\u00a0\u00a0\u00a0\u00a0\u00a0\u00a0\u00a0\u00a0\u00a0\u00a0\u00a0<br>Feuermelder @ <a href=\"https:\/\/stock.adobe.com\/de\/contributor\/211431667\/nati?load_type=author&amp;prev_url=detail\" target=\"_blank\" rel=\"noreferrer noopener\">Nati<\/a>\u00a0\u00a0\u00a0\u00a0\u00a0\u00a0\u00a0\u00a0\u00a0\u00a0\u00a0\u00a0\u00a0\u00a0\u00a0\u00a0\u00a0\u00a0\u00a0\u00a0\u00a0\u00a0\u00a0\u00a0\u00a0\u00a0\u00a0\u00a0\u00a0\u00a0\u00a0\u00a0\u00a0\u00a0\u00a0\u00a0\u00a0\u00a0\u00a0\u00a0\u00a0\u00a0\u00a0\u00a0\u00a0\u00a0\u00a0\u00a0\u00a0\u00a0\u00a0\u00a0\u00a0\u00a0\u00a0\u00a0\u00a0\u00a0\u00a0\u00a0\u00a0\u00a0\u00a0\u00a0\u00a0\u00a0\u00a0\u00a0\u00a0\u00a0\u00a0\u00a0\u00a0\u00a0\u00a0\u00a0\u00a0<br>Stahltr\u00e4geranschluss @ <a href=\"https:\/\/stock.adobe.com\/de\/contributor\/206823518\/irina?load_type=author&amp;prev_url=detail\" target=\"_blank\" rel=\"noreferrer noopener\">Irina<\/a>\u00a0\u00a0\u00a0\u00a0\u00a0\u00a0\u00a0\u00a0\u00a0\u00a0\u00a0\u00a0\u00a0\u00a0\u00a0\u00a0\u00a0\u00a0\u00a0\u00a0\u00a0\u00a0\u00a0\u00a0\u00a0\u00a0\u00a0\u00a0\u00a0\u00a0\u00a0\u00a0\u00a0\u00a0\u00a0\u00a0\u00a0\u00a0\u00a0\u00a0\u00a0\u00a0\u00a0\u00a0\u00a0\u00a0\u00a0\u00a0\u00a0\u00a0\u00a0\u00a0\u00a0\u00a0\u00a0\u00a0\u00a0\u00a0\u00a0\u00a0\u00a0\u00a0\u00a0\u00a0\u00a0\u00a0\u00a0\u00a0\u00a0\u00a0\u00a0\u00a0\u00a0\u00a0\u00a0\u00a0\u00a0\u00a0\u00a0\u00a0\u00a0\u00a0\u00a0\u00a0\u00a0\u00a0\u00a0\u00a0<br>Notausgang @ <a href=\"https:\/\/stock.adobe.com\/de\/contributor\/208647958\/nattawit?load_type=author&amp;prev_url=detail\" target=\"_blank\" rel=\"noreferrer noopener\">attawit<\/a><br>Bauisolation @ \u00a0<a href=\"https:\/\/stock.adobe.com\/de\/contributor\/201030045\/ingo-bartussek?load_type=author&amp;prev_url=detail\" target=\"_blank\" rel=\"noreferrer noopener\">Ingo Bartussek<\/a><br>Trockene Holzfasern @ <a href=\"https:\/\/stock.adobe.com\/de\/contributor\/201030045\/ingo-bartussek?load_type=author&amp;prev_url=detail\" target=\"_blank\" rel=\"noreferrer noopener\">Ingo Bartussek<\/a><br>Brandschutzverordnung @ <a href=\"https:\/\/stock.adobe.com\/de\/contributor\/202119311\/maho?load_type=author&amp;prev_url=detail\" target=\"_blank\" rel=\"noreferrer noopener\">maho<\/a><\/p>\n\n\n\n<p>Wir haben auf der Website Fotos von\u00a0<a href=\"https:\/\/pixabay.com\/de\/\" target=\"_blank\" rel=\"noreferrer noopener\">pixabay<\/a>\u00a0verwendet.<br>Branchen\/Krankenh\u00e4user Kliniken @ <a href=\"https:\/\/pixabay.com\/de\/photos\/berlin-charit\u00e9-krankenhaus-439682\/\" target=\"_blank\" rel=\"noreferrer noopener\">Jens Junge<\/a> \/ <a href=\"https:\/\/pixabay.com\/de\/photos\/geb\u00e4ude-krankenhaus-h\u00e4user-7138878\/\" target=\"_blank\" rel=\"noreferrer noopener\">Da7de<\/a><\/p>\n","protected":false},"excerpt":{"rendered":"<p>brandschutz service berlinRomain-Rolland-Str. 15013089 Berlin B\u00fcro: K\u00fchnemannstra\u00dfe 22-24, 13409 Berlin Telefon: 030 33 89 57 33 E-Mail: info@brandschutz-service.berlinWebsite: brandschutz-service.berlin Verantwortlich f\u00fcr die WebsiteRachelle Eschner Kammer:Handwerkskammer Berlin, Bl\u00fccherstra\u00dfe 68, 10961 Berlin Berufshaftpflichtversicherung:LVM Versicherung Steuer-Nr.: 35\/280\/00432 Umsatzsteuer-ID: DE292410088 Gerichtsstand: Amtsgericht Berlin Betriebsnummer: 121251 Haftungsausschluss Der Inhalt dieser Website wurde sorgf\u00e4ltig bearbeitet und \u00fcberpr\u00fcft. brandschutz service berlin \/&hellip; <a class=\"more-link\" href=\"https:\/\/brandschutz-service.berlin\/de\/impressum\/\"><span class=\"screen-reader-text\">Impressum<\/span> weiterlesen<\/a><\/p>\n","protected":false},"author":1,"featured_media":0,"parent":0,"menu_order":0,"comment_status":"closed","ping_status":"closed","template":"","meta":{"_acf_changed":false,"footnotes":""},"class_list":["post-823","page","type-page","status-publish","hentry","entry"],"acf":[],"yoast_head":"<!-- This site is optimized with the Yoast SEO plugin v27.3 - https:\/\/yoast.com\/product\/yoast-seo-wordpress\/ -->\n<title>Impressum von Brandschutz Service Berlin<\/title>\n<meta name=\"description\" content=\"Impressum von Brandschutz Service Berlin: Haftungsausschluss und Bildrechte \/ Quelle der verwendeten Bilder\" \/>\n<meta name=\"robots\" content=\"index, follow, max-snippet:-1, max-image-preview:large, max-video-preview:-1\" \/>\n<link rel=\"canonical\" href=\"https:\/\/brandschutz-service.berlin\/de\/impressum\/\" \/>\n<meta property=\"og:locale\" content=\"de_DE\" \/>\n<meta property=\"og:type\" content=\"article\" \/>\n<meta property=\"og:title\" content=\"Impressum von Brandschutz Service Berlin\" \/>\n<meta property=\"og:description\" content=\"Impressum von Brandschutz Service Berlin: Haftungsausschluss und Bildrechte \/ Quelle der verwendeten Bilder\" \/>\n<meta property=\"og:url\" content=\"https:\/\/brandschutz-service.berlin\/de\/impressum\/\" \/>\n<meta property=\"og:site_name\" content=\"Brandschutz Service Berlin\" \/>\n<meta property=\"article:modified_time\" content=\"2025-12-24T08:21:07+00:00\" \/>\n<meta name=\"twitter:card\" content=\"summary_large_image\" \/>\n<meta name=\"twitter:label1\" content=\"Gesch\u00e4tzte Lesezeit\" \/>\n\t<meta name=\"twitter:data1\" content=\"2\u00a0Minuten\" \/>\n<script type=\"application\/ld+json\" class=\"yoast-schema-graph\">{\"@context\":\"https:\\\/\\\/schema.org\",\"@graph\":[{\"@type\":\"WebPage\",\"@id\":\"https:\\\/\\\/brandschutz-service.berlin\\\/de\\\/impressum\\\/\",\"url\":\"https:\\\/\\\/brandschutz-service.berlin\\\/de\\\/impressum\\\/\",\"name\":\"Impressum von Brandschutz Service Berlin\",\"isPartOf\":{\"@id\":\"https:\\\/\\\/brandschutz-service.berlin\\\/de\\\/#website\"},\"datePublished\":\"2025-09-17T10:00:03+00:00\",\"dateModified\":\"2025-12-24T08:21:07+00:00\",\"description\":\"Impressum von Brandschutz Service Berlin: Haftungsausschluss und Bildrechte \\\/ Quelle der verwendeten Bilder\",\"breadcrumb\":{\"@id\":\"https:\\\/\\\/brandschutz-service.berlin\\\/de\\\/impressum\\\/#breadcrumb\"},\"inLanguage\":\"de\",\"potentialAction\":[{\"@type\":\"ReadAction\",\"target\":[\"https:\\\/\\\/brandschutz-service.berlin\\\/de\\\/impressum\\\/\"]}]},{\"@type\":\"BreadcrumbList\",\"@id\":\"https:\\\/\\\/brandschutz-service.berlin\\\/de\\\/impressum\\\/#breadcrumb\",\"itemListElement\":[{\"@type\":\"ListItem\",\"position\":1,\"name\":\"Startseite\",\"item\":\"https:\\\/\\\/brandschutz-service.berlin\\\/de\\\/\"},{\"@type\":\"ListItem\",\"position\":2,\"name\":\"Impressum\"}]},{\"@type\":\"WebSite\",\"@id\":\"https:\\\/\\\/brandschutz-service.berlin\\\/de\\\/#website\",\"url\":\"https:\\\/\\\/brandschutz-service.berlin\\\/de\\\/\",\"name\":\"Brandschutz Service Berlin\",\"description\":\"\",\"potentialAction\":[{\"@type\":\"SearchAction\",\"target\":{\"@type\":\"EntryPoint\",\"urlTemplate\":\"https:\\\/\\\/brandschutz-service.berlin\\\/de\\\/?s={search_term_string}\"},\"query-input\":{\"@type\":\"PropertyValueSpecification\",\"valueRequired\":true,\"valueName\":\"search_term_string\"}}],\"inLanguage\":\"de\"}]}<\/script>\n<!-- \/ Yoast SEO plugin. -->","yoast_head_json":{"title":"Impressum von Brandschutz Service Berlin","description":"Impressum von Brandschutz Service Berlin: Haftungsausschluss und Bildrechte \/ Quelle der verwendeten Bilder","robots":{"index":"index","follow":"follow","max-snippet":"max-snippet:-1","max-image-preview":"max-image-preview:large","max-video-preview":"max-video-preview:-1"},"canonical":"https:\/\/brandschutz-service.berlin\/de\/impressum\/","og_locale":"de_DE","og_type":"article","og_title":"Impressum von Brandschutz Service Berlin","og_description":"Impressum von Brandschutz Service Berlin: Haftungsausschluss und Bildrechte \/ Quelle der verwendeten Bilder","og_url":"https:\/\/brandschutz-service.berlin\/de\/impressum\/","og_site_name":"Brandschutz Service Berlin","article_modified_time":"2025-12-24T08:21:07+00:00","twitter_card":"summary_large_image","twitter_misc":{"Gesch\u00e4tzte Lesezeit":"2\u00a0Minuten"},"schema":{"@context":"https:\/\/schema.org","@graph":[{"@type":"WebPage","@id":"https:\/\/brandschutz-service.berlin\/de\/impressum\/","url":"https:\/\/brandschutz-service.berlin\/de\/impressum\/","name":"Impressum von Brandschutz Service Berlin","isPartOf":{"@id":"https:\/\/brandschutz-service.berlin\/de\/#website"},"datePublished":"2025-09-17T10:00:03+00:00","dateModified":"2025-12-24T08:21:07+00:00","description":"Impressum von Brandschutz Service Berlin: Haftungsausschluss und Bildrechte \/ Quelle der verwendeten Bilder","breadcrumb":{"@id":"https:\/\/brandschutz-service.berlin\/de\/impressum\/#breadcrumb"},"inLanguage":"de","potentialAction":[{"@type":"ReadAction","target":["https:\/\/brandschutz-service.berlin\/de\/impressum\/"]}]},{"@type":"BreadcrumbList","@id":"https:\/\/brandschutz-service.berlin\/de\/impressum\/#breadcrumb","itemListElement":[{"@type":"ListItem","position":1,"name":"Startseite","item":"https:\/\/brandschutz-service.berlin\/de\/"},{"@type":"ListItem","position":2,"name":"Impressum"}]},{"@type":"WebSite","@id":"https:\/\/brandschutz-service.berlin\/de\/#website","url":"https:\/\/brandschutz-service.berlin\/de\/","name":"Brandschutz Service Berlin","description":"","potentialAction":[{"@type":"SearchAction","target":{"@type":"EntryPoint","urlTemplate":"https:\/\/brandschutz-service.berlin\/de\/?s={search_term_string}"},"query-input":{"@type":"PropertyValueSpecification","valueRequired":true,"valueName":"search_term_string"}}],"inLanguage":"de"}]}},"_links":{"self":[{"href":"https:\/\/brandschutz-service.berlin\/de\/wp-json\/wp\/v2\/pages\/823","targetHints":{"allow":["GET"]}}],"collection":[{"href":"https:\/\/brandschutz-service.berlin\/de\/wp-json\/wp\/v2\/pages"}],"about":[{"href":"https:\/\/brandschutz-service.berlin\/de\/wp-json\/wp\/v2\/types\/page"}],"author":[{"embeddable":true,"href":"https:\/\/brandschutz-service.berlin\/de\/wp-json\/wp\/v2\/users\/1"}],"replies":[{"embeddable":true,"href":"https:\/\/brandschutz-service.berlin\/de\/wp-json\/wp\/v2\/comments?post=823"}],"version-history":[{"count":0,"href":"https:\/\/brandschutz-service.berlin\/de\/wp-json\/wp\/v2\/pages\/823\/revisions"}],"wp:attachment":[{"href":"https:\/\/brandschutz-service.berlin\/de\/wp-json\/wp\/v2\/media?parent=823"}],"curies":[{"name":"wp","href":"https:\/\/api.w.org\/{rel}","templated":true}]}}