{"id":626,"date":"2025-09-15T09:15:47","date_gmt":"2025-09-15T07:15:47","guid":{"rendered":"https:\/\/brandschutz-service.berlin\/?page_id=626"},"modified":"2025-10-29T09:59:33","modified_gmt":"2025-10-29T08:59:33","slug":"krankenhaeuser-und-kliniken","status":"publish","type":"page","link":"https:\/\/brandschutz-service.berlin\/de\/branchen\/krankenhaeuser-und-kliniken\/","title":{"rendered":"Krankenh\u00e4user und Kliniken"},"content":{"rendered":"","protected":false},"excerpt":{"rendered":"","protected":false},"author":1,"featured_media":0,"parent":616,"menu_order":0,"comment_status":"closed","ping_status":"closed","template":"templates\/page-branchen.php","meta":{"_acf_changed":false,"footnotes":""},"class_list":["post-626","page","type-page","status-publish","hentry","entry"],"acf":[],"yoast_head":"<!-- This site is optimized with the Yoast SEO plugin v27.3 - https:\/\/yoast.com\/product\/yoast-seo-wordpress\/ -->\n<title>Brandschutz f\u00fcr Krankenh\u00e4user und Kliniken in Berlin<\/title>\n<meta name=\"description\" content=\"Brandschutz f\u00fcr Krankenh\u00e4user und Kliniken in Berlin: Brandschutzt\u00fcren, Brandschutzvorh\u00e4nge, Entrauchungsleitungen und Schottungen.\" \/>\n<meta name=\"robots\" content=\"index, follow, max-snippet:-1, max-image-preview:large, max-video-preview:-1\" \/>\n<link rel=\"canonical\" href=\"https:\/\/brandschutz-service.berlin\/de\/branchen\/krankenhaeuser-und-kliniken\/\" \/>\n<meta property=\"og:locale\" content=\"de_DE\" \/>\n<meta property=\"og:type\" content=\"article\" \/>\n<meta property=\"og:title\" content=\"Brandschutz f\u00fcr Krankenh\u00e4user und Kliniken in Berlin\" \/>\n<meta property=\"og:description\" content=\"Brandschutz f\u00fcr Krankenh\u00e4user und Kliniken in Berlin: Brandschutzt\u00fcren, Brandschutzvorh\u00e4nge, Entrauchungsleitungen und Schottungen.\" \/>\n<meta property=\"og:url\" content=\"https:\/\/brandschutz-service.berlin\/de\/branchen\/krankenhaeuser-und-kliniken\/\" \/>\n<meta property=\"og:site_name\" content=\"Brandschutz Service Berlin\" \/>\n<meta property=\"article:modified_time\" content=\"2025-10-29T08:59:33+00:00\" \/>\n<meta name=\"twitter:card\" content=\"summary_large_image\" \/>\n<script type=\"application\/ld+json\" class=\"yoast-schema-graph\">{\"@context\":\"https:\\\/\\\/schema.org\",\"@graph\":[{\"@type\":\"WebPage\",\"@id\":\"https:\\\/\\\/brandschutz-service.berlin\\\/de\\\/branchen\\\/krankenhaeuser-und-kliniken\\\/\",\"url\":\"https:\\\/\\\/brandschutz-service.berlin\\\/de\\\/branchen\\\/krankenhaeuser-und-kliniken\\\/\",\"name\":\"Brandschutz f\u00fcr Krankenh\u00e4user und Kliniken in Berlin\",\"isPartOf\":{\"@id\":\"https:\\\/\\\/brandschutz-service.berlin\\\/de\\\/#website\"},\"datePublished\":\"2025-09-15T07:15:47+00:00\",\"dateModified\":\"2025-10-29T08:59:33+00:00\",\"description\":\"Brandschutz f\u00fcr Krankenh\u00e4user und Kliniken in Berlin: Brandschutzt\u00fcren, Brandschutzvorh\u00e4nge, Entrauchungsleitungen und Schottungen.\",\"breadcrumb\":{\"@id\":\"https:\\\/\\\/brandschutz-service.berlin\\\/de\\\/branchen\\\/krankenhaeuser-und-kliniken\\\/#breadcrumb\"},\"inLanguage\":\"de\",\"potentialAction\":[{\"@type\":\"ReadAction\",\"target\":[\"https:\\\/\\\/brandschutz-service.berlin\\\/de\\\/branchen\\\/krankenhaeuser-und-kliniken\\\/\"]}]},{\"@type\":\"BreadcrumbList\",\"@id\":\"https:\\\/\\\/brandschutz-service.berlin\\\/de\\\/branchen\\\/krankenhaeuser-und-kliniken\\\/#breadcrumb\",\"itemListElement\":[{\"@type\":\"ListItem\",\"position\":1,\"name\":\"Startseite\",\"item\":\"https:\\\/\\\/brandschutz-service.berlin\\\/de\\\/\"},{\"@type\":\"ListItem\",\"position\":2,\"name\":\"Branchen\",\"item\":\"https:\\\/\\\/brandschutz-service.berlin\\\/de\\\/branchen\\\/\"},{\"@type\":\"ListItem\",\"position\":3,\"name\":\"Krankenh\u00e4user und Kliniken\"}]},{\"@type\":\"WebSite\",\"@id\":\"https:\\\/\\\/brandschutz-service.berlin\\\/de\\\/#website\",\"url\":\"https:\\\/\\\/brandschutz-service.berlin\\\/de\\\/\",\"name\":\"Brandschutz Service Berlin\",\"description\":\"\",\"potentialAction\":[{\"@type\":\"SearchAction\",\"target\":{\"@type\":\"EntryPoint\",\"urlTemplate\":\"https:\\\/\\\/brandschutz-service.berlin\\\/de\\\/?s={search_term_string}\"},\"query-input\":{\"@type\":\"PropertyValueSpecification\",\"valueRequired\":true,\"valueName\":\"search_term_string\"}}],\"inLanguage\":\"de\"}]}<\/script>\n<!-- \/ Yoast SEO plugin. -->","yoast_head_json":{"title":"Brandschutz f\u00fcr Krankenh\u00e4user und Kliniken in Berlin","description":"Brandschutz f\u00fcr Krankenh\u00e4user und Kliniken in Berlin: Brandschutzt\u00fcren, Brandschutzvorh\u00e4nge, Entrauchungsleitungen und Schottungen.","robots":{"index":"index","follow":"follow","max-snippet":"max-snippet:-1","max-image-preview":"max-image-preview:large","max-video-preview":"max-video-preview:-1"},"canonical":"https:\/\/brandschutz-service.berlin\/de\/branchen\/krankenhaeuser-und-kliniken\/","og_locale":"de_DE","og_type":"article","og_title":"Brandschutz f\u00fcr Krankenh\u00e4user und Kliniken in Berlin","og_description":"Brandschutz f\u00fcr Krankenh\u00e4user und Kliniken in Berlin: Brandschutzt\u00fcren, Brandschutzvorh\u00e4nge, Entrauchungsleitungen und Schottungen.","og_url":"https:\/\/brandschutz-service.berlin\/de\/branchen\/krankenhaeuser-und-kliniken\/","og_site_name":"Brandschutz Service Berlin","article_modified_time":"2025-10-29T08:59:33+00:00","twitter_card":"summary_large_image","schema":{"@context":"https:\/\/schema.org","@graph":[{"@type":"WebPage","@id":"https:\/\/brandschutz-service.berlin\/de\/branchen\/krankenhaeuser-und-kliniken\/","url":"https:\/\/brandschutz-service.berlin\/de\/branchen\/krankenhaeuser-und-kliniken\/","name":"Brandschutz f\u00fcr Krankenh\u00e4user und Kliniken in Berlin","isPartOf":{"@id":"https:\/\/brandschutz-service.berlin\/de\/#website"},"datePublished":"2025-09-15T07:15:47+00:00","dateModified":"2025-10-29T08:59:33+00:00","description":"Brandschutz f\u00fcr Krankenh\u00e4user und Kliniken in Berlin: Brandschutzt\u00fcren, Brandschutzvorh\u00e4nge, Entrauchungsleitungen und Schottungen.","breadcrumb":{"@id":"https:\/\/brandschutz-service.berlin\/de\/branchen\/krankenhaeuser-und-kliniken\/#breadcrumb"},"inLanguage":"de","potentialAction":[{"@type":"ReadAction","target":["https:\/\/brandschutz-service.berlin\/de\/branchen\/krankenhaeuser-und-kliniken\/"]}]},{"@type":"BreadcrumbList","@id":"https:\/\/brandschutz-service.berlin\/de\/branchen\/krankenhaeuser-und-kliniken\/#breadcrumb","itemListElement":[{"@type":"ListItem","position":1,"name":"Startseite","item":"https:\/\/brandschutz-service.berlin\/de\/"},{"@type":"ListItem","position":2,"name":"Branchen","item":"https:\/\/brandschutz-service.berlin\/de\/branchen\/"},{"@type":"ListItem","position":3,"name":"Krankenh\u00e4user und Kliniken"}]},{"@type":"WebSite","@id":"https:\/\/brandschutz-service.berlin\/de\/#website","url":"https:\/\/brandschutz-service.berlin\/de\/","name":"Brandschutz Service Berlin","description":"","potentialAction":[{"@type":"SearchAction","target":{"@type":"EntryPoint","urlTemplate":"https:\/\/brandschutz-service.berlin\/de\/?s={search_term_string}"},"query-input":{"@type":"PropertyValueSpecification","valueRequired":true,"valueName":"search_term_string"}}],"inLanguage":"de"}]}},"_links":{"self":[{"href":"https:\/\/brandschutz-service.berlin\/de\/wp-json\/wp\/v2\/pages\/626","targetHints":{"allow":["GET"]}}],"collection":[{"href":"https:\/\/brandschutz-service.berlin\/de\/wp-json\/wp\/v2\/pages"}],"about":[{"href":"https:\/\/brandschutz-service.berlin\/de\/wp-json\/wp\/v2\/types\/page"}],"author":[{"embeddable":true,"href":"https:\/\/brandschutz-service.berlin\/de\/wp-json\/wp\/v2\/users\/1"}],"replies":[{"embeddable":true,"href":"https:\/\/brandschutz-service.berlin\/de\/wp-json\/wp\/v2\/comments?post=626"}],"version-history":[{"count":0,"href":"https:\/\/brandschutz-service.berlin\/de\/wp-json\/wp\/v2\/pages\/626\/revisions"}],"up":[{"embeddable":true,"href":"https:\/\/brandschutz-service.berlin\/de\/wp-json\/wp\/v2\/pages\/616"}],"wp:attachment":[{"href":"https:\/\/brandschutz-service.berlin\/de\/wp-json\/wp\/v2\/media?parent=626"}],"curies":[{"name":"wp","href":"https:\/\/api.w.org\/{rel}","templated":true}]}}