{"id":573,"date":"2025-09-15T08:09:28","date_gmt":"2025-09-15T06:09:28","guid":{"rendered":"https:\/\/brandschutz-service.berlin\/?page_id=573"},"modified":"2025-11-27T09:46:43","modified_gmt":"2025-11-27T08:46:43","slug":"vorbeugender-brandschutz","status":"publish","type":"page","link":"https:\/\/brandschutz-service.berlin\/de\/baubegleitung\/vorbeugender-brandschutz\/","title":{"rendered":"Vorbeugender Brandschutz"},"content":{"rendered":"","protected":false},"excerpt":{"rendered":"","protected":false},"author":1,"featured_media":0,"parent":495,"menu_order":0,"comment_status":"closed","ping_status":"closed","template":"templates\/page-baubegleitung.php","meta":{"_acf_changed":false,"footnotes":""},"class_list":["post-573","page","type-page","status-publish","hentry","entry"],"acf":[],"yoast_head":"<!-- This site is optimized with the Yoast SEO plugin v27.3 - https:\/\/yoast.com\/product\/yoast-seo-wordpress\/ -->\n<title>Vorbeugender Brandschutz und Service in Berlin<\/title>\n<meta name=\"description\" content=\"Vorbeugender Brandschutz Berlin: Das Vermeiden von Br\u00e4nden ist eine Frage von Planung, Beratung und Durchf\u00fchrung der Ma\u00dfnahmen.\" \/>\n<meta name=\"robots\" content=\"index, follow, max-snippet:-1, max-image-preview:large, max-video-preview:-1\" \/>\n<link rel=\"canonical\" href=\"https:\/\/brandschutz-service.berlin\/de\/baubegleitung\/vorbeugender-brandschutz\/\" \/>\n<meta property=\"og:locale\" content=\"de_DE\" \/>\n<meta property=\"og:type\" content=\"article\" \/>\n<meta property=\"og:title\" content=\"Vorbeugender Brandschutz und Service in Berlin\" \/>\n<meta property=\"og:description\" content=\"Vorbeugender Brandschutz Berlin: Das Vermeiden von Br\u00e4nden ist eine Frage von Planung, Beratung und Durchf\u00fchrung der Ma\u00dfnahmen.\" \/>\n<meta property=\"og:url\" content=\"https:\/\/brandschutz-service.berlin\/de\/baubegleitung\/vorbeugender-brandschutz\/\" \/>\n<meta property=\"og:site_name\" content=\"Brandschutz Service Berlin\" \/>\n<meta property=\"article:modified_time\" content=\"2025-11-27T08:46:43+00:00\" \/>\n<meta name=\"twitter:card\" content=\"summary_large_image\" \/>\n<script type=\"application\/ld+json\" class=\"yoast-schema-graph\">{\"@context\":\"https:\\\/\\\/schema.org\",\"@graph\":[{\"@type\":\"WebPage\",\"@id\":\"https:\\\/\\\/brandschutz-service.berlin\\\/de\\\/baubegleitung\\\/vorbeugender-brandschutz\\\/\",\"url\":\"https:\\\/\\\/brandschutz-service.berlin\\\/de\\\/baubegleitung\\\/vorbeugender-brandschutz\\\/\",\"name\":\"Vorbeugender Brandschutz und Service in Berlin\",\"isPartOf\":{\"@id\":\"https:\\\/\\\/brandschutz-service.berlin\\\/de\\\/#website\"},\"datePublished\":\"2025-09-15T06:09:28+00:00\",\"dateModified\":\"2025-11-27T08:46:43+00:00\",\"description\":\"Vorbeugender Brandschutz Berlin: Das Vermeiden von Br\u00e4nden ist eine Frage von Planung, Beratung und Durchf\u00fchrung der Ma\u00dfnahmen.\",\"breadcrumb\":{\"@id\":\"https:\\\/\\\/brandschutz-service.berlin\\\/de\\\/baubegleitung\\\/vorbeugender-brandschutz\\\/#breadcrumb\"},\"inLanguage\":\"de\",\"potentialAction\":[{\"@type\":\"ReadAction\",\"target\":[\"https:\\\/\\\/brandschutz-service.berlin\\\/de\\\/baubegleitung\\\/vorbeugender-brandschutz\\\/\"]}]},{\"@type\":\"BreadcrumbList\",\"@id\":\"https:\\\/\\\/brandschutz-service.berlin\\\/de\\\/baubegleitung\\\/vorbeugender-brandschutz\\\/#breadcrumb\",\"itemListElement\":[{\"@type\":\"ListItem\",\"position\":1,\"name\":\"Startseite\",\"item\":\"https:\\\/\\\/brandschutz-service.berlin\\\/de\\\/\"},{\"@type\":\"ListItem\",\"position\":2,\"name\":\"Baubegleitung\",\"item\":\"https:\\\/\\\/brandschutz-service.berlin\\\/de\\\/baubegleitung\\\/\"},{\"@type\":\"ListItem\",\"position\":3,\"name\":\"Vorbeugender Brandschutz\"}]},{\"@type\":\"WebSite\",\"@id\":\"https:\\\/\\\/brandschutz-service.berlin\\\/de\\\/#website\",\"url\":\"https:\\\/\\\/brandschutz-service.berlin\\\/de\\\/\",\"name\":\"Brandschutz Service Berlin\",\"description\":\"\",\"potentialAction\":[{\"@type\":\"SearchAction\",\"target\":{\"@type\":\"EntryPoint\",\"urlTemplate\":\"https:\\\/\\\/brandschutz-service.berlin\\\/de\\\/?s={search_term_string}\"},\"query-input\":{\"@type\":\"PropertyValueSpecification\",\"valueRequired\":true,\"valueName\":\"search_term_string\"}}],\"inLanguage\":\"de\"}]}<\/script>\n<!-- \/ Yoast SEO plugin. -->","yoast_head_json":{"title":"Vorbeugender Brandschutz und Service in Berlin","description":"Vorbeugender Brandschutz Berlin: Das Vermeiden von Br\u00e4nden ist eine Frage von Planung, Beratung und Durchf\u00fchrung der Ma\u00dfnahmen.","robots":{"index":"index","follow":"follow","max-snippet":"max-snippet:-1","max-image-preview":"max-image-preview:large","max-video-preview":"max-video-preview:-1"},"canonical":"https:\/\/brandschutz-service.berlin\/de\/baubegleitung\/vorbeugender-brandschutz\/","og_locale":"de_DE","og_type":"article","og_title":"Vorbeugender Brandschutz und Service in Berlin","og_description":"Vorbeugender Brandschutz Berlin: Das Vermeiden von Br\u00e4nden ist eine Frage von Planung, Beratung und Durchf\u00fchrung der Ma\u00dfnahmen.","og_url":"https:\/\/brandschutz-service.berlin\/de\/baubegleitung\/vorbeugender-brandschutz\/","og_site_name":"Brandschutz Service Berlin","article_modified_time":"2025-11-27T08:46:43+00:00","twitter_card":"summary_large_image","schema":{"@context":"https:\/\/schema.org","@graph":[{"@type":"WebPage","@id":"https:\/\/brandschutz-service.berlin\/de\/baubegleitung\/vorbeugender-brandschutz\/","url":"https:\/\/brandschutz-service.berlin\/de\/baubegleitung\/vorbeugender-brandschutz\/","name":"Vorbeugender Brandschutz und Service in Berlin","isPartOf":{"@id":"https:\/\/brandschutz-service.berlin\/de\/#website"},"datePublished":"2025-09-15T06:09:28+00:00","dateModified":"2025-11-27T08:46:43+00:00","description":"Vorbeugender Brandschutz Berlin: Das Vermeiden von Br\u00e4nden ist eine Frage von Planung, Beratung und Durchf\u00fchrung der Ma\u00dfnahmen.","breadcrumb":{"@id":"https:\/\/brandschutz-service.berlin\/de\/baubegleitung\/vorbeugender-brandschutz\/#breadcrumb"},"inLanguage":"de","potentialAction":[{"@type":"ReadAction","target":["https:\/\/brandschutz-service.berlin\/de\/baubegleitung\/vorbeugender-brandschutz\/"]}]},{"@type":"BreadcrumbList","@id":"https:\/\/brandschutz-service.berlin\/de\/baubegleitung\/vorbeugender-brandschutz\/#breadcrumb","itemListElement":[{"@type":"ListItem","position":1,"name":"Startseite","item":"https:\/\/brandschutz-service.berlin\/de\/"},{"@type":"ListItem","position":2,"name":"Baubegleitung","item":"https:\/\/brandschutz-service.berlin\/de\/baubegleitung\/"},{"@type":"ListItem","position":3,"name":"Vorbeugender Brandschutz"}]},{"@type":"WebSite","@id":"https:\/\/brandschutz-service.berlin\/de\/#website","url":"https:\/\/brandschutz-service.berlin\/de\/","name":"Brandschutz Service Berlin","description":"","potentialAction":[{"@type":"SearchAction","target":{"@type":"EntryPoint","urlTemplate":"https:\/\/brandschutz-service.berlin\/de\/?s={search_term_string}"},"query-input":{"@type":"PropertyValueSpecification","valueRequired":true,"valueName":"search_term_string"}}],"inLanguage":"de"}]}},"_links":{"self":[{"href":"https:\/\/brandschutz-service.berlin\/de\/wp-json\/wp\/v2\/pages\/573","targetHints":{"allow":["GET"]}}],"collection":[{"href":"https:\/\/brandschutz-service.berlin\/de\/wp-json\/wp\/v2\/pages"}],"about":[{"href":"https:\/\/brandschutz-service.berlin\/de\/wp-json\/wp\/v2\/types\/page"}],"author":[{"embeddable":true,"href":"https:\/\/brandschutz-service.berlin\/de\/wp-json\/wp\/v2\/users\/1"}],"replies":[{"embeddable":true,"href":"https:\/\/brandschutz-service.berlin\/de\/wp-json\/wp\/v2\/comments?post=573"}],"version-history":[{"count":0,"href":"https:\/\/brandschutz-service.berlin\/de\/wp-json\/wp\/v2\/pages\/573\/revisions"}],"up":[{"embeddable":true,"href":"https:\/\/brandschutz-service.berlin\/de\/wp-json\/wp\/v2\/pages\/495"}],"wp:attachment":[{"href":"https:\/\/brandschutz-service.berlin\/de\/wp-json\/wp\/v2\/media?parent=573"}],"curies":[{"name":"wp","href":"https:\/\/api.w.org\/{rel}","templated":true}]}}