{"id":474,"date":"2025-09-11T09:48:42","date_gmt":"2025-09-11T07:48:42","guid":{"rendered":"https:\/\/brandschutz-service.berlin\/?page_id=474"},"modified":"2026-03-25T09:41:14","modified_gmt":"2026-03-25T08:41:14","slug":"stahlstuetzen-und-stahltraeger","status":"publish","type":"page","link":"https:\/\/brandschutz-service.berlin\/de\/montage\/stahlstuetzen-und-stahltraeger\/","title":{"rendered":"Stahlst\u00fctzen und Stahltr\u00e4ger"},"content":{"rendered":"","protected":false},"excerpt":{"rendered":"","protected":false},"author":1,"featured_media":0,"parent":172,"menu_order":0,"comment_status":"closed","ping_status":"closed","template":"templates\/page-montage.php","meta":{"_acf_changed":false,"footnotes":""},"class_list":["post-474","page","type-page","status-publish","hentry","entry"],"acf":[],"yoast_head":"<!-- This site is optimized with the Yoast SEO plugin v27.3 - https:\/\/yoast.com\/product\/yoast-seo-wordpress\/ -->\n<title>Stahlst\u00fctzen und Stahltr\u00e4ger von Brandschutz Service Berlin<\/title>\n<meta name=\"description\" content=\"Stahlst\u00fctzen und Stahltr\u00e4ger in Berlin: Alle Geb\u00e4ude, mit tragenden Stahlt\u00e4gern, ben\u00f6tigen besondere Vorkehrungen im Bereich des baulichen Brandschutzes.\" \/>\n<meta name=\"robots\" content=\"index, follow, max-snippet:-1, max-image-preview:large, max-video-preview:-1\" \/>\n<link rel=\"canonical\" href=\"https:\/\/brandschutz-service.berlin\/de\/montage\/stahlstuetzen-und-stahltraeger\/\" \/>\n<meta property=\"og:locale\" content=\"de_DE\" \/>\n<meta property=\"og:type\" content=\"article\" \/>\n<meta property=\"og:title\" content=\"Stahlst\u00fctzen und Stahltr\u00e4ger von Brandschutz Service Berlin\" \/>\n<meta property=\"og:description\" content=\"Stahlst\u00fctzen und Stahltr\u00e4ger in Berlin: Alle Geb\u00e4ude, mit tragenden Stahlt\u00e4gern, ben\u00f6tigen besondere Vorkehrungen im Bereich des baulichen Brandschutzes.\" \/>\n<meta property=\"og:url\" content=\"https:\/\/brandschutz-service.berlin\/de\/montage\/stahlstuetzen-und-stahltraeger\/\" \/>\n<meta property=\"og:site_name\" content=\"Brandschutz Service Berlin\" \/>\n<meta property=\"article:modified_time\" content=\"2026-03-25T08:41:14+00:00\" \/>\n<meta name=\"twitter:card\" content=\"summary_large_image\" \/>\n<script type=\"application\/ld+json\" class=\"yoast-schema-graph\">{\"@context\":\"https:\\\/\\\/schema.org\",\"@graph\":[{\"@type\":\"WebPage\",\"@id\":\"https:\\\/\\\/brandschutz-service.berlin\\\/de\\\/montage\\\/stahlstuetzen-und-stahltraeger\\\/\",\"url\":\"https:\\\/\\\/brandschutz-service.berlin\\\/de\\\/montage\\\/stahlstuetzen-und-stahltraeger\\\/\",\"name\":\"Stahlst\u00fctzen und Stahltr\u00e4ger von Brandschutz Service Berlin\",\"isPartOf\":{\"@id\":\"https:\\\/\\\/brandschutz-service.berlin\\\/de\\\/#website\"},\"datePublished\":\"2025-09-11T07:48:42+00:00\",\"dateModified\":\"2026-03-25T08:41:14+00:00\",\"description\":\"Stahlst\u00fctzen und Stahltr\u00e4ger in Berlin: Alle Geb\u00e4ude, mit tragenden Stahlt\u00e4gern, ben\u00f6tigen besondere Vorkehrungen im Bereich des baulichen Brandschutzes.\",\"breadcrumb\":{\"@id\":\"https:\\\/\\\/brandschutz-service.berlin\\\/de\\\/montage\\\/stahlstuetzen-und-stahltraeger\\\/#breadcrumb\"},\"inLanguage\":\"de\",\"potentialAction\":[{\"@type\":\"ReadAction\",\"target\":[\"https:\\\/\\\/brandschutz-service.berlin\\\/de\\\/montage\\\/stahlstuetzen-und-stahltraeger\\\/\"]}]},{\"@type\":\"BreadcrumbList\",\"@id\":\"https:\\\/\\\/brandschutz-service.berlin\\\/de\\\/montage\\\/stahlstuetzen-und-stahltraeger\\\/#breadcrumb\",\"itemListElement\":[{\"@type\":\"ListItem\",\"position\":1,\"name\":\"Startseite\",\"item\":\"https:\\\/\\\/brandschutz-service.berlin\\\/de\\\/\"},{\"@type\":\"ListItem\",\"position\":2,\"name\":\"Montage\",\"item\":\"https:\\\/\\\/brandschutz-service.berlin\\\/de\\\/montage\\\/\"},{\"@type\":\"ListItem\",\"position\":3,\"name\":\"Stahlst\u00fctzen und Stahltr\u00e4ger\"}]},{\"@type\":\"WebSite\",\"@id\":\"https:\\\/\\\/brandschutz-service.berlin\\\/de\\\/#website\",\"url\":\"https:\\\/\\\/brandschutz-service.berlin\\\/de\\\/\",\"name\":\"Brandschutz Service Berlin\",\"description\":\"\",\"potentialAction\":[{\"@type\":\"SearchAction\",\"target\":{\"@type\":\"EntryPoint\",\"urlTemplate\":\"https:\\\/\\\/brandschutz-service.berlin\\\/de\\\/?s={search_term_string}\"},\"query-input\":{\"@type\":\"PropertyValueSpecification\",\"valueRequired\":true,\"valueName\":\"search_term_string\"}}],\"inLanguage\":\"de\"}]}<\/script>\n<!-- \/ Yoast SEO plugin. -->","yoast_head_json":{"title":"Stahlst\u00fctzen und Stahltr\u00e4ger von Brandschutz Service Berlin","description":"Stahlst\u00fctzen und Stahltr\u00e4ger in Berlin: Alle Geb\u00e4ude, mit tragenden Stahlt\u00e4gern, ben\u00f6tigen besondere Vorkehrungen im Bereich des baulichen Brandschutzes.","robots":{"index":"index","follow":"follow","max-snippet":"max-snippet:-1","max-image-preview":"max-image-preview:large","max-video-preview":"max-video-preview:-1"},"canonical":"https:\/\/brandschutz-service.berlin\/de\/montage\/stahlstuetzen-und-stahltraeger\/","og_locale":"de_DE","og_type":"article","og_title":"Stahlst\u00fctzen und Stahltr\u00e4ger von Brandschutz Service Berlin","og_description":"Stahlst\u00fctzen und Stahltr\u00e4ger in Berlin: Alle Geb\u00e4ude, mit tragenden Stahlt\u00e4gern, ben\u00f6tigen besondere Vorkehrungen im Bereich des baulichen Brandschutzes.","og_url":"https:\/\/brandschutz-service.berlin\/de\/montage\/stahlstuetzen-und-stahltraeger\/","og_site_name":"Brandschutz Service Berlin","article_modified_time":"2026-03-25T08:41:14+00:00","twitter_card":"summary_large_image","schema":{"@context":"https:\/\/schema.org","@graph":[{"@type":"WebPage","@id":"https:\/\/brandschutz-service.berlin\/de\/montage\/stahlstuetzen-und-stahltraeger\/","url":"https:\/\/brandschutz-service.berlin\/de\/montage\/stahlstuetzen-und-stahltraeger\/","name":"Stahlst\u00fctzen und Stahltr\u00e4ger von Brandschutz Service Berlin","isPartOf":{"@id":"https:\/\/brandschutz-service.berlin\/de\/#website"},"datePublished":"2025-09-11T07:48:42+00:00","dateModified":"2026-03-25T08:41:14+00:00","description":"Stahlst\u00fctzen und Stahltr\u00e4ger in Berlin: Alle Geb\u00e4ude, mit tragenden Stahlt\u00e4gern, ben\u00f6tigen besondere Vorkehrungen im Bereich des baulichen Brandschutzes.","breadcrumb":{"@id":"https:\/\/brandschutz-service.berlin\/de\/montage\/stahlstuetzen-und-stahltraeger\/#breadcrumb"},"inLanguage":"de","potentialAction":[{"@type":"ReadAction","target":["https:\/\/brandschutz-service.berlin\/de\/montage\/stahlstuetzen-und-stahltraeger\/"]}]},{"@type":"BreadcrumbList","@id":"https:\/\/brandschutz-service.berlin\/de\/montage\/stahlstuetzen-und-stahltraeger\/#breadcrumb","itemListElement":[{"@type":"ListItem","position":1,"name":"Startseite","item":"https:\/\/brandschutz-service.berlin\/de\/"},{"@type":"ListItem","position":2,"name":"Montage","item":"https:\/\/brandschutz-service.berlin\/de\/montage\/"},{"@type":"ListItem","position":3,"name":"Stahlst\u00fctzen und Stahltr\u00e4ger"}]},{"@type":"WebSite","@id":"https:\/\/brandschutz-service.berlin\/de\/#website","url":"https:\/\/brandschutz-service.berlin\/de\/","name":"Brandschutz Service Berlin","description":"","potentialAction":[{"@type":"SearchAction","target":{"@type":"EntryPoint","urlTemplate":"https:\/\/brandschutz-service.berlin\/de\/?s={search_term_string}"},"query-input":{"@type":"PropertyValueSpecification","valueRequired":true,"valueName":"search_term_string"}}],"inLanguage":"de"}]}},"_links":{"self":[{"href":"https:\/\/brandschutz-service.berlin\/de\/wp-json\/wp\/v2\/pages\/474","targetHints":{"allow":["GET"]}}],"collection":[{"href":"https:\/\/brandschutz-service.berlin\/de\/wp-json\/wp\/v2\/pages"}],"about":[{"href":"https:\/\/brandschutz-service.berlin\/de\/wp-json\/wp\/v2\/types\/page"}],"author":[{"embeddable":true,"href":"https:\/\/brandschutz-service.berlin\/de\/wp-json\/wp\/v2\/users\/1"}],"replies":[{"embeddable":true,"href":"https:\/\/brandschutz-service.berlin\/de\/wp-json\/wp\/v2\/comments?post=474"}],"version-history":[{"count":2,"href":"https:\/\/brandschutz-service.berlin\/de\/wp-json\/wp\/v2\/pages\/474\/revisions"}],"predecessor-version":[{"id":4476,"href":"https:\/\/brandschutz-service.berlin\/de\/wp-json\/wp\/v2\/pages\/474\/revisions\/4476"}],"up":[{"embeddable":true,"href":"https:\/\/brandschutz-service.berlin\/de\/wp-json\/wp\/v2\/pages\/172"}],"wp:attachment":[{"href":"https:\/\/brandschutz-service.berlin\/de\/wp-json\/wp\/v2\/media?parent=474"}],"curies":[{"name":"wp","href":"https:\/\/api.w.org\/{rel}","templated":true}]}}