{"id":464,"date":"2025-09-11T09:37:44","date_gmt":"2025-09-11T07:37:44","guid":{"rendered":"https:\/\/brandschutz-service.berlin\/?page_id=464"},"modified":"2026-03-30T13:28:57","modified_gmt":"2026-03-30T11:28:57","slug":"verkleidung-lueftungskanaele-und-kabeltrassen","status":"publish","type":"page","link":"https:\/\/brandschutz-service.berlin\/de\/montage\/verkleidung-lueftungskanaele-und-kabeltrassen\/","title":{"rendered":"Verkleidung L\u00fcftungskan\u00e4le und Kabeltrassen"},"content":{"rendered":"","protected":false},"excerpt":{"rendered":"","protected":false},"author":1,"featured_media":0,"parent":172,"menu_order":0,"comment_status":"closed","ping_status":"closed","template":"templates\/page-montage.php","meta":{"_acf_changed":false,"footnotes":""},"class_list":["post-464","page","type-page","status-publish","hentry","entry"],"acf":[],"yoast_head":"<!-- This site is optimized with the Yoast SEO plugin v27.3 - https:\/\/yoast.com\/product\/yoast-seo-wordpress\/ -->\n<title>Verkleidung L\u00fcftungskan\u00e4le und Kabeltrassen in Berlin<\/title>\n<meta name=\"description\" content=\"Verkleidung L\u00fcftungskan\u00e4le und Kabeltrassen von Brandschutz Service Berlin: Kabeltrassen, Differenzierte Schutzziele f\u00fcr elektrische Leitungen.\" \/>\n<meta name=\"robots\" content=\"index, follow, max-snippet:-1, max-image-preview:large, max-video-preview:-1\" \/>\n<link rel=\"canonical\" href=\"https:\/\/brandschutz-service.berlin\/de\/montage\/verkleidung-lueftungskanaele-und-kabeltrassen\/\" \/>\n<meta property=\"og:locale\" content=\"de_DE\" \/>\n<meta property=\"og:type\" content=\"article\" \/>\n<meta property=\"og:title\" content=\"Verkleidung L\u00fcftungskan\u00e4le und Kabeltrassen in Berlin\" \/>\n<meta property=\"og:description\" content=\"Verkleidung L\u00fcftungskan\u00e4le und Kabeltrassen von Brandschutz Service Berlin: Kabeltrassen, Differenzierte Schutzziele f\u00fcr elektrische Leitungen.\" \/>\n<meta property=\"og:url\" content=\"https:\/\/brandschutz-service.berlin\/de\/montage\/verkleidung-lueftungskanaele-und-kabeltrassen\/\" \/>\n<meta property=\"og:site_name\" content=\"Brandschutz Service Berlin\" \/>\n<meta property=\"article:modified_time\" content=\"2026-03-30T11:28:57+00:00\" \/>\n<meta name=\"twitter:card\" content=\"summary_large_image\" \/>\n<script type=\"application\/ld+json\" class=\"yoast-schema-graph\">{\"@context\":\"https:\\\/\\\/schema.org\",\"@graph\":[{\"@type\":\"WebPage\",\"@id\":\"https:\\\/\\\/brandschutz-service.berlin\\\/de\\\/montage\\\/verkleidung-lueftungskanaele-und-kabeltrassen\\\/\",\"url\":\"https:\\\/\\\/brandschutz-service.berlin\\\/de\\\/montage\\\/verkleidung-lueftungskanaele-und-kabeltrassen\\\/\",\"name\":\"Verkleidung L\u00fcftungskan\u00e4le und Kabeltrassen in Berlin\",\"isPartOf\":{\"@id\":\"https:\\\/\\\/brandschutz-service.berlin\\\/de\\\/#website\"},\"datePublished\":\"2025-09-11T07:37:44+00:00\",\"dateModified\":\"2026-03-30T11:28:57+00:00\",\"description\":\"Verkleidung L\u00fcftungskan\u00e4le und Kabeltrassen von Brandschutz Service Berlin: Kabeltrassen, Differenzierte Schutzziele f\u00fcr elektrische Leitungen.\",\"breadcrumb\":{\"@id\":\"https:\\\/\\\/brandschutz-service.berlin\\\/de\\\/montage\\\/verkleidung-lueftungskanaele-und-kabeltrassen\\\/#breadcrumb\"},\"inLanguage\":\"de\",\"potentialAction\":[{\"@type\":\"ReadAction\",\"target\":[\"https:\\\/\\\/brandschutz-service.berlin\\\/de\\\/montage\\\/verkleidung-lueftungskanaele-und-kabeltrassen\\\/\"]}]},{\"@type\":\"BreadcrumbList\",\"@id\":\"https:\\\/\\\/brandschutz-service.berlin\\\/de\\\/montage\\\/verkleidung-lueftungskanaele-und-kabeltrassen\\\/#breadcrumb\",\"itemListElement\":[{\"@type\":\"ListItem\",\"position\":1,\"name\":\"Startseite\",\"item\":\"https:\\\/\\\/brandschutz-service.berlin\\\/de\\\/\"},{\"@type\":\"ListItem\",\"position\":2,\"name\":\"Montage\",\"item\":\"https:\\\/\\\/brandschutz-service.berlin\\\/de\\\/montage\\\/\"},{\"@type\":\"ListItem\",\"position\":3,\"name\":\"Verkleidung L\u00fcftungskan\u00e4le und Kabeltrassen\"}]},{\"@type\":\"WebSite\",\"@id\":\"https:\\\/\\\/brandschutz-service.berlin\\\/de\\\/#website\",\"url\":\"https:\\\/\\\/brandschutz-service.berlin\\\/de\\\/\",\"name\":\"Brandschutz Service Berlin\",\"description\":\"\",\"potentialAction\":[{\"@type\":\"SearchAction\",\"target\":{\"@type\":\"EntryPoint\",\"urlTemplate\":\"https:\\\/\\\/brandschutz-service.berlin\\\/de\\\/?s={search_term_string}\"},\"query-input\":{\"@type\":\"PropertyValueSpecification\",\"valueRequired\":true,\"valueName\":\"search_term_string\"}}],\"inLanguage\":\"de\"}]}<\/script>\n<!-- \/ Yoast SEO plugin. -->","yoast_head_json":{"title":"Verkleidung L\u00fcftungskan\u00e4le und Kabeltrassen in Berlin","description":"Verkleidung L\u00fcftungskan\u00e4le und Kabeltrassen von Brandschutz Service Berlin: Kabeltrassen, Differenzierte Schutzziele f\u00fcr elektrische Leitungen.","robots":{"index":"index","follow":"follow","max-snippet":"max-snippet:-1","max-image-preview":"max-image-preview:large","max-video-preview":"max-video-preview:-1"},"canonical":"https:\/\/brandschutz-service.berlin\/de\/montage\/verkleidung-lueftungskanaele-und-kabeltrassen\/","og_locale":"de_DE","og_type":"article","og_title":"Verkleidung L\u00fcftungskan\u00e4le und Kabeltrassen in Berlin","og_description":"Verkleidung L\u00fcftungskan\u00e4le und Kabeltrassen von Brandschutz Service Berlin: Kabeltrassen, Differenzierte Schutzziele f\u00fcr elektrische Leitungen.","og_url":"https:\/\/brandschutz-service.berlin\/de\/montage\/verkleidung-lueftungskanaele-und-kabeltrassen\/","og_site_name":"Brandschutz Service Berlin","article_modified_time":"2026-03-30T11:28:57+00:00","twitter_card":"summary_large_image","schema":{"@context":"https:\/\/schema.org","@graph":[{"@type":"WebPage","@id":"https:\/\/brandschutz-service.berlin\/de\/montage\/verkleidung-lueftungskanaele-und-kabeltrassen\/","url":"https:\/\/brandschutz-service.berlin\/de\/montage\/verkleidung-lueftungskanaele-und-kabeltrassen\/","name":"Verkleidung L\u00fcftungskan\u00e4le und Kabeltrassen in Berlin","isPartOf":{"@id":"https:\/\/brandschutz-service.berlin\/de\/#website"},"datePublished":"2025-09-11T07:37:44+00:00","dateModified":"2026-03-30T11:28:57+00:00","description":"Verkleidung L\u00fcftungskan\u00e4le und Kabeltrassen von Brandschutz Service Berlin: Kabeltrassen, Differenzierte Schutzziele f\u00fcr elektrische Leitungen.","breadcrumb":{"@id":"https:\/\/brandschutz-service.berlin\/de\/montage\/verkleidung-lueftungskanaele-und-kabeltrassen\/#breadcrumb"},"inLanguage":"de","potentialAction":[{"@type":"ReadAction","target":["https:\/\/brandschutz-service.berlin\/de\/montage\/verkleidung-lueftungskanaele-und-kabeltrassen\/"]}]},{"@type":"BreadcrumbList","@id":"https:\/\/brandschutz-service.berlin\/de\/montage\/verkleidung-lueftungskanaele-und-kabeltrassen\/#breadcrumb","itemListElement":[{"@type":"ListItem","position":1,"name":"Startseite","item":"https:\/\/brandschutz-service.berlin\/de\/"},{"@type":"ListItem","position":2,"name":"Montage","item":"https:\/\/brandschutz-service.berlin\/de\/montage\/"},{"@type":"ListItem","position":3,"name":"Verkleidung L\u00fcftungskan\u00e4le und Kabeltrassen"}]},{"@type":"WebSite","@id":"https:\/\/brandschutz-service.berlin\/de\/#website","url":"https:\/\/brandschutz-service.berlin\/de\/","name":"Brandschutz Service Berlin","description":"","potentialAction":[{"@type":"SearchAction","target":{"@type":"EntryPoint","urlTemplate":"https:\/\/brandschutz-service.berlin\/de\/?s={search_term_string}"},"query-input":{"@type":"PropertyValueSpecification","valueRequired":true,"valueName":"search_term_string"}}],"inLanguage":"de"}]}},"_links":{"self":[{"href":"https:\/\/brandschutz-service.berlin\/de\/wp-json\/wp\/v2\/pages\/464","targetHints":{"allow":["GET"]}}],"collection":[{"href":"https:\/\/brandschutz-service.berlin\/de\/wp-json\/wp\/v2\/pages"}],"about":[{"href":"https:\/\/brandschutz-service.berlin\/de\/wp-json\/wp\/v2\/types\/page"}],"author":[{"embeddable":true,"href":"https:\/\/brandschutz-service.berlin\/de\/wp-json\/wp\/v2\/users\/1"}],"replies":[{"embeddable":true,"href":"https:\/\/brandschutz-service.berlin\/de\/wp-json\/wp\/v2\/comments?post=464"}],"version-history":[{"count":1,"href":"https:\/\/brandschutz-service.berlin\/de\/wp-json\/wp\/v2\/pages\/464\/revisions"}],"predecessor-version":[{"id":4499,"href":"https:\/\/brandschutz-service.berlin\/de\/wp-json\/wp\/v2\/pages\/464\/revisions\/4499"}],"up":[{"embeddable":true,"href":"https:\/\/brandschutz-service.berlin\/de\/wp-json\/wp\/v2\/pages\/172"}],"wp:attachment":[{"href":"https:\/\/brandschutz-service.berlin\/de\/wp-json\/wp\/v2\/media?parent=464"}],"curies":[{"name":"wp","href":"https:\/\/api.w.org\/{rel}","templated":true}]}}