{"id":441,"date":"2025-09-11T08:27:14","date_gmt":"2025-09-11T06:27:14","guid":{"rendered":"https:\/\/brandschutz-service.berlin\/?page_id=441"},"modified":"2026-03-24T13:12:20","modified_gmt":"2026-03-24T12:12:20","slug":"technische-isolierungen","status":"publish","type":"page","link":"https:\/\/brandschutz-service.berlin\/de\/montage\/technische-isolierungen\/","title":{"rendered":"Technische Isolierungen"},"content":{"rendered":"","protected":false},"excerpt":{"rendered":"","protected":false},"author":1,"featured_media":0,"parent":172,"menu_order":0,"comment_status":"closed","ping_status":"closed","template":"templates\/page-new-template-1.php","meta":{"_acf_changed":false,"footnotes":""},"class_list":["post-441","page","type-page","status-publish","hentry","entry"],"acf":[],"yoast_head":"<!-- This site is optimized with the Yoast SEO plugin v27.3 - https:\/\/yoast.com\/product\/yoast-seo-wordpress\/ -->\n<title>Technische Isolierungen Berlin | W\u00e4rme &amp; K\u00e4lteschutz<\/title>\n<meta name=\"description\" content=\"Fachbetrieb f\u00fcr technische Isolierungen in Berlin: W\u00e4rmeschutz, K\u00e4lteschutz, Schallschutz &amp; Brandschutz. Meisterqualit\u00e4t, normgerecht &amp; zuverl\u00e4ssig umgesetzt. Jetzt beraten lassen.\" \/>\n<meta name=\"robots\" content=\"noindex, nofollow\" \/>\n<meta property=\"og:locale\" content=\"de_DE\" \/>\n<meta property=\"og:type\" content=\"article\" \/>\n<meta property=\"og:title\" content=\"Technische Isolierungen Berlin | W\u00e4rme &amp; K\u00e4lteschutz\" \/>\n<meta property=\"og:description\" content=\"Fachbetrieb f\u00fcr technische Isolierungen in Berlin: W\u00e4rmeschutz, K\u00e4lteschutz, Schallschutz &amp; Brandschutz. Meisterqualit\u00e4t, normgerecht &amp; zuverl\u00e4ssig umgesetzt. Jetzt beraten lassen.\" \/>\n<meta property=\"og:url\" content=\"https:\/\/brandschutz-service.berlin\/de\/montage\/technische-isolierungen\/\" \/>\n<meta property=\"og:site_name\" content=\"Brandschutz Service Berlin\" \/>\n<meta property=\"article:modified_time\" content=\"2026-03-24T12:12:20+00:00\" \/>\n<meta name=\"twitter:card\" content=\"summary_large_image\" \/>\n<script type=\"application\/ld+json\" class=\"yoast-schema-graph\">{\"@context\":\"https:\\\/\\\/schema.org\",\"@graph\":[{\"@type\":\"WebPage\",\"@id\":\"https:\\\/\\\/brandschutz-service.berlin\\\/de\\\/montage\\\/technische-isolierungen\\\/\",\"url\":\"https:\\\/\\\/brandschutz-service.berlin\\\/de\\\/montage\\\/technische-isolierungen\\\/\",\"name\":\"Technische Isolierungen Berlin | W\u00e4rme & K\u00e4lteschutz\",\"isPartOf\":{\"@id\":\"https:\\\/\\\/brandschutz-service.berlin\\\/de\\\/#website\"},\"datePublished\":\"2025-09-11T06:27:14+00:00\",\"dateModified\":\"2026-03-24T12:12:20+00:00\",\"description\":\"Fachbetrieb f\u00fcr technische Isolierungen in Berlin: W\u00e4rmeschutz, K\u00e4lteschutz, Schallschutz & Brandschutz. Meisterqualit\u00e4t, normgerecht & zuverl\u00e4ssig umgesetzt. Jetzt beraten lassen.\",\"breadcrumb\":{\"@id\":\"https:\\\/\\\/brandschutz-service.berlin\\\/de\\\/montage\\\/technische-isolierungen\\\/#breadcrumb\"},\"inLanguage\":\"de\",\"potentialAction\":[{\"@type\":\"ReadAction\",\"target\":[\"https:\\\/\\\/brandschutz-service.berlin\\\/de\\\/montage\\\/technische-isolierungen\\\/\"]}]},{\"@type\":\"BreadcrumbList\",\"@id\":\"https:\\\/\\\/brandschutz-service.berlin\\\/de\\\/montage\\\/technische-isolierungen\\\/#breadcrumb\",\"itemListElement\":[{\"@type\":\"ListItem\",\"position\":1,\"name\":\"Startseite\",\"item\":\"https:\\\/\\\/brandschutz-service.berlin\\\/de\\\/\"},{\"@type\":\"ListItem\",\"position\":2,\"name\":\"Montage\",\"item\":\"https:\\\/\\\/brandschutz-service.berlin\\\/de\\\/montage\\\/\"},{\"@type\":\"ListItem\",\"position\":3,\"name\":\"Technische Isolierungen\"}]},{\"@type\":\"WebSite\",\"@id\":\"https:\\\/\\\/brandschutz-service.berlin\\\/de\\\/#website\",\"url\":\"https:\\\/\\\/brandschutz-service.berlin\\\/de\\\/\",\"name\":\"Brandschutz Service Berlin\",\"description\":\"\",\"potentialAction\":[{\"@type\":\"SearchAction\",\"target\":{\"@type\":\"EntryPoint\",\"urlTemplate\":\"https:\\\/\\\/brandschutz-service.berlin\\\/de\\\/?s={search_term_string}\"},\"query-input\":{\"@type\":\"PropertyValueSpecification\",\"valueRequired\":true,\"valueName\":\"search_term_string\"}}],\"inLanguage\":\"de\"}]}<\/script>\n<!-- \/ Yoast SEO plugin. -->","yoast_head_json":{"title":"Technische Isolierungen Berlin | W\u00e4rme & K\u00e4lteschutz","description":"Fachbetrieb f\u00fcr technische Isolierungen in Berlin: W\u00e4rmeschutz, K\u00e4lteschutz, Schallschutz & Brandschutz. Meisterqualit\u00e4t, normgerecht & zuverl\u00e4ssig umgesetzt. Jetzt beraten lassen.","robots":{"index":"noindex","follow":"nofollow"},"og_locale":"de_DE","og_type":"article","og_title":"Technische Isolierungen Berlin | W\u00e4rme & K\u00e4lteschutz","og_description":"Fachbetrieb f\u00fcr technische Isolierungen in Berlin: W\u00e4rmeschutz, K\u00e4lteschutz, Schallschutz & Brandschutz. Meisterqualit\u00e4t, normgerecht & zuverl\u00e4ssig umgesetzt. Jetzt beraten lassen.","og_url":"https:\/\/brandschutz-service.berlin\/de\/montage\/technische-isolierungen\/","og_site_name":"Brandschutz Service Berlin","article_modified_time":"2026-03-24T12:12:20+00:00","twitter_card":"summary_large_image","schema":{"@context":"https:\/\/schema.org","@graph":[{"@type":"WebPage","@id":"https:\/\/brandschutz-service.berlin\/de\/montage\/technische-isolierungen\/","url":"https:\/\/brandschutz-service.berlin\/de\/montage\/technische-isolierungen\/","name":"Technische Isolierungen Berlin | W\u00e4rme & K\u00e4lteschutz","isPartOf":{"@id":"https:\/\/brandschutz-service.berlin\/de\/#website"},"datePublished":"2025-09-11T06:27:14+00:00","dateModified":"2026-03-24T12:12:20+00:00","description":"Fachbetrieb f\u00fcr technische Isolierungen in Berlin: W\u00e4rmeschutz, K\u00e4lteschutz, Schallschutz & Brandschutz. Meisterqualit\u00e4t, normgerecht & zuverl\u00e4ssig umgesetzt. Jetzt beraten lassen.","breadcrumb":{"@id":"https:\/\/brandschutz-service.berlin\/de\/montage\/technische-isolierungen\/#breadcrumb"},"inLanguage":"de","potentialAction":[{"@type":"ReadAction","target":["https:\/\/brandschutz-service.berlin\/de\/montage\/technische-isolierungen\/"]}]},{"@type":"BreadcrumbList","@id":"https:\/\/brandschutz-service.berlin\/de\/montage\/technische-isolierungen\/#breadcrumb","itemListElement":[{"@type":"ListItem","position":1,"name":"Startseite","item":"https:\/\/brandschutz-service.berlin\/de\/"},{"@type":"ListItem","position":2,"name":"Montage","item":"https:\/\/brandschutz-service.berlin\/de\/montage\/"},{"@type":"ListItem","position":3,"name":"Technische Isolierungen"}]},{"@type":"WebSite","@id":"https:\/\/brandschutz-service.berlin\/de\/#website","url":"https:\/\/brandschutz-service.berlin\/de\/","name":"Brandschutz Service Berlin","description":"","potentialAction":[{"@type":"SearchAction","target":{"@type":"EntryPoint","urlTemplate":"https:\/\/brandschutz-service.berlin\/de\/?s={search_term_string}"},"query-input":{"@type":"PropertyValueSpecification","valueRequired":true,"valueName":"search_term_string"}}],"inLanguage":"de"}]}},"_links":{"self":[{"href":"https:\/\/brandschutz-service.berlin\/de\/wp-json\/wp\/v2\/pages\/441","targetHints":{"allow":["GET"]}}],"collection":[{"href":"https:\/\/brandschutz-service.berlin\/de\/wp-json\/wp\/v2\/pages"}],"about":[{"href":"https:\/\/brandschutz-service.berlin\/de\/wp-json\/wp\/v2\/types\/page"}],"author":[{"embeddable":true,"href":"https:\/\/brandschutz-service.berlin\/de\/wp-json\/wp\/v2\/users\/1"}],"replies":[{"embeddable":true,"href":"https:\/\/brandschutz-service.berlin\/de\/wp-json\/wp\/v2\/comments?post=441"}],"version-history":[{"count":3,"href":"https:\/\/brandschutz-service.berlin\/de\/wp-json\/wp\/v2\/pages\/441\/revisions"}],"predecessor-version":[{"id":4425,"href":"https:\/\/brandschutz-service.berlin\/de\/wp-json\/wp\/v2\/pages\/441\/revisions\/4425"}],"up":[{"embeddable":true,"href":"https:\/\/brandschutz-service.berlin\/de\/wp-json\/wp\/v2\/pages\/172"}],"wp:attachment":[{"href":"https:\/\/brandschutz-service.berlin\/de\/wp-json\/wp\/v2\/media?parent=441"}],"curies":[{"name":"wp","href":"https:\/\/api.w.org\/{rel}","templated":true}]}}