{"id":4030,"date":"2026-02-24T06:08:41","date_gmt":"2026-02-24T05:08:41","guid":{"rendered":"https:\/\/brandschutz-service.berlin\/?page_id=4030"},"modified":"2026-03-12T06:59:09","modified_gmt":"2026-03-12T05:59:09","slug":"potsdam","status":"publish","type":"page","link":"https:\/\/brandschutz-service.berlin\/de\/potsdam\/","title":{"rendered":"Brandschutz Potsdam"},"content":{"rendered":"","protected":false},"excerpt":{"rendered":"","protected":false},"author":1,"featured_media":0,"parent":0,"menu_order":0,"comment_status":"closed","ping_status":"closed","template":"templates\/page-new-template-1.php","meta":{"_acf_changed":false,"footnotes":""},"class_list":["post-4030","page","type-page","status-publish","hentry","entry"],"acf":[],"yoast_head":"<!-- This site is optimized with the Yoast SEO plugin v27.1.1 - https:\/\/yoast.com\/product\/yoast-seo-wordpress\/ -->\n<title>Brandschutz Potsdam \u2013 Planung, Montage &amp; Wartung vom Fachbetrieb<\/title>\n<meta name=\"description\" content=\"Professioneller Brandschutz in Potsdam: Konzepte, Montage, Wartung &amp; Dokumentation f\u00fcr Gewerbe, Wohnanlagen und \u00f6ffentliche Geb\u00e4ude. Kurze Reaktionszeiten.\" \/>\n<meta name=\"robots\" content=\"index, follow, max-snippet:-1, max-image-preview:large, max-video-preview:-1\" \/>\n<link rel=\"canonical\" href=\"https:\/\/brandschutz-service.berlin\/de\/potsdam\/\" \/>\n<meta property=\"og:locale\" content=\"de_DE\" \/>\n<meta property=\"og:type\" content=\"article\" \/>\n<meta property=\"og:title\" content=\"Brandschutz Potsdam \u2013 Planung, Montage &amp; Wartung vom Fachbetrieb\" \/>\n<meta property=\"og:description\" content=\"Professioneller Brandschutz in Potsdam: Konzepte, Montage, Wartung &amp; Dokumentation f\u00fcr Gewerbe, Wohnanlagen und \u00f6ffentliche Geb\u00e4ude. Kurze Reaktionszeiten.\" \/>\n<meta property=\"og:url\" content=\"https:\/\/brandschutz-service.berlin\/de\/potsdam\/\" \/>\n<meta property=\"og:site_name\" content=\"Brandschutz Service Berlin\" \/>\n<meta property=\"article:modified_time\" content=\"2026-03-12T05:59:09+00:00\" \/>\n<meta name=\"twitter:card\" content=\"summary_large_image\" \/>\n<script type=\"application\/ld+json\" class=\"yoast-schema-graph\">{\"@context\":\"https:\/\/schema.org\",\"@graph\":[{\"@type\":\"WebPage\",\"@id\":\"https:\/\/brandschutz-service.berlin\/de\/potsdam\/\",\"url\":\"https:\/\/brandschutz-service.berlin\/de\/potsdam\/\",\"name\":\"Brandschutz Potsdam \u2013 Planung, Montage & Wartung vom Fachbetrieb\",\"isPartOf\":{\"@id\":\"https:\/\/brandschutz-service.berlin\/de\/#website\"},\"datePublished\":\"2026-02-24T05:08:41+00:00\",\"dateModified\":\"2026-03-12T05:59:09+00:00\",\"description\":\"Professioneller Brandschutz in Potsdam: Konzepte, Montage, Wartung & Dokumentation f\u00fcr Gewerbe, Wohnanlagen und \u00f6ffentliche Geb\u00e4ude. Kurze Reaktionszeiten.\",\"breadcrumb\":{\"@id\":\"https:\/\/brandschutz-service.berlin\/de\/potsdam\/#breadcrumb\"},\"inLanguage\":\"de\",\"potentialAction\":[{\"@type\":\"ReadAction\",\"target\":[\"https:\/\/brandschutz-service.berlin\/de\/potsdam\/\"]}]},{\"@type\":\"BreadcrumbList\",\"@id\":\"https:\/\/brandschutz-service.berlin\/de\/potsdam\/#breadcrumb\",\"itemListElement\":[{\"@type\":\"ListItem\",\"position\":1,\"name\":\"Startseite\",\"item\":\"https:\/\/brandschutz-service.berlin\/de\/\"},{\"@type\":\"ListItem\",\"position\":2,\"name\":\"Brandschutz Potsdam\"}]},{\"@type\":\"WebSite\",\"@id\":\"https:\/\/brandschutz-service.berlin\/de\/#website\",\"url\":\"https:\/\/brandschutz-service.berlin\/de\/\",\"name\":\"Brandschutz Service Berlin\",\"description\":\"\",\"potentialAction\":[{\"@type\":\"SearchAction\",\"target\":{\"@type\":\"EntryPoint\",\"urlTemplate\":\"https:\/\/brandschutz-service.berlin\/de\/?s={search_term_string}\"},\"query-input\":{\"@type\":\"PropertyValueSpecification\",\"valueRequired\":true,\"valueName\":\"search_term_string\"}}],\"inLanguage\":\"de\"}]}<\/script>\n<!-- \/ Yoast SEO plugin. -->","yoast_head_json":{"title":"Brandschutz Potsdam \u2013 Planung, Montage & Wartung vom Fachbetrieb","description":"Professioneller Brandschutz in Potsdam: Konzepte, Montage, Wartung & Dokumentation f\u00fcr Gewerbe, Wohnanlagen und \u00f6ffentliche Geb\u00e4ude. Kurze Reaktionszeiten.","robots":{"index":"index","follow":"follow","max-snippet":"max-snippet:-1","max-image-preview":"max-image-preview:large","max-video-preview":"max-video-preview:-1"},"canonical":"https:\/\/brandschutz-service.berlin\/de\/potsdam\/","og_locale":"de_DE","og_type":"article","og_title":"Brandschutz Potsdam \u2013 Planung, Montage & Wartung vom Fachbetrieb","og_description":"Professioneller Brandschutz in Potsdam: Konzepte, Montage, Wartung & Dokumentation f\u00fcr Gewerbe, Wohnanlagen und \u00f6ffentliche Geb\u00e4ude. Kurze Reaktionszeiten.","og_url":"https:\/\/brandschutz-service.berlin\/de\/potsdam\/","og_site_name":"Brandschutz Service Berlin","article_modified_time":"2026-03-12T05:59:09+00:00","twitter_card":"summary_large_image","schema":{"@context":"https:\/\/schema.org","@graph":[{"@type":"WebPage","@id":"https:\/\/brandschutz-service.berlin\/de\/potsdam\/","url":"https:\/\/brandschutz-service.berlin\/de\/potsdam\/","name":"Brandschutz Potsdam \u2013 Planung, Montage & Wartung vom Fachbetrieb","isPartOf":{"@id":"https:\/\/brandschutz-service.berlin\/de\/#website"},"datePublished":"2026-02-24T05:08:41+00:00","dateModified":"2026-03-12T05:59:09+00:00","description":"Professioneller Brandschutz in Potsdam: Konzepte, Montage, Wartung & Dokumentation f\u00fcr Gewerbe, Wohnanlagen und \u00f6ffentliche Geb\u00e4ude. Kurze Reaktionszeiten.","breadcrumb":{"@id":"https:\/\/brandschutz-service.berlin\/de\/potsdam\/#breadcrumb"},"inLanguage":"de","potentialAction":[{"@type":"ReadAction","target":["https:\/\/brandschutz-service.berlin\/de\/potsdam\/"]}]},{"@type":"BreadcrumbList","@id":"https:\/\/brandschutz-service.berlin\/de\/potsdam\/#breadcrumb","itemListElement":[{"@type":"ListItem","position":1,"name":"Startseite","item":"https:\/\/brandschutz-service.berlin\/de\/"},{"@type":"ListItem","position":2,"name":"Brandschutz Potsdam"}]},{"@type":"WebSite","@id":"https:\/\/brandschutz-service.berlin\/de\/#website","url":"https:\/\/brandschutz-service.berlin\/de\/","name":"Brandschutz Service Berlin","description":"","potentialAction":[{"@type":"SearchAction","target":{"@type":"EntryPoint","urlTemplate":"https:\/\/brandschutz-service.berlin\/de\/?s={search_term_string}"},"query-input":{"@type":"PropertyValueSpecification","valueRequired":true,"valueName":"search_term_string"}}],"inLanguage":"de"}]}},"_links":{"self":[{"href":"https:\/\/brandschutz-service.berlin\/de\/wp-json\/wp\/v2\/pages\/4030","targetHints":{"allow":["GET"]}}],"collection":[{"href":"https:\/\/brandschutz-service.berlin\/de\/wp-json\/wp\/v2\/pages"}],"about":[{"href":"https:\/\/brandschutz-service.berlin\/de\/wp-json\/wp\/v2\/types\/page"}],"author":[{"embeddable":true,"href":"https:\/\/brandschutz-service.berlin\/de\/wp-json\/wp\/v2\/users\/1"}],"replies":[{"embeddable":true,"href":"https:\/\/brandschutz-service.berlin\/de\/wp-json\/wp\/v2\/comments?post=4030"}],"version-history":[{"count":19,"href":"https:\/\/brandschutz-service.berlin\/de\/wp-json\/wp\/v2\/pages\/4030\/revisions"}],"predecessor-version":[{"id":4364,"href":"https:\/\/brandschutz-service.berlin\/de\/wp-json\/wp\/v2\/pages\/4030\/revisions\/4364"}],"wp:attachment":[{"href":"https:\/\/brandschutz-service.berlin\/de\/wp-json\/wp\/v2\/media?parent=4030"}],"curies":[{"name":"wp","href":"https:\/\/api.w.org\/{rel}","templated":true}]}}