{"id":3745,"date":"2026-01-24T08:49:05","date_gmt":"2026-01-24T07:49:05","guid":{"rendered":"https:\/\/brandschutz-service.berlin\/?page_id=3745"},"modified":"2026-03-18T13:22:11","modified_gmt":"2026-03-18T12:22:11","slug":"neukoelln","status":"publish","type":"page","link":"https:\/\/brandschutz-service.berlin\/de\/neukoelln\/","title":{"rendered":"Neuk\u00f6lln"},"content":{"rendered":"","protected":false},"excerpt":{"rendered":"","protected":false},"author":1,"featured_media":0,"parent":0,"menu_order":0,"comment_status":"closed","ping_status":"closed","template":"templates\/page-new-template-1.php","meta":{"_acf_changed":false,"footnotes":""},"class_list":["post-3745","page","type-page","status-publish","hentry","entry"],"acf":[],"yoast_head":"<!-- This site is optimized with the Yoast SEO plugin v27.1.1 - https:\/\/yoast.com\/product\/yoast-seo-wordpress\/ -->\n<title>Brandschutz Neuk\u00f6lln | F\u00fcr Gewerbe und Wohnbauten<\/title>\n<meta name=\"description\" content=\"Brandschutz in Neuk\u00f6lln: Planung, Montage und Wartung f\u00fcr Wohnanlagen, Gewerbe und soziale Einrichtungen. Praxisnah, dokumentiert und pr\u00fcfungssicher.\" \/>\n<meta name=\"robots\" content=\"index, follow, max-snippet:-1, max-image-preview:large, max-video-preview:-1\" \/>\n<link rel=\"canonical\" href=\"https:\/\/brandschutz-service.berlin\/de\/neukoelln\/\" \/>\n<meta property=\"og:locale\" content=\"de_DE\" \/>\n<meta property=\"og:type\" content=\"article\" \/>\n<meta property=\"og:title\" content=\"Brandschutz Neuk\u00f6lln | F\u00fcr Gewerbe und Wohnbauten\" \/>\n<meta property=\"og:description\" content=\"Brandschutz in Neuk\u00f6lln: Planung, Montage und Wartung f\u00fcr Wohnanlagen, Gewerbe und soziale Einrichtungen. Praxisnah, dokumentiert und pr\u00fcfungssicher.\" \/>\n<meta property=\"og:url\" content=\"https:\/\/brandschutz-service.berlin\/de\/neukoelln\/\" \/>\n<meta property=\"og:site_name\" content=\"Brandschutz Service Berlin\" \/>\n<meta property=\"article:modified_time\" content=\"2026-03-18T12:22:11+00:00\" \/>\n<meta name=\"twitter:card\" content=\"summary_large_image\" \/>\n<script type=\"application\/ld+json\" class=\"yoast-schema-graph\">{\"@context\":\"https:\/\/schema.org\",\"@graph\":[{\"@type\":\"WebPage\",\"@id\":\"https:\/\/brandschutz-service.berlin\/de\/neukoelln\/\",\"url\":\"https:\/\/brandschutz-service.berlin\/de\/neukoelln\/\",\"name\":\"Brandschutz Neuk\u00f6lln | F\u00fcr Gewerbe und Wohnbauten\",\"isPartOf\":{\"@id\":\"https:\/\/brandschutz-service.berlin\/de\/#website\"},\"datePublished\":\"2026-01-24T07:49:05+00:00\",\"dateModified\":\"2026-03-18T12:22:11+00:00\",\"description\":\"Brandschutz in Neuk\u00f6lln: Planung, Montage und Wartung f\u00fcr Wohnanlagen, Gewerbe und soziale Einrichtungen. Praxisnah, dokumentiert und pr\u00fcfungssicher.\",\"breadcrumb\":{\"@id\":\"https:\/\/brandschutz-service.berlin\/de\/neukoelln\/#breadcrumb\"},\"inLanguage\":\"de\",\"potentialAction\":[{\"@type\":\"ReadAction\",\"target\":[\"https:\/\/brandschutz-service.berlin\/de\/neukoelln\/\"]}]},{\"@type\":\"BreadcrumbList\",\"@id\":\"https:\/\/brandschutz-service.berlin\/de\/neukoelln\/#breadcrumb\",\"itemListElement\":[{\"@type\":\"ListItem\",\"position\":1,\"name\":\"Startseite\",\"item\":\"https:\/\/brandschutz-service.berlin\/de\/\"},{\"@type\":\"ListItem\",\"position\":2,\"name\":\"Neuk\u00f6lln\"}]},{\"@type\":\"WebSite\",\"@id\":\"https:\/\/brandschutz-service.berlin\/de\/#website\",\"url\":\"https:\/\/brandschutz-service.berlin\/de\/\",\"name\":\"Brandschutz Service Berlin\",\"description\":\"\",\"potentialAction\":[{\"@type\":\"SearchAction\",\"target\":{\"@type\":\"EntryPoint\",\"urlTemplate\":\"https:\/\/brandschutz-service.berlin\/de\/?s={search_term_string}\"},\"query-input\":{\"@type\":\"PropertyValueSpecification\",\"valueRequired\":true,\"valueName\":\"search_term_string\"}}],\"inLanguage\":\"de\"}]}<\/script>\n<!-- \/ Yoast SEO plugin. -->","yoast_head_json":{"title":"Brandschutz Neuk\u00f6lln | F\u00fcr Gewerbe und Wohnbauten","description":"Brandschutz in Neuk\u00f6lln: Planung, Montage und Wartung f\u00fcr Wohnanlagen, Gewerbe und soziale Einrichtungen. Praxisnah, dokumentiert und pr\u00fcfungssicher.","robots":{"index":"index","follow":"follow","max-snippet":"max-snippet:-1","max-image-preview":"max-image-preview:large","max-video-preview":"max-video-preview:-1"},"canonical":"https:\/\/brandschutz-service.berlin\/de\/neukoelln\/","og_locale":"de_DE","og_type":"article","og_title":"Brandschutz Neuk\u00f6lln | F\u00fcr Gewerbe und Wohnbauten","og_description":"Brandschutz in Neuk\u00f6lln: Planung, Montage und Wartung f\u00fcr Wohnanlagen, Gewerbe und soziale Einrichtungen. Praxisnah, dokumentiert und pr\u00fcfungssicher.","og_url":"https:\/\/brandschutz-service.berlin\/de\/neukoelln\/","og_site_name":"Brandschutz Service Berlin","article_modified_time":"2026-03-18T12:22:11+00:00","twitter_card":"summary_large_image","schema":{"@context":"https:\/\/schema.org","@graph":[{"@type":"WebPage","@id":"https:\/\/brandschutz-service.berlin\/de\/neukoelln\/","url":"https:\/\/brandschutz-service.berlin\/de\/neukoelln\/","name":"Brandschutz Neuk\u00f6lln | F\u00fcr Gewerbe und Wohnbauten","isPartOf":{"@id":"https:\/\/brandschutz-service.berlin\/de\/#website"},"datePublished":"2026-01-24T07:49:05+00:00","dateModified":"2026-03-18T12:22:11+00:00","description":"Brandschutz in Neuk\u00f6lln: Planung, Montage und Wartung f\u00fcr Wohnanlagen, Gewerbe und soziale Einrichtungen. Praxisnah, dokumentiert und pr\u00fcfungssicher.","breadcrumb":{"@id":"https:\/\/brandschutz-service.berlin\/de\/neukoelln\/#breadcrumb"},"inLanguage":"de","potentialAction":[{"@type":"ReadAction","target":["https:\/\/brandschutz-service.berlin\/de\/neukoelln\/"]}]},{"@type":"BreadcrumbList","@id":"https:\/\/brandschutz-service.berlin\/de\/neukoelln\/#breadcrumb","itemListElement":[{"@type":"ListItem","position":1,"name":"Startseite","item":"https:\/\/brandschutz-service.berlin\/de\/"},{"@type":"ListItem","position":2,"name":"Neuk\u00f6lln"}]},{"@type":"WebSite","@id":"https:\/\/brandschutz-service.berlin\/de\/#website","url":"https:\/\/brandschutz-service.berlin\/de\/","name":"Brandschutz Service Berlin","description":"","potentialAction":[{"@type":"SearchAction","target":{"@type":"EntryPoint","urlTemplate":"https:\/\/brandschutz-service.berlin\/de\/?s={search_term_string}"},"query-input":{"@type":"PropertyValueSpecification","valueRequired":true,"valueName":"search_term_string"}}],"inLanguage":"de"}]}},"_links":{"self":[{"href":"https:\/\/brandschutz-service.berlin\/de\/wp-json\/wp\/v2\/pages\/3745","targetHints":{"allow":["GET"]}}],"collection":[{"href":"https:\/\/brandschutz-service.berlin\/de\/wp-json\/wp\/v2\/pages"}],"about":[{"href":"https:\/\/brandschutz-service.berlin\/de\/wp-json\/wp\/v2\/types\/page"}],"author":[{"embeddable":true,"href":"https:\/\/brandschutz-service.berlin\/de\/wp-json\/wp\/v2\/users\/1"}],"replies":[{"embeddable":true,"href":"https:\/\/brandschutz-service.berlin\/de\/wp-json\/wp\/v2\/comments?post=3745"}],"version-history":[{"count":5,"href":"https:\/\/brandschutz-service.berlin\/de\/wp-json\/wp\/v2\/pages\/3745\/revisions"}],"predecessor-version":[{"id":4394,"href":"https:\/\/brandschutz-service.berlin\/de\/wp-json\/wp\/v2\/pages\/3745\/revisions\/4394"}],"wp:attachment":[{"href":"https:\/\/brandschutz-service.berlin\/de\/wp-json\/wp\/v2\/media?parent=3745"}],"curies":[{"name":"wp","href":"https:\/\/api.w.org\/{rel}","templated":true}]}}