{"id":3721,"date":"2026-01-24T06:41:08","date_gmt":"2026-01-24T05:41:08","guid":{"rendered":"https:\/\/brandschutz-service.berlin\/?page_id=3721"},"modified":"2026-02-26T13:41:15","modified_gmt":"2026-02-26T12:41:15","slug":"reinickendorf","status":"publish","type":"page","link":"https:\/\/brandschutz-service.berlin\/de\/reinickendorf\/","title":{"rendered":"Reinickendorf"},"content":{"rendered":"","protected":false},"excerpt":{"rendered":"","protected":false},"author":1,"featured_media":0,"parent":0,"menu_order":0,"comment_status":"closed","ping_status":"closed","template":"templates\/page-new-template-1.php","meta":{"_acf_changed":false,"footnotes":""},"class_list":["post-3721","page","type-page","status-publish","hentry","entry"],"acf":[],"yoast_head":"<!-- This site is optimized with the Yoast SEO plugin v27.1.1 - https:\/\/yoast.com\/product\/yoast-seo-wordpress\/ -->\n<title>Brandschutz Reinickendorf | Planung, Montage &amp; Wartung f\u00fcr Ihr Geb\u00e4ude<\/title>\n<meta name=\"description\" content=\"Brandschutz in Reinickendorf: Fachgerechte Planung, Montage und Wartung f\u00fcr Wohngeb\u00e4ude, Gewerbe und \u00f6ffentliche Einrichtungen. Regional erfahren, rechtssicher dokumentiert.\" \/>\n<meta name=\"robots\" content=\"index, follow, max-snippet:-1, max-image-preview:large, max-video-preview:-1\" \/>\n<link rel=\"canonical\" href=\"https:\/\/brandschutz-service.berlin\/de\/reinickendorf\/\" \/>\n<meta property=\"og:locale\" content=\"de_DE\" \/>\n<meta property=\"og:type\" content=\"article\" \/>\n<meta property=\"og:title\" content=\"Brandschutz Reinickendorf | Planung, Montage &amp; Wartung f\u00fcr Ihr Geb\u00e4ude\" \/>\n<meta property=\"og:description\" content=\"Brandschutz in Reinickendorf: Fachgerechte Planung, Montage und Wartung f\u00fcr Wohngeb\u00e4ude, Gewerbe und \u00f6ffentliche Einrichtungen. Regional erfahren, rechtssicher dokumentiert.\" \/>\n<meta property=\"og:url\" content=\"https:\/\/brandschutz-service.berlin\/de\/reinickendorf\/\" \/>\n<meta property=\"og:site_name\" content=\"Brandschutz Service Berlin\" \/>\n<meta property=\"article:modified_time\" content=\"2026-02-26T12:41:15+00:00\" \/>\n<meta name=\"twitter:card\" content=\"summary_large_image\" \/>\n<script type=\"application\/ld+json\" class=\"yoast-schema-graph\">{\"@context\":\"https:\/\/schema.org\",\"@graph\":[{\"@type\":\"WebPage\",\"@id\":\"https:\/\/brandschutz-service.berlin\/de\/reinickendorf\/\",\"url\":\"https:\/\/brandschutz-service.berlin\/de\/reinickendorf\/\",\"name\":\"Brandschutz Reinickendorf | Planung, Montage & Wartung f\u00fcr Ihr Geb\u00e4ude\",\"isPartOf\":{\"@id\":\"https:\/\/brandschutz-service.berlin\/de\/#website\"},\"datePublished\":\"2026-01-24T05:41:08+00:00\",\"dateModified\":\"2026-02-26T12:41:15+00:00\",\"description\":\"Brandschutz in Reinickendorf: Fachgerechte Planung, Montage und Wartung f\u00fcr Wohngeb\u00e4ude, Gewerbe und \u00f6ffentliche Einrichtungen. Regional erfahren, rechtssicher dokumentiert.\",\"breadcrumb\":{\"@id\":\"https:\/\/brandschutz-service.berlin\/de\/reinickendorf\/#breadcrumb\"},\"inLanguage\":\"de\",\"potentialAction\":[{\"@type\":\"ReadAction\",\"target\":[\"https:\/\/brandschutz-service.berlin\/de\/reinickendorf\/\"]}]},{\"@type\":\"BreadcrumbList\",\"@id\":\"https:\/\/brandschutz-service.berlin\/de\/reinickendorf\/#breadcrumb\",\"itemListElement\":[{\"@type\":\"ListItem\",\"position\":1,\"name\":\"Startseite\",\"item\":\"https:\/\/brandschutz-service.berlin\/de\/\"},{\"@type\":\"ListItem\",\"position\":2,\"name\":\"Reinickendorf\"}]},{\"@type\":\"WebSite\",\"@id\":\"https:\/\/brandschutz-service.berlin\/de\/#website\",\"url\":\"https:\/\/brandschutz-service.berlin\/de\/\",\"name\":\"Brandschutz Service Berlin\",\"description\":\"\",\"potentialAction\":[{\"@type\":\"SearchAction\",\"target\":{\"@type\":\"EntryPoint\",\"urlTemplate\":\"https:\/\/brandschutz-service.berlin\/de\/?s={search_term_string}\"},\"query-input\":{\"@type\":\"PropertyValueSpecification\",\"valueRequired\":true,\"valueName\":\"search_term_string\"}}],\"inLanguage\":\"de\"}]}<\/script>\n<!-- \/ Yoast SEO plugin. -->","yoast_head_json":{"title":"Brandschutz Reinickendorf | Planung, Montage & Wartung f\u00fcr Ihr Geb\u00e4ude","description":"Brandschutz in Reinickendorf: Fachgerechte Planung, Montage und Wartung f\u00fcr Wohngeb\u00e4ude, Gewerbe und \u00f6ffentliche Einrichtungen. Regional erfahren, rechtssicher dokumentiert.","robots":{"index":"index","follow":"follow","max-snippet":"max-snippet:-1","max-image-preview":"max-image-preview:large","max-video-preview":"max-video-preview:-1"},"canonical":"https:\/\/brandschutz-service.berlin\/de\/reinickendorf\/","og_locale":"de_DE","og_type":"article","og_title":"Brandschutz Reinickendorf | Planung, Montage & Wartung f\u00fcr Ihr Geb\u00e4ude","og_description":"Brandschutz in Reinickendorf: Fachgerechte Planung, Montage und Wartung f\u00fcr Wohngeb\u00e4ude, Gewerbe und \u00f6ffentliche Einrichtungen. Regional erfahren, rechtssicher dokumentiert.","og_url":"https:\/\/brandschutz-service.berlin\/de\/reinickendorf\/","og_site_name":"Brandschutz Service Berlin","article_modified_time":"2026-02-26T12:41:15+00:00","twitter_card":"summary_large_image","schema":{"@context":"https:\/\/schema.org","@graph":[{"@type":"WebPage","@id":"https:\/\/brandschutz-service.berlin\/de\/reinickendorf\/","url":"https:\/\/brandschutz-service.berlin\/de\/reinickendorf\/","name":"Brandschutz Reinickendorf | Planung, Montage & Wartung f\u00fcr Ihr Geb\u00e4ude","isPartOf":{"@id":"https:\/\/brandschutz-service.berlin\/de\/#website"},"datePublished":"2026-01-24T05:41:08+00:00","dateModified":"2026-02-26T12:41:15+00:00","description":"Brandschutz in Reinickendorf: Fachgerechte Planung, Montage und Wartung f\u00fcr Wohngeb\u00e4ude, Gewerbe und \u00f6ffentliche Einrichtungen. Regional erfahren, rechtssicher dokumentiert.","breadcrumb":{"@id":"https:\/\/brandschutz-service.berlin\/de\/reinickendorf\/#breadcrumb"},"inLanguage":"de","potentialAction":[{"@type":"ReadAction","target":["https:\/\/brandschutz-service.berlin\/de\/reinickendorf\/"]}]},{"@type":"BreadcrumbList","@id":"https:\/\/brandschutz-service.berlin\/de\/reinickendorf\/#breadcrumb","itemListElement":[{"@type":"ListItem","position":1,"name":"Startseite","item":"https:\/\/brandschutz-service.berlin\/de\/"},{"@type":"ListItem","position":2,"name":"Reinickendorf"}]},{"@type":"WebSite","@id":"https:\/\/brandschutz-service.berlin\/de\/#website","url":"https:\/\/brandschutz-service.berlin\/de\/","name":"Brandschutz Service Berlin","description":"","potentialAction":[{"@type":"SearchAction","target":{"@type":"EntryPoint","urlTemplate":"https:\/\/brandschutz-service.berlin\/de\/?s={search_term_string}"},"query-input":{"@type":"PropertyValueSpecification","valueRequired":true,"valueName":"search_term_string"}}],"inLanguage":"de"}]}},"_links":{"self":[{"href":"https:\/\/brandschutz-service.berlin\/de\/wp-json\/wp\/v2\/pages\/3721","targetHints":{"allow":["GET"]}}],"collection":[{"href":"https:\/\/brandschutz-service.berlin\/de\/wp-json\/wp\/v2\/pages"}],"about":[{"href":"https:\/\/brandschutz-service.berlin\/de\/wp-json\/wp\/v2\/types\/page"}],"author":[{"embeddable":true,"href":"https:\/\/brandschutz-service.berlin\/de\/wp-json\/wp\/v2\/users\/1"}],"replies":[{"embeddable":true,"href":"https:\/\/brandschutz-service.berlin\/de\/wp-json\/wp\/v2\/comments?post=3721"}],"version-history":[{"count":0,"href":"https:\/\/brandschutz-service.berlin\/de\/wp-json\/wp\/v2\/pages\/3721\/revisions"}],"wp:attachment":[{"href":"https:\/\/brandschutz-service.berlin\/de\/wp-json\/wp\/v2\/media?parent=3721"}],"curies":[{"name":"wp","href":"https:\/\/api.w.org\/{rel}","templated":true}]}}