{"id":291,"date":"2025-09-09T14:33:40","date_gmt":"2025-09-09T12:33:40","guid":{"rendered":"http:\/\/localhost\/brandschutz\/?page_id=291"},"modified":"2026-03-25T07:23:41","modified_gmt":"2026-03-25T06:23:41","slug":"feuerloescher","status":"publish","type":"page","link":"https:\/\/brandschutz-service.berlin\/de\/montage\/feuerloescher\/","title":{"rendered":"Feuerl\u00f6scher"},"content":{"rendered":"","protected":false},"excerpt":{"rendered":"","protected":false},"author":1,"featured_media":0,"parent":172,"menu_order":0,"comment_status":"closed","ping_status":"closed","template":"templates\/page-montage.php","meta":{"_acf_changed":false,"footnotes":""},"class_list":["post-291","page","type-page","status-publish","hentry","entry"],"acf":[],"yoast_head":"<!-- This site is optimized with the Yoast SEO plugin v27.3 - https:\/\/yoast.com\/product\/yoast-seo-wordpress\/ -->\n<title>Montageleistung Feuerl\u00f6scher Berlin | Brandschutz<\/title>\n<meta name=\"description\" content=\"Montageleistung Feuerl\u00f6scher von Brandschutz Service Berlin | Feuerl\u00f6schger\u00e4te: Wasser-, Pulver-, Schauml\u00f6scher von Gloria.\" \/>\n<meta name=\"robots\" content=\"index, follow, max-snippet:-1, max-image-preview:large, max-video-preview:-1\" \/>\n<link rel=\"canonical\" href=\"https:\/\/brandschutz-service.berlin\/de\/montage\/feuerloescher\/\" \/>\n<meta property=\"og:locale\" content=\"de_DE\" \/>\n<meta property=\"og:type\" content=\"article\" \/>\n<meta property=\"og:title\" content=\"Montageleistung Feuerl\u00f6scher Berlin | Brandschutz\" \/>\n<meta property=\"og:description\" content=\"Montageleistung Feuerl\u00f6scher von Brandschutz Service Berlin | Feuerl\u00f6schger\u00e4te: Wasser-, Pulver-, Schauml\u00f6scher von Gloria.\" \/>\n<meta property=\"og:url\" content=\"https:\/\/brandschutz-service.berlin\/de\/montage\/feuerloescher\/\" \/>\n<meta property=\"og:site_name\" content=\"Brandschutz Service Berlin\" \/>\n<meta property=\"article:modified_time\" content=\"2026-03-25T06:23:41+00:00\" \/>\n<meta name=\"twitter:card\" content=\"summary_large_image\" \/>\n<script type=\"application\/ld+json\" class=\"yoast-schema-graph\">{\"@context\":\"https:\\\/\\\/schema.org\",\"@graph\":[{\"@type\":\"WebPage\",\"@id\":\"https:\\\/\\\/brandschutz-service.berlin\\\/de\\\/montage\\\/feuerloescher\\\/\",\"url\":\"https:\\\/\\\/brandschutz-service.berlin\\\/de\\\/montage\\\/feuerloescher\\\/\",\"name\":\"Montageleistung Feuerl\u00f6scher Berlin | Brandschutz\",\"isPartOf\":{\"@id\":\"https:\\\/\\\/brandschutz-service.berlin\\\/de\\\/#website\"},\"datePublished\":\"2025-09-09T12:33:40+00:00\",\"dateModified\":\"2026-03-25T06:23:41+00:00\",\"description\":\"Montageleistung Feuerl\u00f6scher von Brandschutz Service Berlin | Feuerl\u00f6schger\u00e4te: Wasser-, Pulver-, Schauml\u00f6scher von Gloria.\",\"breadcrumb\":{\"@id\":\"https:\\\/\\\/brandschutz-service.berlin\\\/de\\\/montage\\\/feuerloescher\\\/#breadcrumb\"},\"inLanguage\":\"de\",\"potentialAction\":[{\"@type\":\"ReadAction\",\"target\":[\"https:\\\/\\\/brandschutz-service.berlin\\\/de\\\/montage\\\/feuerloescher\\\/\"]}]},{\"@type\":\"BreadcrumbList\",\"@id\":\"https:\\\/\\\/brandschutz-service.berlin\\\/de\\\/montage\\\/feuerloescher\\\/#breadcrumb\",\"itemListElement\":[{\"@type\":\"ListItem\",\"position\":1,\"name\":\"Startseite\",\"item\":\"https:\\\/\\\/brandschutz-service.berlin\\\/de\\\/\"},{\"@type\":\"ListItem\",\"position\":2,\"name\":\"Montage\",\"item\":\"https:\\\/\\\/brandschutz-service.berlin\\\/de\\\/montage\\\/\"},{\"@type\":\"ListItem\",\"position\":3,\"name\":\"Feuerl\u00f6scher\"}]},{\"@type\":\"WebSite\",\"@id\":\"https:\\\/\\\/brandschutz-service.berlin\\\/de\\\/#website\",\"url\":\"https:\\\/\\\/brandschutz-service.berlin\\\/de\\\/\",\"name\":\"Brandschutz Service Berlin\",\"description\":\"\",\"potentialAction\":[{\"@type\":\"SearchAction\",\"target\":{\"@type\":\"EntryPoint\",\"urlTemplate\":\"https:\\\/\\\/brandschutz-service.berlin\\\/de\\\/?s={search_term_string}\"},\"query-input\":{\"@type\":\"PropertyValueSpecification\",\"valueRequired\":true,\"valueName\":\"search_term_string\"}}],\"inLanguage\":\"de\"}]}<\/script>\n<!-- \/ Yoast SEO plugin. -->","yoast_head_json":{"title":"Montageleistung Feuerl\u00f6scher Berlin | Brandschutz","description":"Montageleistung Feuerl\u00f6scher von Brandschutz Service Berlin | Feuerl\u00f6schger\u00e4te: Wasser-, Pulver-, Schauml\u00f6scher von Gloria.","robots":{"index":"index","follow":"follow","max-snippet":"max-snippet:-1","max-image-preview":"max-image-preview:large","max-video-preview":"max-video-preview:-1"},"canonical":"https:\/\/brandschutz-service.berlin\/de\/montage\/feuerloescher\/","og_locale":"de_DE","og_type":"article","og_title":"Montageleistung Feuerl\u00f6scher Berlin | Brandschutz","og_description":"Montageleistung Feuerl\u00f6scher von Brandschutz Service Berlin | Feuerl\u00f6schger\u00e4te: Wasser-, Pulver-, Schauml\u00f6scher von Gloria.","og_url":"https:\/\/brandschutz-service.berlin\/de\/montage\/feuerloescher\/","og_site_name":"Brandschutz Service Berlin","article_modified_time":"2026-03-25T06:23:41+00:00","twitter_card":"summary_large_image","schema":{"@context":"https:\/\/schema.org","@graph":[{"@type":"WebPage","@id":"https:\/\/brandschutz-service.berlin\/de\/montage\/feuerloescher\/","url":"https:\/\/brandschutz-service.berlin\/de\/montage\/feuerloescher\/","name":"Montageleistung Feuerl\u00f6scher Berlin | Brandschutz","isPartOf":{"@id":"https:\/\/brandschutz-service.berlin\/de\/#website"},"datePublished":"2025-09-09T12:33:40+00:00","dateModified":"2026-03-25T06:23:41+00:00","description":"Montageleistung Feuerl\u00f6scher von Brandschutz Service Berlin | Feuerl\u00f6schger\u00e4te: Wasser-, Pulver-, Schauml\u00f6scher von Gloria.","breadcrumb":{"@id":"https:\/\/brandschutz-service.berlin\/de\/montage\/feuerloescher\/#breadcrumb"},"inLanguage":"de","potentialAction":[{"@type":"ReadAction","target":["https:\/\/brandschutz-service.berlin\/de\/montage\/feuerloescher\/"]}]},{"@type":"BreadcrumbList","@id":"https:\/\/brandschutz-service.berlin\/de\/montage\/feuerloescher\/#breadcrumb","itemListElement":[{"@type":"ListItem","position":1,"name":"Startseite","item":"https:\/\/brandschutz-service.berlin\/de\/"},{"@type":"ListItem","position":2,"name":"Montage","item":"https:\/\/brandschutz-service.berlin\/de\/montage\/"},{"@type":"ListItem","position":3,"name":"Feuerl\u00f6scher"}]},{"@type":"WebSite","@id":"https:\/\/brandschutz-service.berlin\/de\/#website","url":"https:\/\/brandschutz-service.berlin\/de\/","name":"Brandschutz Service Berlin","description":"","potentialAction":[{"@type":"SearchAction","target":{"@type":"EntryPoint","urlTemplate":"https:\/\/brandschutz-service.berlin\/de\/?s={search_term_string}"},"query-input":{"@type":"PropertyValueSpecification","valueRequired":true,"valueName":"search_term_string"}}],"inLanguage":"de"}]}},"_links":{"self":[{"href":"https:\/\/brandschutz-service.berlin\/de\/wp-json\/wp\/v2\/pages\/291","targetHints":{"allow":["GET"]}}],"collection":[{"href":"https:\/\/brandschutz-service.berlin\/de\/wp-json\/wp\/v2\/pages"}],"about":[{"href":"https:\/\/brandschutz-service.berlin\/de\/wp-json\/wp\/v2\/types\/page"}],"author":[{"embeddable":true,"href":"https:\/\/brandschutz-service.berlin\/de\/wp-json\/wp\/v2\/users\/1"}],"replies":[{"embeddable":true,"href":"https:\/\/brandschutz-service.berlin\/de\/wp-json\/wp\/v2\/comments?post=291"}],"version-history":[{"count":1,"href":"https:\/\/brandschutz-service.berlin\/de\/wp-json\/wp\/v2\/pages\/291\/revisions"}],"predecessor-version":[{"id":4452,"href":"https:\/\/brandschutz-service.berlin\/de\/wp-json\/wp\/v2\/pages\/291\/revisions\/4452"}],"up":[{"embeddable":true,"href":"https:\/\/brandschutz-service.berlin\/de\/wp-json\/wp\/v2\/pages\/172"}],"wp:attachment":[{"href":"https:\/\/brandschutz-service.berlin\/de\/wp-json\/wp\/v2\/media?parent=291"}],"curies":[{"name":"wp","href":"https:\/\/api.w.org\/{rel}","templated":true}]}}