{"id":2890,"date":"2025-12-08T13:22:23","date_gmt":"2025-12-08T12:22:23","guid":{"rendered":"https:\/\/brandschutz-service.berlin\/?page_id=2890"},"modified":"2026-01-16T06:42:59","modified_gmt":"2026-01-16T05:42:59","slug":"din-14677","status":"publish","type":"page","link":"https:\/\/brandschutz-service.berlin\/de\/brandschutz-ratgeber\/risikopraevention\/din-14677\/","title":{"rendered":"DIN 14677 \u2013 Pr\u00fcfung und Wartung von Feststellanlagen an Brandschutzt\u00fcren"},"content":{"rendered":"","protected":false},"excerpt":{"rendered":"","protected":false},"author":1,"featured_media":0,"parent":1626,"menu_order":0,"comment_status":"closed","ping_status":"closed","template":"templates\/page-ratgeber-child.php","meta":{"_acf_changed":false,"footnotes":""},"class_list":["post-2890","page","type-page","status-publish","hentry","entry"],"acf":[],"yoast_head":"<!-- This site is optimized with the Yoast SEO plugin v27.3 - https:\/\/yoast.com\/product\/yoast-seo-wordpress\/ -->\n<title>DIN 14677 Brandschutzt\u00fcren &amp; Feststellanlagen \u2013 Pr\u00fcfung, Wartung &amp; Betreiberpflichten<\/title>\n<meta name=\"description\" content=\"Was regelt DIN 14677? Alles zur Pr\u00fcfung &amp; Wartung von Feststellanlagen an Brandschutzt\u00fcren. Pflicht, Intervalle, Ablauf &amp; Verantwortlichkeiten. Jetzt informieren.\" \/>\n<meta name=\"robots\" content=\"index, follow, max-snippet:-1, max-image-preview:large, max-video-preview:-1\" \/>\n<link rel=\"canonical\" href=\"https:\/\/brandschutz-service.berlin\/de\/brandschutz-ratgeber\/risikopraevention\/din-14677\/\" \/>\n<meta property=\"og:locale\" content=\"de_DE\" \/>\n<meta property=\"og:type\" content=\"article\" \/>\n<meta property=\"og:title\" content=\"DIN 14677 Brandschutzt\u00fcren &amp; Feststellanlagen \u2013 Pr\u00fcfung, Wartung &amp; Betreiberpflichten\" \/>\n<meta property=\"og:description\" content=\"Was regelt DIN 14677? Alles zur Pr\u00fcfung &amp; Wartung von Feststellanlagen an Brandschutzt\u00fcren. Pflicht, Intervalle, Ablauf &amp; Verantwortlichkeiten. Jetzt informieren.\" \/>\n<meta property=\"og:url\" content=\"https:\/\/brandschutz-service.berlin\/de\/brandschutz-ratgeber\/risikopraevention\/din-14677\/\" \/>\n<meta property=\"og:site_name\" content=\"Brandschutz Service Berlin\" \/>\n<meta property=\"article:modified_time\" content=\"2026-01-16T05:42:59+00:00\" \/>\n<meta name=\"twitter:card\" content=\"summary_large_image\" \/>\n<script type=\"application\/ld+json\" class=\"yoast-schema-graph\">{\"@context\":\"https:\\\/\\\/schema.org\",\"@graph\":[{\"@type\":\"WebPage\",\"@id\":\"https:\\\/\\\/brandschutz-service.berlin\\\/de\\\/brandschutz-ratgeber\\\/risikopraevention\\\/din-14677\\\/\",\"url\":\"https:\\\/\\\/brandschutz-service.berlin\\\/de\\\/brandschutz-ratgeber\\\/risikopraevention\\\/din-14677\\\/\",\"name\":\"DIN 14677 Brandschutzt\u00fcren & Feststellanlagen \u2013 Pr\u00fcfung, Wartung & Betreiberpflichten\",\"isPartOf\":{\"@id\":\"https:\\\/\\\/brandschutz-service.berlin\\\/de\\\/#website\"},\"datePublished\":\"2025-12-08T12:22:23+00:00\",\"dateModified\":\"2026-01-16T05:42:59+00:00\",\"description\":\"Was regelt DIN 14677? Alles zur Pr\u00fcfung & Wartung von Feststellanlagen an Brandschutzt\u00fcren. Pflicht, Intervalle, Ablauf & Verantwortlichkeiten. Jetzt informieren.\",\"breadcrumb\":{\"@id\":\"https:\\\/\\\/brandschutz-service.berlin\\\/de\\\/brandschutz-ratgeber\\\/risikopraevention\\\/din-14677\\\/#breadcrumb\"},\"inLanguage\":\"de\",\"potentialAction\":[{\"@type\":\"ReadAction\",\"target\":[\"https:\\\/\\\/brandschutz-service.berlin\\\/de\\\/brandschutz-ratgeber\\\/risikopraevention\\\/din-14677\\\/\"]}]},{\"@type\":\"BreadcrumbList\",\"@id\":\"https:\\\/\\\/brandschutz-service.berlin\\\/de\\\/brandschutz-ratgeber\\\/risikopraevention\\\/din-14677\\\/#breadcrumb\",\"itemListElement\":[{\"@type\":\"ListItem\",\"position\":1,\"name\":\"Startseite\",\"item\":\"https:\\\/\\\/brandschutz-service.berlin\\\/de\\\/\"},{\"@type\":\"ListItem\",\"position\":2,\"name\":\"Brandschutz-Ratgeber\",\"item\":\"https:\\\/\\\/brandschutz-service.berlin\\\/de\\\/brandschutz-ratgeber\\\/\"},{\"@type\":\"ListItem\",\"position\":3,\"name\":\"Risikopraevention\",\"item\":\"https:\\\/\\\/brandschutz-service.berlin\\\/de\\\/brandschutz-ratgeber\\\/risikopraevention\\\/\"},{\"@type\":\"ListItem\",\"position\":4,\"name\":\"DIN 14677 \u2013 Pr\u00fcfung und Wartung von Feststellanlagen an Brandschutzt\u00fcren\"}]},{\"@type\":\"WebSite\",\"@id\":\"https:\\\/\\\/brandschutz-service.berlin\\\/de\\\/#website\",\"url\":\"https:\\\/\\\/brandschutz-service.berlin\\\/de\\\/\",\"name\":\"Brandschutz Service Berlin\",\"description\":\"\",\"potentialAction\":[{\"@type\":\"SearchAction\",\"target\":{\"@type\":\"EntryPoint\",\"urlTemplate\":\"https:\\\/\\\/brandschutz-service.berlin\\\/de\\\/?s={search_term_string}\"},\"query-input\":{\"@type\":\"PropertyValueSpecification\",\"valueRequired\":true,\"valueName\":\"search_term_string\"}}],\"inLanguage\":\"de\"}]}<\/script>\n<!-- \/ Yoast SEO plugin. -->","yoast_head_json":{"title":"DIN 14677 Brandschutzt\u00fcren & Feststellanlagen \u2013 Pr\u00fcfung, Wartung & Betreiberpflichten","description":"Was regelt DIN 14677? Alles zur Pr\u00fcfung & Wartung von Feststellanlagen an Brandschutzt\u00fcren. Pflicht, Intervalle, Ablauf & Verantwortlichkeiten. Jetzt informieren.","robots":{"index":"index","follow":"follow","max-snippet":"max-snippet:-1","max-image-preview":"max-image-preview:large","max-video-preview":"max-video-preview:-1"},"canonical":"https:\/\/brandschutz-service.berlin\/de\/brandschutz-ratgeber\/risikopraevention\/din-14677\/","og_locale":"de_DE","og_type":"article","og_title":"DIN 14677 Brandschutzt\u00fcren & Feststellanlagen \u2013 Pr\u00fcfung, Wartung & Betreiberpflichten","og_description":"Was regelt DIN 14677? Alles zur Pr\u00fcfung & Wartung von Feststellanlagen an Brandschutzt\u00fcren. Pflicht, Intervalle, Ablauf & Verantwortlichkeiten. Jetzt informieren.","og_url":"https:\/\/brandschutz-service.berlin\/de\/brandschutz-ratgeber\/risikopraevention\/din-14677\/","og_site_name":"Brandschutz Service Berlin","article_modified_time":"2026-01-16T05:42:59+00:00","twitter_card":"summary_large_image","schema":{"@context":"https:\/\/schema.org","@graph":[{"@type":"WebPage","@id":"https:\/\/brandschutz-service.berlin\/de\/brandschutz-ratgeber\/risikopraevention\/din-14677\/","url":"https:\/\/brandschutz-service.berlin\/de\/brandschutz-ratgeber\/risikopraevention\/din-14677\/","name":"DIN 14677 Brandschutzt\u00fcren & Feststellanlagen \u2013 Pr\u00fcfung, Wartung & Betreiberpflichten","isPartOf":{"@id":"https:\/\/brandschutz-service.berlin\/de\/#website"},"datePublished":"2025-12-08T12:22:23+00:00","dateModified":"2026-01-16T05:42:59+00:00","description":"Was regelt DIN 14677? Alles zur Pr\u00fcfung & Wartung von Feststellanlagen an Brandschutzt\u00fcren. Pflicht, Intervalle, Ablauf & Verantwortlichkeiten. Jetzt informieren.","breadcrumb":{"@id":"https:\/\/brandschutz-service.berlin\/de\/brandschutz-ratgeber\/risikopraevention\/din-14677\/#breadcrumb"},"inLanguage":"de","potentialAction":[{"@type":"ReadAction","target":["https:\/\/brandschutz-service.berlin\/de\/brandschutz-ratgeber\/risikopraevention\/din-14677\/"]}]},{"@type":"BreadcrumbList","@id":"https:\/\/brandschutz-service.berlin\/de\/brandschutz-ratgeber\/risikopraevention\/din-14677\/#breadcrumb","itemListElement":[{"@type":"ListItem","position":1,"name":"Startseite","item":"https:\/\/brandschutz-service.berlin\/de\/"},{"@type":"ListItem","position":2,"name":"Brandschutz-Ratgeber","item":"https:\/\/brandschutz-service.berlin\/de\/brandschutz-ratgeber\/"},{"@type":"ListItem","position":3,"name":"Risikopraevention","item":"https:\/\/brandschutz-service.berlin\/de\/brandschutz-ratgeber\/risikopraevention\/"},{"@type":"ListItem","position":4,"name":"DIN 14677 \u2013 Pr\u00fcfung und Wartung von Feststellanlagen an Brandschutzt\u00fcren"}]},{"@type":"WebSite","@id":"https:\/\/brandschutz-service.berlin\/de\/#website","url":"https:\/\/brandschutz-service.berlin\/de\/","name":"Brandschutz Service Berlin","description":"","potentialAction":[{"@type":"SearchAction","target":{"@type":"EntryPoint","urlTemplate":"https:\/\/brandschutz-service.berlin\/de\/?s={search_term_string}"},"query-input":{"@type":"PropertyValueSpecification","valueRequired":true,"valueName":"search_term_string"}}],"inLanguage":"de"}]}},"_links":{"self":[{"href":"https:\/\/brandschutz-service.berlin\/de\/wp-json\/wp\/v2\/pages\/2890","targetHints":{"allow":["GET"]}}],"collection":[{"href":"https:\/\/brandschutz-service.berlin\/de\/wp-json\/wp\/v2\/pages"}],"about":[{"href":"https:\/\/brandschutz-service.berlin\/de\/wp-json\/wp\/v2\/types\/page"}],"author":[{"embeddable":true,"href":"https:\/\/brandschutz-service.berlin\/de\/wp-json\/wp\/v2\/users\/1"}],"replies":[{"embeddable":true,"href":"https:\/\/brandschutz-service.berlin\/de\/wp-json\/wp\/v2\/comments?post=2890"}],"version-history":[{"count":0,"href":"https:\/\/brandschutz-service.berlin\/de\/wp-json\/wp\/v2\/pages\/2890\/revisions"}],"up":[{"embeddable":true,"href":"https:\/\/brandschutz-service.berlin\/de\/wp-json\/wp\/v2\/pages\/1626"}],"wp:attachment":[{"href":"https:\/\/brandschutz-service.berlin\/de\/wp-json\/wp\/v2\/media?parent=2890"}],"curies":[{"name":"wp","href":"https:\/\/api.w.org\/{rel}","templated":true}]}}