{"id":1563,"date":"2025-11-06T06:45:46","date_gmt":"2025-11-06T05:45:46","guid":{"rendered":"https:\/\/brandschutz-service.berlin\/?page_id=1563"},"modified":"2025-11-18T08:33:28","modified_gmt":"2025-11-18T07:33:28","slug":"wartung","status":"publish","type":"page","link":"https:\/\/brandschutz-service.berlin\/de\/brandschutz-ratgeber\/tueren-tore\/wartung\/","title":{"rendered":"Wartung"},"content":{"rendered":"","protected":false},"excerpt":{"rendered":"","protected":false},"author":1,"featured_media":0,"parent":1096,"menu_order":0,"comment_status":"closed","ping_status":"closed","template":"templates\/page-ratgeber-child.php","meta":{"_acf_changed":false,"footnotes":""},"class_list":["post-1563","page","type-page","status-publish","hentry","entry"],"acf":[],"yoast_head":"<!-- This site is optimized with the Yoast SEO plugin v27.3 - https:\/\/yoast.com\/product\/yoast-seo-wordpress\/ -->\n<title>Brandschutzt\u00fcr Wartung: Alles Wichtige zum Thema Brandschutzt\u00fcr warten<\/title>\n<meta name=\"description\" content=\"Regelm\u00e4\u00dfige Wartung von Brandschutzt\u00fcren (T30\u2013T90) inkl. Pr\u00fcfung von Feststellanlagen nach DIN 14677. Sicher, dokumentiert, rechtssicher. Termin anfragen.\" \/>\n<meta name=\"robots\" content=\"index, follow, max-snippet:-1, max-image-preview:large, max-video-preview:-1\" \/>\n<link rel=\"canonical\" href=\"https:\/\/brandschutz-service.berlin\/de\/brandschutz-ratgeber\/tueren-tore\/wartung\/\" \/>\n<meta property=\"og:locale\" content=\"de_DE\" \/>\n<meta property=\"og:type\" content=\"article\" \/>\n<meta property=\"og:title\" content=\"Brandschutzt\u00fcr Wartung: Alles Wichtige zum Thema Brandschutzt\u00fcr warten\" \/>\n<meta property=\"og:description\" content=\"Regelm\u00e4\u00dfige Wartung von Brandschutzt\u00fcren (T30\u2013T90) inkl. Pr\u00fcfung von Feststellanlagen nach DIN 14677. Sicher, dokumentiert, rechtssicher. Termin anfragen.\" \/>\n<meta property=\"og:url\" content=\"https:\/\/brandschutz-service.berlin\/de\/brandschutz-ratgeber\/tueren-tore\/wartung\/\" \/>\n<meta property=\"og:site_name\" content=\"Brandschutz Service Berlin\" \/>\n<meta property=\"article:modified_time\" content=\"2025-11-18T07:33:28+00:00\" \/>\n<meta name=\"twitter:card\" content=\"summary_large_image\" \/>\n<script type=\"application\/ld+json\" class=\"yoast-schema-graph\">{\"@context\":\"https:\\\/\\\/schema.org\",\"@graph\":[{\"@type\":\"WebPage\",\"@id\":\"https:\\\/\\\/brandschutz-service.berlin\\\/de\\\/brandschutz-ratgeber\\\/tueren-tore\\\/wartung\\\/\",\"url\":\"https:\\\/\\\/brandschutz-service.berlin\\\/de\\\/brandschutz-ratgeber\\\/tueren-tore\\\/wartung\\\/\",\"name\":\"Brandschutzt\u00fcr Wartung: Alles Wichtige zum Thema Brandschutzt\u00fcr warten\",\"isPartOf\":{\"@id\":\"https:\\\/\\\/brandschutz-service.berlin\\\/de\\\/#website\"},\"datePublished\":\"2025-11-06T05:45:46+00:00\",\"dateModified\":\"2025-11-18T07:33:28+00:00\",\"description\":\"Regelm\u00e4\u00dfige Wartung von Brandschutzt\u00fcren (T30\u2013T90) inkl. Pr\u00fcfung von Feststellanlagen nach DIN 14677. Sicher, dokumentiert, rechtssicher. Termin anfragen.\",\"breadcrumb\":{\"@id\":\"https:\\\/\\\/brandschutz-service.berlin\\\/de\\\/brandschutz-ratgeber\\\/tueren-tore\\\/wartung\\\/#breadcrumb\"},\"inLanguage\":\"de\",\"potentialAction\":[{\"@type\":\"ReadAction\",\"target\":[\"https:\\\/\\\/brandschutz-service.berlin\\\/de\\\/brandschutz-ratgeber\\\/tueren-tore\\\/wartung\\\/\"]}]},{\"@type\":\"BreadcrumbList\",\"@id\":\"https:\\\/\\\/brandschutz-service.berlin\\\/de\\\/brandschutz-ratgeber\\\/tueren-tore\\\/wartung\\\/#breadcrumb\",\"itemListElement\":[{\"@type\":\"ListItem\",\"position\":1,\"name\":\"Startseite\",\"item\":\"https:\\\/\\\/brandschutz-service.berlin\\\/de\\\/\"},{\"@type\":\"ListItem\",\"position\":2,\"name\":\"Brandschutz-Ratgeber\",\"item\":\"https:\\\/\\\/brandschutz-service.berlin\\\/de\\\/brandschutz-ratgeber\\\/\"},{\"@type\":\"ListItem\",\"position\":3,\"name\":\"T\u00fcren &amp; Tore\",\"item\":\"https:\\\/\\\/brandschutz-service.berlin\\\/de\\\/brandschutz-ratgeber\\\/tueren-tore\\\/\"},{\"@type\":\"ListItem\",\"position\":4,\"name\":\"Wartung\"}]},{\"@type\":\"WebSite\",\"@id\":\"https:\\\/\\\/brandschutz-service.berlin\\\/de\\\/#website\",\"url\":\"https:\\\/\\\/brandschutz-service.berlin\\\/de\\\/\",\"name\":\"Brandschutz Service Berlin\",\"description\":\"\",\"potentialAction\":[{\"@type\":\"SearchAction\",\"target\":{\"@type\":\"EntryPoint\",\"urlTemplate\":\"https:\\\/\\\/brandschutz-service.berlin\\\/de\\\/?s={search_term_string}\"},\"query-input\":{\"@type\":\"PropertyValueSpecification\",\"valueRequired\":true,\"valueName\":\"search_term_string\"}}],\"inLanguage\":\"de\"}]}<\/script>\n<!-- \/ Yoast SEO plugin. -->","yoast_head_json":{"title":"Brandschutzt\u00fcr Wartung: Alles Wichtige zum Thema Brandschutzt\u00fcr warten","description":"Regelm\u00e4\u00dfige Wartung von Brandschutzt\u00fcren (T30\u2013T90) inkl. Pr\u00fcfung von Feststellanlagen nach DIN 14677. Sicher, dokumentiert, rechtssicher. Termin anfragen.","robots":{"index":"index","follow":"follow","max-snippet":"max-snippet:-1","max-image-preview":"max-image-preview:large","max-video-preview":"max-video-preview:-1"},"canonical":"https:\/\/brandschutz-service.berlin\/de\/brandschutz-ratgeber\/tueren-tore\/wartung\/","og_locale":"de_DE","og_type":"article","og_title":"Brandschutzt\u00fcr Wartung: Alles Wichtige zum Thema Brandschutzt\u00fcr warten","og_description":"Regelm\u00e4\u00dfige Wartung von Brandschutzt\u00fcren (T30\u2013T90) inkl. Pr\u00fcfung von Feststellanlagen nach DIN 14677. Sicher, dokumentiert, rechtssicher. Termin anfragen.","og_url":"https:\/\/brandschutz-service.berlin\/de\/brandschutz-ratgeber\/tueren-tore\/wartung\/","og_site_name":"Brandschutz Service Berlin","article_modified_time":"2025-11-18T07:33:28+00:00","twitter_card":"summary_large_image","schema":{"@context":"https:\/\/schema.org","@graph":[{"@type":"WebPage","@id":"https:\/\/brandschutz-service.berlin\/de\/brandschutz-ratgeber\/tueren-tore\/wartung\/","url":"https:\/\/brandschutz-service.berlin\/de\/brandschutz-ratgeber\/tueren-tore\/wartung\/","name":"Brandschutzt\u00fcr Wartung: Alles Wichtige zum Thema Brandschutzt\u00fcr warten","isPartOf":{"@id":"https:\/\/brandschutz-service.berlin\/de\/#website"},"datePublished":"2025-11-06T05:45:46+00:00","dateModified":"2025-11-18T07:33:28+00:00","description":"Regelm\u00e4\u00dfige Wartung von Brandschutzt\u00fcren (T30\u2013T90) inkl. Pr\u00fcfung von Feststellanlagen nach DIN 14677. Sicher, dokumentiert, rechtssicher. Termin anfragen.","breadcrumb":{"@id":"https:\/\/brandschutz-service.berlin\/de\/brandschutz-ratgeber\/tueren-tore\/wartung\/#breadcrumb"},"inLanguage":"de","potentialAction":[{"@type":"ReadAction","target":["https:\/\/brandschutz-service.berlin\/de\/brandschutz-ratgeber\/tueren-tore\/wartung\/"]}]},{"@type":"BreadcrumbList","@id":"https:\/\/brandschutz-service.berlin\/de\/brandschutz-ratgeber\/tueren-tore\/wartung\/#breadcrumb","itemListElement":[{"@type":"ListItem","position":1,"name":"Startseite","item":"https:\/\/brandschutz-service.berlin\/de\/"},{"@type":"ListItem","position":2,"name":"Brandschutz-Ratgeber","item":"https:\/\/brandschutz-service.berlin\/de\/brandschutz-ratgeber\/"},{"@type":"ListItem","position":3,"name":"T\u00fcren &amp; Tore","item":"https:\/\/brandschutz-service.berlin\/de\/brandschutz-ratgeber\/tueren-tore\/"},{"@type":"ListItem","position":4,"name":"Wartung"}]},{"@type":"WebSite","@id":"https:\/\/brandschutz-service.berlin\/de\/#website","url":"https:\/\/brandschutz-service.berlin\/de\/","name":"Brandschutz Service Berlin","description":"","potentialAction":[{"@type":"SearchAction","target":{"@type":"EntryPoint","urlTemplate":"https:\/\/brandschutz-service.berlin\/de\/?s={search_term_string}"},"query-input":{"@type":"PropertyValueSpecification","valueRequired":true,"valueName":"search_term_string"}}],"inLanguage":"de"}]}},"_links":{"self":[{"href":"https:\/\/brandschutz-service.berlin\/de\/wp-json\/wp\/v2\/pages\/1563","targetHints":{"allow":["GET"]}}],"collection":[{"href":"https:\/\/brandschutz-service.berlin\/de\/wp-json\/wp\/v2\/pages"}],"about":[{"href":"https:\/\/brandschutz-service.berlin\/de\/wp-json\/wp\/v2\/types\/page"}],"author":[{"embeddable":true,"href":"https:\/\/brandschutz-service.berlin\/de\/wp-json\/wp\/v2\/users\/1"}],"replies":[{"embeddable":true,"href":"https:\/\/brandschutz-service.berlin\/de\/wp-json\/wp\/v2\/comments?post=1563"}],"version-history":[{"count":0,"href":"https:\/\/brandschutz-service.berlin\/de\/wp-json\/wp\/v2\/pages\/1563\/revisions"}],"up":[{"embeddable":true,"href":"https:\/\/brandschutz-service.berlin\/de\/wp-json\/wp\/v2\/pages\/1096"}],"wp:attachment":[{"href":"https:\/\/brandschutz-service.berlin\/de\/wp-json\/wp\/v2\/media?parent=1563"}],"curies":[{"name":"wp","href":"https:\/\/api.w.org\/{rel}","templated":true}]}}