{"id":1188,"date":"2025-10-17T11:26:29","date_gmt":"2025-10-17T09:26:29","guid":{"rendered":"https:\/\/brandschutz-service.berlin\/?page_id=1188"},"modified":"2025-11-13T10:41:06","modified_gmt":"2025-11-13T09:41:06","slug":"so-waehlen-sie-den-richtigen-feuerloescher","status":"publish","type":"page","link":"https:\/\/brandschutz-service.berlin\/de\/brandschutz-ratgeber\/loeschmittel-loeschanlagen\/so-waehlen-sie-den-richtigen-feuerloescher\/","title":{"rendered":"So w\u00e4hlen Sie den richtigen Feuerl\u00f6scher"},"content":{"rendered":"","protected":false},"excerpt":{"rendered":"","protected":false},"author":1,"featured_media":0,"parent":1104,"menu_order":0,"comment_status":"closed","ping_status":"closed","template":"templates\/page-ratgeber.php","meta":{"_acf_changed":false,"footnotes":""},"class_list":["post-1188","page","type-page","status-publish","hentry","entry"],"acf":[],"yoast_head":"<!-- This site is optimized with the Yoast SEO plugin v27.3 - https:\/\/yoast.com\/product\/yoast-seo-wordpress\/ -->\n<title>Die richtigen Auswahl von Feuerl\u00f6schern | Hinweise<\/title>\n<meta name=\"description\" content=\"Die Wahl des passenden Feuerl\u00f6schers. Wie L\u00f6scheinheiten (LE) und Brandklassen die Effektivit\u00e4t bestimmen und wie Sie den richtigen L\u00f6scher finden.\" \/>\n<meta name=\"robots\" content=\"index, follow, max-snippet:-1, max-image-preview:large, max-video-preview:-1\" \/>\n<link rel=\"canonical\" href=\"https:\/\/brandschutz-service.berlin\/de\/brandschutz-ratgeber\/loeschmittel-loeschanlagen\/so-waehlen-sie-den-richtigen-feuerloescher\/\" \/>\n<meta property=\"og:locale\" content=\"de_DE\" \/>\n<meta property=\"og:type\" content=\"article\" \/>\n<meta property=\"og:title\" content=\"Die richtigen Auswahl von Feuerl\u00f6schern | Hinweise\" \/>\n<meta property=\"og:description\" content=\"Die Wahl des passenden Feuerl\u00f6schers. Wie L\u00f6scheinheiten (LE) und Brandklassen die Effektivit\u00e4t bestimmen und wie Sie den richtigen L\u00f6scher finden.\" \/>\n<meta property=\"og:url\" content=\"https:\/\/brandschutz-service.berlin\/de\/brandschutz-ratgeber\/loeschmittel-loeschanlagen\/so-waehlen-sie-den-richtigen-feuerloescher\/\" \/>\n<meta property=\"og:site_name\" content=\"Brandschutz Service Berlin\" \/>\n<meta property=\"article:modified_time\" content=\"2025-11-13T09:41:06+00:00\" \/>\n<meta name=\"twitter:card\" content=\"summary_large_image\" \/>\n<script type=\"application\/ld+json\" class=\"yoast-schema-graph\">{\"@context\":\"https:\\\/\\\/schema.org\",\"@graph\":[{\"@type\":\"WebPage\",\"@id\":\"https:\\\/\\\/brandschutz-service.berlin\\\/de\\\/brandschutz-ratgeber\\\/loeschmittel-loeschanlagen\\\/so-waehlen-sie-den-richtigen-feuerloescher\\\/\",\"url\":\"https:\\\/\\\/brandschutz-service.berlin\\\/de\\\/brandschutz-ratgeber\\\/loeschmittel-loeschanlagen\\\/so-waehlen-sie-den-richtigen-feuerloescher\\\/\",\"name\":\"Die richtigen Auswahl von Feuerl\u00f6schern | Hinweise\",\"isPartOf\":{\"@id\":\"https:\\\/\\\/brandschutz-service.berlin\\\/de\\\/#website\"},\"datePublished\":\"2025-10-17T09:26:29+00:00\",\"dateModified\":\"2025-11-13T09:41:06+00:00\",\"description\":\"Die Wahl des passenden Feuerl\u00f6schers. Wie L\u00f6scheinheiten (LE) und Brandklassen die Effektivit\u00e4t bestimmen und wie Sie den richtigen L\u00f6scher finden.\",\"breadcrumb\":{\"@id\":\"https:\\\/\\\/brandschutz-service.berlin\\\/de\\\/brandschutz-ratgeber\\\/loeschmittel-loeschanlagen\\\/so-waehlen-sie-den-richtigen-feuerloescher\\\/#breadcrumb\"},\"inLanguage\":\"de\",\"potentialAction\":[{\"@type\":\"ReadAction\",\"target\":[\"https:\\\/\\\/brandschutz-service.berlin\\\/de\\\/brandschutz-ratgeber\\\/loeschmittel-loeschanlagen\\\/so-waehlen-sie-den-richtigen-feuerloescher\\\/\"]}]},{\"@type\":\"BreadcrumbList\",\"@id\":\"https:\\\/\\\/brandschutz-service.berlin\\\/de\\\/brandschutz-ratgeber\\\/loeschmittel-loeschanlagen\\\/so-waehlen-sie-den-richtigen-feuerloescher\\\/#breadcrumb\",\"itemListElement\":[{\"@type\":\"ListItem\",\"position\":1,\"name\":\"Startseite\",\"item\":\"https:\\\/\\\/brandschutz-service.berlin\\\/de\\\/\"},{\"@type\":\"ListItem\",\"position\":2,\"name\":\"Brandschutz-Ratgeber\",\"item\":\"https:\\\/\\\/brandschutz-service.berlin\\\/de\\\/brandschutz-ratgeber\\\/\"},{\"@type\":\"ListItem\",\"position\":3,\"name\":\"L\u00f6schmittel &amp; L\u00f6schanlagen\",\"item\":\"https:\\\/\\\/brandschutz-service.berlin\\\/de\\\/brandschutz-ratgeber\\\/loeschmittel-loeschanlagen\\\/\"},{\"@type\":\"ListItem\",\"position\":4,\"name\":\"So w\u00e4hlen Sie den richtigen Feuerl\u00f6scher\"}]},{\"@type\":\"WebSite\",\"@id\":\"https:\\\/\\\/brandschutz-service.berlin\\\/de\\\/#website\",\"url\":\"https:\\\/\\\/brandschutz-service.berlin\\\/de\\\/\",\"name\":\"Brandschutz Service Berlin\",\"description\":\"\",\"potentialAction\":[{\"@type\":\"SearchAction\",\"target\":{\"@type\":\"EntryPoint\",\"urlTemplate\":\"https:\\\/\\\/brandschutz-service.berlin\\\/de\\\/?s={search_term_string}\"},\"query-input\":{\"@type\":\"PropertyValueSpecification\",\"valueRequired\":true,\"valueName\":\"search_term_string\"}}],\"inLanguage\":\"de\"}]}<\/script>\n<!-- \/ Yoast SEO plugin. -->","yoast_head_json":{"title":"Die richtigen Auswahl von Feuerl\u00f6schern | Hinweise","description":"Die Wahl des passenden Feuerl\u00f6schers. Wie L\u00f6scheinheiten (LE) und Brandklassen die Effektivit\u00e4t bestimmen und wie Sie den richtigen L\u00f6scher finden.","robots":{"index":"index","follow":"follow","max-snippet":"max-snippet:-1","max-image-preview":"max-image-preview:large","max-video-preview":"max-video-preview:-1"},"canonical":"https:\/\/brandschutz-service.berlin\/de\/brandschutz-ratgeber\/loeschmittel-loeschanlagen\/so-waehlen-sie-den-richtigen-feuerloescher\/","og_locale":"de_DE","og_type":"article","og_title":"Die richtigen Auswahl von Feuerl\u00f6schern | Hinweise","og_description":"Die Wahl des passenden Feuerl\u00f6schers. Wie L\u00f6scheinheiten (LE) und Brandklassen die Effektivit\u00e4t bestimmen und wie Sie den richtigen L\u00f6scher finden.","og_url":"https:\/\/brandschutz-service.berlin\/de\/brandschutz-ratgeber\/loeschmittel-loeschanlagen\/so-waehlen-sie-den-richtigen-feuerloescher\/","og_site_name":"Brandschutz Service Berlin","article_modified_time":"2025-11-13T09:41:06+00:00","twitter_card":"summary_large_image","schema":{"@context":"https:\/\/schema.org","@graph":[{"@type":"WebPage","@id":"https:\/\/brandschutz-service.berlin\/de\/brandschutz-ratgeber\/loeschmittel-loeschanlagen\/so-waehlen-sie-den-richtigen-feuerloescher\/","url":"https:\/\/brandschutz-service.berlin\/de\/brandschutz-ratgeber\/loeschmittel-loeschanlagen\/so-waehlen-sie-den-richtigen-feuerloescher\/","name":"Die richtigen Auswahl von Feuerl\u00f6schern | Hinweise","isPartOf":{"@id":"https:\/\/brandschutz-service.berlin\/de\/#website"},"datePublished":"2025-10-17T09:26:29+00:00","dateModified":"2025-11-13T09:41:06+00:00","description":"Die Wahl des passenden Feuerl\u00f6schers. Wie L\u00f6scheinheiten (LE) und Brandklassen die Effektivit\u00e4t bestimmen und wie Sie den richtigen L\u00f6scher finden.","breadcrumb":{"@id":"https:\/\/brandschutz-service.berlin\/de\/brandschutz-ratgeber\/loeschmittel-loeschanlagen\/so-waehlen-sie-den-richtigen-feuerloescher\/#breadcrumb"},"inLanguage":"de","potentialAction":[{"@type":"ReadAction","target":["https:\/\/brandschutz-service.berlin\/de\/brandschutz-ratgeber\/loeschmittel-loeschanlagen\/so-waehlen-sie-den-richtigen-feuerloescher\/"]}]},{"@type":"BreadcrumbList","@id":"https:\/\/brandschutz-service.berlin\/de\/brandschutz-ratgeber\/loeschmittel-loeschanlagen\/so-waehlen-sie-den-richtigen-feuerloescher\/#breadcrumb","itemListElement":[{"@type":"ListItem","position":1,"name":"Startseite","item":"https:\/\/brandschutz-service.berlin\/de\/"},{"@type":"ListItem","position":2,"name":"Brandschutz-Ratgeber","item":"https:\/\/brandschutz-service.berlin\/de\/brandschutz-ratgeber\/"},{"@type":"ListItem","position":3,"name":"L\u00f6schmittel &amp; L\u00f6schanlagen","item":"https:\/\/brandschutz-service.berlin\/de\/brandschutz-ratgeber\/loeschmittel-loeschanlagen\/"},{"@type":"ListItem","position":4,"name":"So w\u00e4hlen Sie den richtigen Feuerl\u00f6scher"}]},{"@type":"WebSite","@id":"https:\/\/brandschutz-service.berlin\/de\/#website","url":"https:\/\/brandschutz-service.berlin\/de\/","name":"Brandschutz Service Berlin","description":"","potentialAction":[{"@type":"SearchAction","target":{"@type":"EntryPoint","urlTemplate":"https:\/\/brandschutz-service.berlin\/de\/?s={search_term_string}"},"query-input":{"@type":"PropertyValueSpecification","valueRequired":true,"valueName":"search_term_string"}}],"inLanguage":"de"}]}},"_links":{"self":[{"href":"https:\/\/brandschutz-service.berlin\/de\/wp-json\/wp\/v2\/pages\/1188","targetHints":{"allow":["GET"]}}],"collection":[{"href":"https:\/\/brandschutz-service.berlin\/de\/wp-json\/wp\/v2\/pages"}],"about":[{"href":"https:\/\/brandschutz-service.berlin\/de\/wp-json\/wp\/v2\/types\/page"}],"author":[{"embeddable":true,"href":"https:\/\/brandschutz-service.berlin\/de\/wp-json\/wp\/v2\/users\/1"}],"replies":[{"embeddable":true,"href":"https:\/\/brandschutz-service.berlin\/de\/wp-json\/wp\/v2\/comments?post=1188"}],"version-history":[{"count":0,"href":"https:\/\/brandschutz-service.berlin\/de\/wp-json\/wp\/v2\/pages\/1188\/revisions"}],"up":[{"embeddable":true,"href":"https:\/\/brandschutz-service.berlin\/de\/wp-json\/wp\/v2\/pages\/1104"}],"wp:attachment":[{"href":"https:\/\/brandschutz-service.berlin\/de\/wp-json\/wp\/v2\/media?parent=1188"}],"curies":[{"name":"wp","href":"https:\/\/api.w.org\/{rel}","templated":true}]}}