{"id":1134,"date":"2025-10-17T08:47:08","date_gmt":"2025-10-17T06:47:08","guid":{"rendered":"https:\/\/brandschutz-service.berlin\/?page_id=1134"},"modified":"2026-01-07T13:18:53","modified_gmt":"2026-01-07T12:18:53","slug":"brandabschnitte-im-brandschutz-was-sie-wissen-muessen","status":"publish","type":"page","link":"https:\/\/brandschutz-service.berlin\/de\/brandschutz-ratgeber\/grundlagen-basiswissen\/brandabschnitte-im-brandschutz-was-sie-wissen-muessen\/","title":{"rendered":"Brandabschnitte im Brandschutz: Was Sie wissen m\u00fcssen"},"content":{"rendered":"","protected":false},"excerpt":{"rendered":"","protected":false},"author":1,"featured_media":0,"parent":1081,"menu_order":0,"comment_status":"closed","ping_status":"closed","template":"templates\/page-ratgeber.php","meta":{"_acf_changed":false,"footnotes":""},"class_list":["post-1134","page","type-page","status-publish","hentry","entry"],"acf":[],"yoast_head":"<!-- This site is optimized with the Yoast SEO plugin v27.3 - https:\/\/yoast.com\/product\/yoast-seo-wordpress\/ -->\n<title>Brandabschnitte im Brandschutz: Was Sie wissen m\u00fcssen<\/title>\n<meta name=\"description\" content=\"Die wichtigsten Brandschutz-Begriffe, Konzepte und Prinzipien. Unser Ratgeber erkl\u00e4rt Brandschutzabschnitte, Techniken und allgemeine Definitionen verst\u00e4ndlich\" \/>\n<meta name=\"robots\" content=\"index, follow, max-snippet:-1, max-image-preview:large, max-video-preview:-1\" \/>\n<link rel=\"canonical\" href=\"https:\/\/brandschutz-service.berlin\/de\/brandschutz-ratgeber\/grundlagen-basiswissen\/brandabschnitte-im-brandschutz-was-sie-wissen-muessen\/\" \/>\n<meta property=\"og:locale\" content=\"de_DE\" \/>\n<meta property=\"og:type\" content=\"article\" \/>\n<meta property=\"og:title\" content=\"Brandabschnitte im Brandschutz: Was Sie wissen m\u00fcssen\" \/>\n<meta property=\"og:description\" content=\"Die wichtigsten Brandschutz-Begriffe, Konzepte und Prinzipien. Unser Ratgeber erkl\u00e4rt Brandschutzabschnitte, Techniken und allgemeine Definitionen verst\u00e4ndlich\" \/>\n<meta property=\"og:url\" content=\"https:\/\/brandschutz-service.berlin\/de\/brandschutz-ratgeber\/grundlagen-basiswissen\/brandabschnitte-im-brandschutz-was-sie-wissen-muessen\/\" \/>\n<meta property=\"og:site_name\" content=\"Brandschutz Service Berlin\" \/>\n<meta property=\"article:modified_time\" content=\"2026-01-07T12:18:53+00:00\" \/>\n<meta name=\"twitter:card\" content=\"summary_large_image\" \/>\n<script type=\"application\/ld+json\" class=\"yoast-schema-graph\">{\"@context\":\"https:\\\/\\\/schema.org\",\"@graph\":[{\"@type\":\"WebPage\",\"@id\":\"https:\\\/\\\/brandschutz-service.berlin\\\/de\\\/brandschutz-ratgeber\\\/grundlagen-basiswissen\\\/brandabschnitte-im-brandschutz-was-sie-wissen-muessen\\\/\",\"url\":\"https:\\\/\\\/brandschutz-service.berlin\\\/de\\\/brandschutz-ratgeber\\\/grundlagen-basiswissen\\\/brandabschnitte-im-brandschutz-was-sie-wissen-muessen\\\/\",\"name\":\"Brandabschnitte im Brandschutz: Was Sie wissen m\u00fcssen\",\"isPartOf\":{\"@id\":\"https:\\\/\\\/brandschutz-service.berlin\\\/de\\\/#website\"},\"datePublished\":\"2025-10-17T06:47:08+00:00\",\"dateModified\":\"2026-01-07T12:18:53+00:00\",\"description\":\"Die wichtigsten Brandschutz-Begriffe, Konzepte und Prinzipien. Unser Ratgeber erkl\u00e4rt Brandschutzabschnitte, Techniken und allgemeine Definitionen verst\u00e4ndlich\",\"breadcrumb\":{\"@id\":\"https:\\\/\\\/brandschutz-service.berlin\\\/de\\\/brandschutz-ratgeber\\\/grundlagen-basiswissen\\\/brandabschnitte-im-brandschutz-was-sie-wissen-muessen\\\/#breadcrumb\"},\"inLanguage\":\"de\",\"potentialAction\":[{\"@type\":\"ReadAction\",\"target\":[\"https:\\\/\\\/brandschutz-service.berlin\\\/de\\\/brandschutz-ratgeber\\\/grundlagen-basiswissen\\\/brandabschnitte-im-brandschutz-was-sie-wissen-muessen\\\/\"]}]},{\"@type\":\"BreadcrumbList\",\"@id\":\"https:\\\/\\\/brandschutz-service.berlin\\\/de\\\/brandschutz-ratgeber\\\/grundlagen-basiswissen\\\/brandabschnitte-im-brandschutz-was-sie-wissen-muessen\\\/#breadcrumb\",\"itemListElement\":[{\"@type\":\"ListItem\",\"position\":1,\"name\":\"Startseite\",\"item\":\"https:\\\/\\\/brandschutz-service.berlin\\\/de\\\/\"},{\"@type\":\"ListItem\",\"position\":2,\"name\":\"Brandschutz-Ratgeber\",\"item\":\"https:\\\/\\\/brandschutz-service.berlin\\\/de\\\/brandschutz-ratgeber\\\/\"},{\"@type\":\"ListItem\",\"position\":3,\"name\":\"Grundlagen und Basiswissen\",\"item\":\"https:\\\/\\\/brandschutz-service.berlin\\\/de\\\/brandschutz-ratgeber\\\/grundlagen-basiswissen\\\/\"},{\"@type\":\"ListItem\",\"position\":4,\"name\":\"Brandabschnitte im Brandschutz: Was Sie wissen m\u00fcssen\"}]},{\"@type\":\"WebSite\",\"@id\":\"https:\\\/\\\/brandschutz-service.berlin\\\/de\\\/#website\",\"url\":\"https:\\\/\\\/brandschutz-service.berlin\\\/de\\\/\",\"name\":\"Brandschutz Service Berlin\",\"description\":\"\",\"potentialAction\":[{\"@type\":\"SearchAction\",\"target\":{\"@type\":\"EntryPoint\",\"urlTemplate\":\"https:\\\/\\\/brandschutz-service.berlin\\\/de\\\/?s={search_term_string}\"},\"query-input\":{\"@type\":\"PropertyValueSpecification\",\"valueRequired\":true,\"valueName\":\"search_term_string\"}}],\"inLanguage\":\"de\"}]}<\/script>\n<!-- \/ Yoast SEO plugin. -->","yoast_head_json":{"title":"Brandabschnitte im Brandschutz: Was Sie wissen m\u00fcssen","description":"Die wichtigsten Brandschutz-Begriffe, Konzepte und Prinzipien. Unser Ratgeber erkl\u00e4rt Brandschutzabschnitte, Techniken und allgemeine Definitionen verst\u00e4ndlich","robots":{"index":"index","follow":"follow","max-snippet":"max-snippet:-1","max-image-preview":"max-image-preview:large","max-video-preview":"max-video-preview:-1"},"canonical":"https:\/\/brandschutz-service.berlin\/de\/brandschutz-ratgeber\/grundlagen-basiswissen\/brandabschnitte-im-brandschutz-was-sie-wissen-muessen\/","og_locale":"de_DE","og_type":"article","og_title":"Brandabschnitte im Brandschutz: Was Sie wissen m\u00fcssen","og_description":"Die wichtigsten Brandschutz-Begriffe, Konzepte und Prinzipien. Unser Ratgeber erkl\u00e4rt Brandschutzabschnitte, Techniken und allgemeine Definitionen verst\u00e4ndlich","og_url":"https:\/\/brandschutz-service.berlin\/de\/brandschutz-ratgeber\/grundlagen-basiswissen\/brandabschnitte-im-brandschutz-was-sie-wissen-muessen\/","og_site_name":"Brandschutz Service Berlin","article_modified_time":"2026-01-07T12:18:53+00:00","twitter_card":"summary_large_image","schema":{"@context":"https:\/\/schema.org","@graph":[{"@type":"WebPage","@id":"https:\/\/brandschutz-service.berlin\/de\/brandschutz-ratgeber\/grundlagen-basiswissen\/brandabschnitte-im-brandschutz-was-sie-wissen-muessen\/","url":"https:\/\/brandschutz-service.berlin\/de\/brandschutz-ratgeber\/grundlagen-basiswissen\/brandabschnitte-im-brandschutz-was-sie-wissen-muessen\/","name":"Brandabschnitte im Brandschutz: Was Sie wissen m\u00fcssen","isPartOf":{"@id":"https:\/\/brandschutz-service.berlin\/de\/#website"},"datePublished":"2025-10-17T06:47:08+00:00","dateModified":"2026-01-07T12:18:53+00:00","description":"Die wichtigsten Brandschutz-Begriffe, Konzepte und Prinzipien. Unser Ratgeber erkl\u00e4rt Brandschutzabschnitte, Techniken und allgemeine Definitionen verst\u00e4ndlich","breadcrumb":{"@id":"https:\/\/brandschutz-service.berlin\/de\/brandschutz-ratgeber\/grundlagen-basiswissen\/brandabschnitte-im-brandschutz-was-sie-wissen-muessen\/#breadcrumb"},"inLanguage":"de","potentialAction":[{"@type":"ReadAction","target":["https:\/\/brandschutz-service.berlin\/de\/brandschutz-ratgeber\/grundlagen-basiswissen\/brandabschnitte-im-brandschutz-was-sie-wissen-muessen\/"]}]},{"@type":"BreadcrumbList","@id":"https:\/\/brandschutz-service.berlin\/de\/brandschutz-ratgeber\/grundlagen-basiswissen\/brandabschnitte-im-brandschutz-was-sie-wissen-muessen\/#breadcrumb","itemListElement":[{"@type":"ListItem","position":1,"name":"Startseite","item":"https:\/\/brandschutz-service.berlin\/de\/"},{"@type":"ListItem","position":2,"name":"Brandschutz-Ratgeber","item":"https:\/\/brandschutz-service.berlin\/de\/brandschutz-ratgeber\/"},{"@type":"ListItem","position":3,"name":"Grundlagen und Basiswissen","item":"https:\/\/brandschutz-service.berlin\/de\/brandschutz-ratgeber\/grundlagen-basiswissen\/"},{"@type":"ListItem","position":4,"name":"Brandabschnitte im Brandschutz: Was Sie wissen m\u00fcssen"}]},{"@type":"WebSite","@id":"https:\/\/brandschutz-service.berlin\/de\/#website","url":"https:\/\/brandschutz-service.berlin\/de\/","name":"Brandschutz Service Berlin","description":"","potentialAction":[{"@type":"SearchAction","target":{"@type":"EntryPoint","urlTemplate":"https:\/\/brandschutz-service.berlin\/de\/?s={search_term_string}"},"query-input":{"@type":"PropertyValueSpecification","valueRequired":true,"valueName":"search_term_string"}}],"inLanguage":"de"}]}},"_links":{"self":[{"href":"https:\/\/brandschutz-service.berlin\/de\/wp-json\/wp\/v2\/pages\/1134","targetHints":{"allow":["GET"]}}],"collection":[{"href":"https:\/\/brandschutz-service.berlin\/de\/wp-json\/wp\/v2\/pages"}],"about":[{"href":"https:\/\/brandschutz-service.berlin\/de\/wp-json\/wp\/v2\/types\/page"}],"author":[{"embeddable":true,"href":"https:\/\/brandschutz-service.berlin\/de\/wp-json\/wp\/v2\/users\/1"}],"replies":[{"embeddable":true,"href":"https:\/\/brandschutz-service.berlin\/de\/wp-json\/wp\/v2\/comments?post=1134"}],"version-history":[{"count":0,"href":"https:\/\/brandschutz-service.berlin\/de\/wp-json\/wp\/v2\/pages\/1134\/revisions"}],"up":[{"embeddable":true,"href":"https:\/\/brandschutz-service.berlin\/de\/wp-json\/wp\/v2\/pages\/1081"}],"wp:attachment":[{"href":"https:\/\/brandschutz-service.berlin\/de\/wp-json\/wp\/v2\/media?parent=1134"}],"curies":[{"name":"wp","href":"https:\/\/api.w.org\/{rel}","templated":true}]}}