{"id":1111,"date":"2025-10-17T08:18:24","date_gmt":"2025-10-17T06:18:24","guid":{"rendered":"https:\/\/brandschutz-service.berlin\/?page_id=1111"},"modified":"2025-11-06T13:32:07","modified_gmt":"2025-11-06T12:32:07","slug":"praevention-massnahmen","status":"publish","type":"page","link":"https:\/\/brandschutz-service.berlin\/de\/brandschutz-ratgeber\/praevention-massnahmen\/","title":{"rendered":"Pr\u00e4vention &amp; Ma\u00dfnahme"},"content":{"rendered":"","protected":false},"excerpt":{"rendered":"","protected":false},"author":1,"featured_media":0,"parent":1057,"menu_order":0,"comment_status":"closed","ping_status":"closed","template":"templates\/page-ratgeber-parent.php","meta":{"_acf_changed":false,"footnotes":""},"class_list":["post-1111","page","type-page","status-publish","hentry","entry"],"acf":[],"yoast_head":"<!-- This site is optimized with the Yoast SEO plugin v27.3 - https:\/\/yoast.com\/product\/yoast-seo-wordpress\/ -->\n<title>Brandschutz-Pr\u00e4vention: Risiken minimieren, Sicherheit erh\u00f6hen<\/title>\n<meta name=\"description\" content=\"Entdecken Sie effektive Brandschutzma\u00dfnahmen zur Vermeidung und Behebung von M\u00e4ngeln. Von Entrauchung \u00fcber Verpressung bis zu Rettungsweg-Piktogrammen.\" \/>\n<meta name=\"robots\" content=\"index, follow, max-snippet:-1, max-image-preview:large, max-video-preview:-1\" \/>\n<link rel=\"canonical\" href=\"https:\/\/brandschutz-service.berlin\/de\/brandschutz-ratgeber\/praevention-massnahmen\/\" \/>\n<meta property=\"og:locale\" content=\"de_DE\" \/>\n<meta property=\"og:type\" content=\"article\" \/>\n<meta property=\"og:title\" content=\"Brandschutz-Pr\u00e4vention: Risiken minimieren, Sicherheit erh\u00f6hen\" \/>\n<meta property=\"og:description\" content=\"Entdecken Sie effektive Brandschutzma\u00dfnahmen zur Vermeidung und Behebung von M\u00e4ngeln. Von Entrauchung \u00fcber Verpressung bis zu Rettungsweg-Piktogrammen.\" \/>\n<meta property=\"og:url\" content=\"https:\/\/brandschutz-service.berlin\/de\/brandschutz-ratgeber\/praevention-massnahmen\/\" \/>\n<meta property=\"og:site_name\" content=\"Brandschutz Service Berlin\" \/>\n<meta property=\"article:modified_time\" content=\"2025-11-06T12:32:07+00:00\" \/>\n<meta name=\"twitter:card\" content=\"summary_large_image\" \/>\n<script type=\"application\/ld+json\" class=\"yoast-schema-graph\">{\"@context\":\"https:\\\/\\\/schema.org\",\"@graph\":[{\"@type\":\"WebPage\",\"@id\":\"https:\\\/\\\/brandschutz-service.berlin\\\/de\\\/brandschutz-ratgeber\\\/praevention-massnahmen\\\/\",\"url\":\"https:\\\/\\\/brandschutz-service.berlin\\\/de\\\/brandschutz-ratgeber\\\/praevention-massnahmen\\\/\",\"name\":\"Brandschutz-Pr\u00e4vention: Risiken minimieren, Sicherheit erh\u00f6hen\",\"isPartOf\":{\"@id\":\"https:\\\/\\\/brandschutz-service.berlin\\\/de\\\/#website\"},\"datePublished\":\"2025-10-17T06:18:24+00:00\",\"dateModified\":\"2025-11-06T12:32:07+00:00\",\"description\":\"Entdecken Sie effektive Brandschutzma\u00dfnahmen zur Vermeidung und Behebung von M\u00e4ngeln. Von Entrauchung \u00fcber Verpressung bis zu Rettungsweg-Piktogrammen.\",\"breadcrumb\":{\"@id\":\"https:\\\/\\\/brandschutz-service.berlin\\\/de\\\/brandschutz-ratgeber\\\/praevention-massnahmen\\\/#breadcrumb\"},\"inLanguage\":\"de\",\"potentialAction\":[{\"@type\":\"ReadAction\",\"target\":[\"https:\\\/\\\/brandschutz-service.berlin\\\/de\\\/brandschutz-ratgeber\\\/praevention-massnahmen\\\/\"]}]},{\"@type\":\"BreadcrumbList\",\"@id\":\"https:\\\/\\\/brandschutz-service.berlin\\\/de\\\/brandschutz-ratgeber\\\/praevention-massnahmen\\\/#breadcrumb\",\"itemListElement\":[{\"@type\":\"ListItem\",\"position\":1,\"name\":\"Startseite\",\"item\":\"https:\\\/\\\/brandschutz-service.berlin\\\/de\\\/\"},{\"@type\":\"ListItem\",\"position\":2,\"name\":\"Brandschutz-Ratgeber\",\"item\":\"https:\\\/\\\/brandschutz-service.berlin\\\/de\\\/brandschutz-ratgeber\\\/\"},{\"@type\":\"ListItem\",\"position\":3,\"name\":\"Pr\u00e4vention &amp; Ma\u00dfnahme\"}]},{\"@type\":\"WebSite\",\"@id\":\"https:\\\/\\\/brandschutz-service.berlin\\\/de\\\/#website\",\"url\":\"https:\\\/\\\/brandschutz-service.berlin\\\/de\\\/\",\"name\":\"Brandschutz Service Berlin\",\"description\":\"\",\"potentialAction\":[{\"@type\":\"SearchAction\",\"target\":{\"@type\":\"EntryPoint\",\"urlTemplate\":\"https:\\\/\\\/brandschutz-service.berlin\\\/de\\\/?s={search_term_string}\"},\"query-input\":{\"@type\":\"PropertyValueSpecification\",\"valueRequired\":true,\"valueName\":\"search_term_string\"}}],\"inLanguage\":\"de\"}]}<\/script>\n<!-- \/ Yoast SEO plugin. -->","yoast_head_json":{"title":"Brandschutz-Pr\u00e4vention: Risiken minimieren, Sicherheit erh\u00f6hen","description":"Entdecken Sie effektive Brandschutzma\u00dfnahmen zur Vermeidung und Behebung von M\u00e4ngeln. Von Entrauchung \u00fcber Verpressung bis zu Rettungsweg-Piktogrammen.","robots":{"index":"index","follow":"follow","max-snippet":"max-snippet:-1","max-image-preview":"max-image-preview:large","max-video-preview":"max-video-preview:-1"},"canonical":"https:\/\/brandschutz-service.berlin\/de\/brandschutz-ratgeber\/praevention-massnahmen\/","og_locale":"de_DE","og_type":"article","og_title":"Brandschutz-Pr\u00e4vention: Risiken minimieren, Sicherheit erh\u00f6hen","og_description":"Entdecken Sie effektive Brandschutzma\u00dfnahmen zur Vermeidung und Behebung von M\u00e4ngeln. Von Entrauchung \u00fcber Verpressung bis zu Rettungsweg-Piktogrammen.","og_url":"https:\/\/brandschutz-service.berlin\/de\/brandschutz-ratgeber\/praevention-massnahmen\/","og_site_name":"Brandschutz Service Berlin","article_modified_time":"2025-11-06T12:32:07+00:00","twitter_card":"summary_large_image","schema":{"@context":"https:\/\/schema.org","@graph":[{"@type":"WebPage","@id":"https:\/\/brandschutz-service.berlin\/de\/brandschutz-ratgeber\/praevention-massnahmen\/","url":"https:\/\/brandschutz-service.berlin\/de\/brandschutz-ratgeber\/praevention-massnahmen\/","name":"Brandschutz-Pr\u00e4vention: Risiken minimieren, Sicherheit erh\u00f6hen","isPartOf":{"@id":"https:\/\/brandschutz-service.berlin\/de\/#website"},"datePublished":"2025-10-17T06:18:24+00:00","dateModified":"2025-11-06T12:32:07+00:00","description":"Entdecken Sie effektive Brandschutzma\u00dfnahmen zur Vermeidung und Behebung von M\u00e4ngeln. Von Entrauchung \u00fcber Verpressung bis zu Rettungsweg-Piktogrammen.","breadcrumb":{"@id":"https:\/\/brandschutz-service.berlin\/de\/brandschutz-ratgeber\/praevention-massnahmen\/#breadcrumb"},"inLanguage":"de","potentialAction":[{"@type":"ReadAction","target":["https:\/\/brandschutz-service.berlin\/de\/brandschutz-ratgeber\/praevention-massnahmen\/"]}]},{"@type":"BreadcrumbList","@id":"https:\/\/brandschutz-service.berlin\/de\/brandschutz-ratgeber\/praevention-massnahmen\/#breadcrumb","itemListElement":[{"@type":"ListItem","position":1,"name":"Startseite","item":"https:\/\/brandschutz-service.berlin\/de\/"},{"@type":"ListItem","position":2,"name":"Brandschutz-Ratgeber","item":"https:\/\/brandschutz-service.berlin\/de\/brandschutz-ratgeber\/"},{"@type":"ListItem","position":3,"name":"Pr\u00e4vention &amp; Ma\u00dfnahme"}]},{"@type":"WebSite","@id":"https:\/\/brandschutz-service.berlin\/de\/#website","url":"https:\/\/brandschutz-service.berlin\/de\/","name":"Brandschutz Service Berlin","description":"","potentialAction":[{"@type":"SearchAction","target":{"@type":"EntryPoint","urlTemplate":"https:\/\/brandschutz-service.berlin\/de\/?s={search_term_string}"},"query-input":{"@type":"PropertyValueSpecification","valueRequired":true,"valueName":"search_term_string"}}],"inLanguage":"de"}]}},"_links":{"self":[{"href":"https:\/\/brandschutz-service.berlin\/de\/wp-json\/wp\/v2\/pages\/1111","targetHints":{"allow":["GET"]}}],"collection":[{"href":"https:\/\/brandschutz-service.berlin\/de\/wp-json\/wp\/v2\/pages"}],"about":[{"href":"https:\/\/brandschutz-service.berlin\/de\/wp-json\/wp\/v2\/types\/page"}],"author":[{"embeddable":true,"href":"https:\/\/brandschutz-service.berlin\/de\/wp-json\/wp\/v2\/users\/1"}],"replies":[{"embeddable":true,"href":"https:\/\/brandschutz-service.berlin\/de\/wp-json\/wp\/v2\/comments?post=1111"}],"version-history":[{"count":0,"href":"https:\/\/brandschutz-service.berlin\/de\/wp-json\/wp\/v2\/pages\/1111\/revisions"}],"up":[{"embeddable":true,"href":"https:\/\/brandschutz-service.berlin\/de\/wp-json\/wp\/v2\/pages\/1057"}],"wp:attachment":[{"href":"https:\/\/brandschutz-service.berlin\/de\/wp-json\/wp\/v2\/media?parent=1111"}],"curies":[{"name":"wp","href":"https:\/\/api.w.org\/{rel}","templated":true}]}}