{"id":1104,"date":"2025-10-17T08:13:22","date_gmt":"2025-10-17T06:13:22","guid":{"rendered":"https:\/\/brandschutz-service.berlin\/?page_id=1104"},"modified":"2025-11-07T09:52:19","modified_gmt":"2025-11-07T08:52:19","slug":"loeschmittel-loeschanlagen","status":"publish","type":"page","link":"https:\/\/brandschutz-service.berlin\/de\/brandschutz-ratgeber\/loeschmittel-loeschanlagen\/","title":{"rendered":"L\u00f6schmittel &amp; L\u00f6schanlagen"},"content":{"rendered":"","protected":false},"excerpt":{"rendered":"","protected":false},"author":1,"featured_media":0,"parent":1057,"menu_order":0,"comment_status":"closed","ping_status":"closed","template":"templates\/page-ratgeber-parent.php","meta":{"_acf_changed":false,"footnotes":""},"class_list":["post-1104","page","type-page","status-publish","hentry","entry"],"acf":[],"yoast_head":"<!-- This site is optimized with the Yoast SEO plugin v27.3 - https:\/\/yoast.com\/product\/yoast-seo-wordpress\/ -->\n<title>Feuerl\u00f6scher &amp; L\u00f6schanlagen: Wartung, Pr\u00fcfung &amp; Auswahl<\/title>\n<meta name=\"description\" content=\"Informieren Sie sich \u00fcber L\u00f6schmitteleinheiten, Feuerl\u00f6scher-Pr\u00fcfung, Wartung und Kauf.\" \/>\n<meta name=\"robots\" content=\"index, follow, max-snippet:-1, max-image-preview:large, max-video-preview:-1\" \/>\n<link rel=\"canonical\" href=\"https:\/\/brandschutz-service.berlin\/de\/brandschutz-ratgeber\/loeschmittel-loeschanlagen\/\" \/>\n<meta property=\"og:locale\" content=\"de_DE\" \/>\n<meta property=\"og:type\" content=\"article\" \/>\n<meta property=\"og:title\" content=\"Feuerl\u00f6scher &amp; L\u00f6schanlagen: Wartung, Pr\u00fcfung &amp; Auswahl\" \/>\n<meta property=\"og:description\" content=\"Informieren Sie sich \u00fcber L\u00f6schmitteleinheiten, Feuerl\u00f6scher-Pr\u00fcfung, Wartung und Kauf.\" \/>\n<meta property=\"og:url\" content=\"https:\/\/brandschutz-service.berlin\/de\/brandschutz-ratgeber\/loeschmittel-loeschanlagen\/\" \/>\n<meta property=\"og:site_name\" content=\"Brandschutz Service Berlin\" \/>\n<meta property=\"article:modified_time\" content=\"2025-11-07T08:52:19+00:00\" \/>\n<meta name=\"twitter:card\" content=\"summary_large_image\" \/>\n<script type=\"application\/ld+json\" class=\"yoast-schema-graph\">{\"@context\":\"https:\\\/\\\/schema.org\",\"@graph\":[{\"@type\":\"WebPage\",\"@id\":\"https:\\\/\\\/brandschutz-service.berlin\\\/de\\\/brandschutz-ratgeber\\\/loeschmittel-loeschanlagen\\\/\",\"url\":\"https:\\\/\\\/brandschutz-service.berlin\\\/de\\\/brandschutz-ratgeber\\\/loeschmittel-loeschanlagen\\\/\",\"name\":\"Feuerl\u00f6scher & L\u00f6schanlagen: Wartung, Pr\u00fcfung & Auswahl\",\"isPartOf\":{\"@id\":\"https:\\\/\\\/brandschutz-service.berlin\\\/de\\\/#website\"},\"datePublished\":\"2025-10-17T06:13:22+00:00\",\"dateModified\":\"2025-11-07T08:52:19+00:00\",\"description\":\"Informieren Sie sich \u00fcber L\u00f6schmitteleinheiten, Feuerl\u00f6scher-Pr\u00fcfung, Wartung und Kauf.\",\"breadcrumb\":{\"@id\":\"https:\\\/\\\/brandschutz-service.berlin\\\/de\\\/brandschutz-ratgeber\\\/loeschmittel-loeschanlagen\\\/#breadcrumb\"},\"inLanguage\":\"de\",\"potentialAction\":[{\"@type\":\"ReadAction\",\"target\":[\"https:\\\/\\\/brandschutz-service.berlin\\\/de\\\/brandschutz-ratgeber\\\/loeschmittel-loeschanlagen\\\/\"]}]},{\"@type\":\"BreadcrumbList\",\"@id\":\"https:\\\/\\\/brandschutz-service.berlin\\\/de\\\/brandschutz-ratgeber\\\/loeschmittel-loeschanlagen\\\/#breadcrumb\",\"itemListElement\":[{\"@type\":\"ListItem\",\"position\":1,\"name\":\"Startseite\",\"item\":\"https:\\\/\\\/brandschutz-service.berlin\\\/de\\\/\"},{\"@type\":\"ListItem\",\"position\":2,\"name\":\"Brandschutz-Ratgeber\",\"item\":\"https:\\\/\\\/brandschutz-service.berlin\\\/de\\\/brandschutz-ratgeber\\\/\"},{\"@type\":\"ListItem\",\"position\":3,\"name\":\"L\u00f6schmittel &amp; L\u00f6schanlagen\"}]},{\"@type\":\"WebSite\",\"@id\":\"https:\\\/\\\/brandschutz-service.berlin\\\/de\\\/#website\",\"url\":\"https:\\\/\\\/brandschutz-service.berlin\\\/de\\\/\",\"name\":\"Brandschutz Service Berlin\",\"description\":\"\",\"potentialAction\":[{\"@type\":\"SearchAction\",\"target\":{\"@type\":\"EntryPoint\",\"urlTemplate\":\"https:\\\/\\\/brandschutz-service.berlin\\\/de\\\/?s={search_term_string}\"},\"query-input\":{\"@type\":\"PropertyValueSpecification\",\"valueRequired\":true,\"valueName\":\"search_term_string\"}}],\"inLanguage\":\"de\"}]}<\/script>\n<!-- \/ Yoast SEO plugin. -->","yoast_head_json":{"title":"Feuerl\u00f6scher & L\u00f6schanlagen: Wartung, Pr\u00fcfung & Auswahl","description":"Informieren Sie sich \u00fcber L\u00f6schmitteleinheiten, Feuerl\u00f6scher-Pr\u00fcfung, Wartung und Kauf.","robots":{"index":"index","follow":"follow","max-snippet":"max-snippet:-1","max-image-preview":"max-image-preview:large","max-video-preview":"max-video-preview:-1"},"canonical":"https:\/\/brandschutz-service.berlin\/de\/brandschutz-ratgeber\/loeschmittel-loeschanlagen\/","og_locale":"de_DE","og_type":"article","og_title":"Feuerl\u00f6scher & L\u00f6schanlagen: Wartung, Pr\u00fcfung & Auswahl","og_description":"Informieren Sie sich \u00fcber L\u00f6schmitteleinheiten, Feuerl\u00f6scher-Pr\u00fcfung, Wartung und Kauf.","og_url":"https:\/\/brandschutz-service.berlin\/de\/brandschutz-ratgeber\/loeschmittel-loeschanlagen\/","og_site_name":"Brandschutz Service Berlin","article_modified_time":"2025-11-07T08:52:19+00:00","twitter_card":"summary_large_image","schema":{"@context":"https:\/\/schema.org","@graph":[{"@type":"WebPage","@id":"https:\/\/brandschutz-service.berlin\/de\/brandschutz-ratgeber\/loeschmittel-loeschanlagen\/","url":"https:\/\/brandschutz-service.berlin\/de\/brandschutz-ratgeber\/loeschmittel-loeschanlagen\/","name":"Feuerl\u00f6scher & L\u00f6schanlagen: Wartung, Pr\u00fcfung & Auswahl","isPartOf":{"@id":"https:\/\/brandschutz-service.berlin\/de\/#website"},"datePublished":"2025-10-17T06:13:22+00:00","dateModified":"2025-11-07T08:52:19+00:00","description":"Informieren Sie sich \u00fcber L\u00f6schmitteleinheiten, Feuerl\u00f6scher-Pr\u00fcfung, Wartung und Kauf.","breadcrumb":{"@id":"https:\/\/brandschutz-service.berlin\/de\/brandschutz-ratgeber\/loeschmittel-loeschanlagen\/#breadcrumb"},"inLanguage":"de","potentialAction":[{"@type":"ReadAction","target":["https:\/\/brandschutz-service.berlin\/de\/brandschutz-ratgeber\/loeschmittel-loeschanlagen\/"]}]},{"@type":"BreadcrumbList","@id":"https:\/\/brandschutz-service.berlin\/de\/brandschutz-ratgeber\/loeschmittel-loeschanlagen\/#breadcrumb","itemListElement":[{"@type":"ListItem","position":1,"name":"Startseite","item":"https:\/\/brandschutz-service.berlin\/de\/"},{"@type":"ListItem","position":2,"name":"Brandschutz-Ratgeber","item":"https:\/\/brandschutz-service.berlin\/de\/brandschutz-ratgeber\/"},{"@type":"ListItem","position":3,"name":"L\u00f6schmittel &amp; L\u00f6schanlagen"}]},{"@type":"WebSite","@id":"https:\/\/brandschutz-service.berlin\/de\/#website","url":"https:\/\/brandschutz-service.berlin\/de\/","name":"Brandschutz Service Berlin","description":"","potentialAction":[{"@type":"SearchAction","target":{"@type":"EntryPoint","urlTemplate":"https:\/\/brandschutz-service.berlin\/de\/?s={search_term_string}"},"query-input":{"@type":"PropertyValueSpecification","valueRequired":true,"valueName":"search_term_string"}}],"inLanguage":"de"}]}},"_links":{"self":[{"href":"https:\/\/brandschutz-service.berlin\/de\/wp-json\/wp\/v2\/pages\/1104","targetHints":{"allow":["GET"]}}],"collection":[{"href":"https:\/\/brandschutz-service.berlin\/de\/wp-json\/wp\/v2\/pages"}],"about":[{"href":"https:\/\/brandschutz-service.berlin\/de\/wp-json\/wp\/v2\/types\/page"}],"author":[{"embeddable":true,"href":"https:\/\/brandschutz-service.berlin\/de\/wp-json\/wp\/v2\/users\/1"}],"replies":[{"embeddable":true,"href":"https:\/\/brandschutz-service.berlin\/de\/wp-json\/wp\/v2\/comments?post=1104"}],"version-history":[{"count":0,"href":"https:\/\/brandschutz-service.berlin\/de\/wp-json\/wp\/v2\/pages\/1104\/revisions"}],"up":[{"embeddable":true,"href":"https:\/\/brandschutz-service.berlin\/de\/wp-json\/wp\/v2\/pages\/1057"}],"wp:attachment":[{"href":"https:\/\/brandschutz-service.berlin\/de\/wp-json\/wp\/v2\/media?parent=1104"}],"curies":[{"name":"wp","href":"https:\/\/api.w.org\/{rel}","templated":true}]}}