{"id":1089,"date":"2025-10-17T07:55:50","date_gmt":"2025-10-17T05:55:50","guid":{"rendered":"https:\/\/brandschutz-service.berlin\/?page_id=1089"},"modified":"2025-11-06T12:51:21","modified_gmt":"2025-11-06T11:51:21","slug":"materialien-bauteile","status":"publish","type":"page","link":"https:\/\/brandschutz-service.berlin\/de\/brandschutz-ratgeber\/materialien-bauteile\/","title":{"rendered":"Materialien &amp; Bauteile"},"content":{"rendered":"","protected":false},"excerpt":{"rendered":"","protected":false},"author":1,"featured_media":0,"parent":1057,"menu_order":0,"comment_status":"closed","ping_status":"closed","template":"templates\/page-ratgeber-parent.php","meta":{"_acf_changed":false,"footnotes":""},"class_list":["post-1089","page","type-page","status-publish","hentry","entry"],"acf":[],"yoast_head":"<!-- This site is optimized with the Yoast SEO plugin v27.3 - https:\/\/yoast.com\/product\/yoast-seo-wordpress\/ -->\n<title>Brandschutz Materialien &amp; Bauteile: Sicher Bauen im Brandschutz<\/title>\n<meta name=\"description\" content=\"Alles \u00fcber Brandschutzklassen von Glas, T\u00fcren und Stahl. Finden Sie Informationen zu Brandschutzbeschichtungen, Verkleidungen und Nachweisen f\u00fcr sichere Bauteile\" \/>\n<meta name=\"robots\" content=\"index, follow, max-snippet:-1, max-image-preview:large, max-video-preview:-1\" \/>\n<link rel=\"canonical\" href=\"https:\/\/brandschutz-service.berlin\/de\/brandschutz-ratgeber\/materialien-bauteile\/\" \/>\n<meta property=\"og:locale\" content=\"de_DE\" \/>\n<meta property=\"og:type\" content=\"article\" \/>\n<meta property=\"og:title\" content=\"Brandschutz Materialien &amp; Bauteile: Sicher Bauen im Brandschutz\" \/>\n<meta property=\"og:description\" content=\"Alles \u00fcber Brandschutzklassen von Glas, T\u00fcren und Stahl. Finden Sie Informationen zu Brandschutzbeschichtungen, Verkleidungen und Nachweisen f\u00fcr sichere Bauteile\" \/>\n<meta property=\"og:url\" content=\"https:\/\/brandschutz-service.berlin\/de\/brandschutz-ratgeber\/materialien-bauteile\/\" \/>\n<meta property=\"og:site_name\" content=\"Brandschutz Service Berlin\" \/>\n<meta property=\"article:modified_time\" content=\"2025-11-06T11:51:21+00:00\" \/>\n<meta name=\"twitter:card\" content=\"summary_large_image\" \/>\n<script type=\"application\/ld+json\" class=\"yoast-schema-graph\">{\"@context\":\"https:\\\/\\\/schema.org\",\"@graph\":[{\"@type\":\"WebPage\",\"@id\":\"https:\\\/\\\/brandschutz-service.berlin\\\/de\\\/brandschutz-ratgeber\\\/materialien-bauteile\\\/\",\"url\":\"https:\\\/\\\/brandschutz-service.berlin\\\/de\\\/brandschutz-ratgeber\\\/materialien-bauteile\\\/\",\"name\":\"Brandschutz Materialien & Bauteile: Sicher Bauen im Brandschutz\",\"isPartOf\":{\"@id\":\"https:\\\/\\\/brandschutz-service.berlin\\\/de\\\/#website\"},\"datePublished\":\"2025-10-17T05:55:50+00:00\",\"dateModified\":\"2025-11-06T11:51:21+00:00\",\"description\":\"Alles \u00fcber Brandschutzklassen von Glas, T\u00fcren und Stahl. Finden Sie Informationen zu Brandschutzbeschichtungen, Verkleidungen und Nachweisen f\u00fcr sichere Bauteile\",\"breadcrumb\":{\"@id\":\"https:\\\/\\\/brandschutz-service.berlin\\\/de\\\/brandschutz-ratgeber\\\/materialien-bauteile\\\/#breadcrumb\"},\"inLanguage\":\"de\",\"potentialAction\":[{\"@type\":\"ReadAction\",\"target\":[\"https:\\\/\\\/brandschutz-service.berlin\\\/de\\\/brandschutz-ratgeber\\\/materialien-bauteile\\\/\"]}]},{\"@type\":\"BreadcrumbList\",\"@id\":\"https:\\\/\\\/brandschutz-service.berlin\\\/de\\\/brandschutz-ratgeber\\\/materialien-bauteile\\\/#breadcrumb\",\"itemListElement\":[{\"@type\":\"ListItem\",\"position\":1,\"name\":\"Startseite\",\"item\":\"https:\\\/\\\/brandschutz-service.berlin\\\/de\\\/\"},{\"@type\":\"ListItem\",\"position\":2,\"name\":\"Brandschutz-Ratgeber\",\"item\":\"https:\\\/\\\/brandschutz-service.berlin\\\/de\\\/brandschutz-ratgeber\\\/\"},{\"@type\":\"ListItem\",\"position\":3,\"name\":\"Materialien &amp; Bauteile\"}]},{\"@type\":\"WebSite\",\"@id\":\"https:\\\/\\\/brandschutz-service.berlin\\\/de\\\/#website\",\"url\":\"https:\\\/\\\/brandschutz-service.berlin\\\/de\\\/\",\"name\":\"Brandschutz Service Berlin\",\"description\":\"\",\"potentialAction\":[{\"@type\":\"SearchAction\",\"target\":{\"@type\":\"EntryPoint\",\"urlTemplate\":\"https:\\\/\\\/brandschutz-service.berlin\\\/de\\\/?s={search_term_string}\"},\"query-input\":{\"@type\":\"PropertyValueSpecification\",\"valueRequired\":true,\"valueName\":\"search_term_string\"}}],\"inLanguage\":\"de\"}]}<\/script>\n<!-- \/ Yoast SEO plugin. -->","yoast_head_json":{"title":"Brandschutz Materialien & Bauteile: Sicher Bauen im Brandschutz","description":"Alles \u00fcber Brandschutzklassen von Glas, T\u00fcren und Stahl. Finden Sie Informationen zu Brandschutzbeschichtungen, Verkleidungen und Nachweisen f\u00fcr sichere Bauteile","robots":{"index":"index","follow":"follow","max-snippet":"max-snippet:-1","max-image-preview":"max-image-preview:large","max-video-preview":"max-video-preview:-1"},"canonical":"https:\/\/brandschutz-service.berlin\/de\/brandschutz-ratgeber\/materialien-bauteile\/","og_locale":"de_DE","og_type":"article","og_title":"Brandschutz Materialien & Bauteile: Sicher Bauen im Brandschutz","og_description":"Alles \u00fcber Brandschutzklassen von Glas, T\u00fcren und Stahl. Finden Sie Informationen zu Brandschutzbeschichtungen, Verkleidungen und Nachweisen f\u00fcr sichere Bauteile","og_url":"https:\/\/brandschutz-service.berlin\/de\/brandschutz-ratgeber\/materialien-bauteile\/","og_site_name":"Brandschutz Service Berlin","article_modified_time":"2025-11-06T11:51:21+00:00","twitter_card":"summary_large_image","schema":{"@context":"https:\/\/schema.org","@graph":[{"@type":"WebPage","@id":"https:\/\/brandschutz-service.berlin\/de\/brandschutz-ratgeber\/materialien-bauteile\/","url":"https:\/\/brandschutz-service.berlin\/de\/brandschutz-ratgeber\/materialien-bauteile\/","name":"Brandschutz Materialien & Bauteile: Sicher Bauen im Brandschutz","isPartOf":{"@id":"https:\/\/brandschutz-service.berlin\/de\/#website"},"datePublished":"2025-10-17T05:55:50+00:00","dateModified":"2025-11-06T11:51:21+00:00","description":"Alles \u00fcber Brandschutzklassen von Glas, T\u00fcren und Stahl. Finden Sie Informationen zu Brandschutzbeschichtungen, Verkleidungen und Nachweisen f\u00fcr sichere Bauteile","breadcrumb":{"@id":"https:\/\/brandschutz-service.berlin\/de\/brandschutz-ratgeber\/materialien-bauteile\/#breadcrumb"},"inLanguage":"de","potentialAction":[{"@type":"ReadAction","target":["https:\/\/brandschutz-service.berlin\/de\/brandschutz-ratgeber\/materialien-bauteile\/"]}]},{"@type":"BreadcrumbList","@id":"https:\/\/brandschutz-service.berlin\/de\/brandschutz-ratgeber\/materialien-bauteile\/#breadcrumb","itemListElement":[{"@type":"ListItem","position":1,"name":"Startseite","item":"https:\/\/brandschutz-service.berlin\/de\/"},{"@type":"ListItem","position":2,"name":"Brandschutz-Ratgeber","item":"https:\/\/brandschutz-service.berlin\/de\/brandschutz-ratgeber\/"},{"@type":"ListItem","position":3,"name":"Materialien &amp; Bauteile"}]},{"@type":"WebSite","@id":"https:\/\/brandschutz-service.berlin\/de\/#website","url":"https:\/\/brandschutz-service.berlin\/de\/","name":"Brandschutz Service Berlin","description":"","potentialAction":[{"@type":"SearchAction","target":{"@type":"EntryPoint","urlTemplate":"https:\/\/brandschutz-service.berlin\/de\/?s={search_term_string}"},"query-input":{"@type":"PropertyValueSpecification","valueRequired":true,"valueName":"search_term_string"}}],"inLanguage":"de"}]}},"_links":{"self":[{"href":"https:\/\/brandschutz-service.berlin\/de\/wp-json\/wp\/v2\/pages\/1089","targetHints":{"allow":["GET"]}}],"collection":[{"href":"https:\/\/brandschutz-service.berlin\/de\/wp-json\/wp\/v2\/pages"}],"about":[{"href":"https:\/\/brandschutz-service.berlin\/de\/wp-json\/wp\/v2\/types\/page"}],"author":[{"embeddable":true,"href":"https:\/\/brandschutz-service.berlin\/de\/wp-json\/wp\/v2\/users\/1"}],"replies":[{"embeddable":true,"href":"https:\/\/brandschutz-service.berlin\/de\/wp-json\/wp\/v2\/comments?post=1089"}],"version-history":[{"count":0,"href":"https:\/\/brandschutz-service.berlin\/de\/wp-json\/wp\/v2\/pages\/1089\/revisions"}],"up":[{"embeddable":true,"href":"https:\/\/brandschutz-service.berlin\/de\/wp-json\/wp\/v2\/pages\/1057"}],"wp:attachment":[{"href":"https:\/\/brandschutz-service.berlin\/de\/wp-json\/wp\/v2\/media?parent=1089"}],"curies":[{"name":"wp","href":"https:\/\/api.w.org\/{rel}","templated":true}]}}